{"id":215684,"date":"2022-11-17T15:55:48","date_gmt":"2022-11-17T15:55:48","guid":{"rendered":"https:\/\/www.delicias-uk.com\/product\/queijo-prisca-serra-da-estrela-dop-500g\/"},"modified":"2026-03-27T21:49:53","modified_gmt":"2026-03-27T21:49:53","slug":"queijo-prisca-serra-da-estrela-dop-500g","status":"publish","type":"product","link":"https:\/\/www.delicias-uk.com\/pt-pt\/produto\/queijo-prisca-serra-da-estrela-dop-500g\/","title":{"rendered":"Queijo DOP Serra da Estrela Prisca 500g"},"content":{"rendered":"<p class=\"MsoNormal\">A Casa Prisca traz at\u00e9 si a excel\u00eancia das mais verdes pastagens da regi\u00e3o da Serra da Estrela apresentando-lhe um magn\u00edfico Queijo de Ovelha.<\/p>\n<p class=\"MsoNormal\">De uma qualidade reconhecida al\u00e9m fronteiras, as suas caracter\u00edsticas organol\u00e9pticas, muito apreciadas, est\u00e3o intimamente ligadas \u00e0s pastagens onde se alimentam os animais. De sabor e aroma caracter\u00edsticos \u00e9 uma descoberta a cada nova degusta\u00e7\u00e3o, maravilhando com as suas fragr\u00e2ncias humildes e naturais e o seu gosto t\u00e3o familiar.<\/p>\n<p class=\"MsoNormal\">Surpreenda-se com a versatilidade que o mesmo apresenta combinando-o com compotas ou marmeladas, adorne os seus pratos com uma j\u00f3ia da gastronomia que ir\u00e1 seduzir o seu paladar e enriquecer a sua mesa com momentos de natureza.<\/p>\n","protected":false},"excerpt":{"rendered":"<ul style=\"list-style-type:disc;\">\n<li>Peso l\u00edquido 500g<\/li>\n<li>Queijo de ovelha<\/li>\n<li>Produto Portugu\u00eas<\/li>\n<\/ul>\n","protected":false},"author":43533,"featured_media":92302,"comment_status":"open","ping_status":"closed","template":"","meta":[],"pwb-brand":[],"product_brand":[],"product_cat":[9322,9323,8289,8291,8487,8753,8499],"product_tag":[],"class_list":{"0":"post-215684","1":"product","2":"type-product","3":"status-publish","4":"has-post-thumbnail","6":"product_cat-salgados-de-natal","7":"product_cat-selecao-de-queijos","8":"product_cat-inicio","9":"product_cat-produtos-portugueses","10":"product_cat-queijos","11":"product_cat-ovelha-pt-pt","12":"product_cat-sem-glutem","14":"first","15":"instock","16":"taxable","17":"shipping-taxable","18":"purchasable","19":"product-type-simple"},"aioseo_notices":[],"brands":[],"_links":{"self":[{"href":"https:\/\/www.delicias-uk.com\/pt-pt\/wp-json\/wp\/v2\/product\/215684","targetHints":{"allow":["GET"]}}],"collection":[{"href":"https:\/\/www.delicias-uk.com\/pt-pt\/wp-json\/wp\/v2\/product"}],"about":[{"href":"https:\/\/www.delicias-uk.com\/pt-pt\/wp-json\/wp\/v2\/types\/product"}],"author":[{"embeddable":true,"href":"https:\/\/www.delicias-uk.com\/pt-pt\/wp-json\/wp\/v2\/users\/43533"}],"replies":[{"embeddable":true,"href":"https:\/\/www.delicias-uk.com\/pt-pt\/wp-json\/wp\/v2\/comments?post=215684"}],"wp:featuredmedia":[{"embeddable":true,"href":"https:\/\/www.delicias-uk.com\/pt-pt\/wp-json\/wp\/v2\/media\/92302"}],"wp:attachment":[{"href":"https:\/\/www.delicias-uk.com\/pt-pt\/wp-json\/wp\/v2\/media?parent=215684"}],"wp:term":[{"taxonomy":"pwb-brand","embeddable":true,"href":"https:\/\/www.delicias-uk.com\/pt-pt\/wp-json\/wp\/v2\/pwb-brand?post=215684"},{"taxonomy":"product_brand","embeddable":true,"href":"https:\/\/www.delicias-uk.com\/pt-pt\/wp-json\/wp\/v2\/product_brand?post=215684"},{"taxonomy":"product_cat","embeddable":true,"href":"https:\/\/www.delicias-uk.com\/pt-pt\/wp-json\/wp\/v2\/product_cat?post=215684"},{"taxonomy":"product_tag","embeddable":true,"href":"https:\/\/www.delicias-uk.com\/pt-pt\/wp-json\/wp\/v2\/product_tag?post=215684"}],"curies":[{"name":"wp","href":"https:\/\/api.w.org\/{rel}","templated":true}]}}