{"id":215662,"date":"2022-11-14T14:44:30","date_gmt":"2022-11-14T14:44:30","guid":{"rendered":"https:\/\/www.delicias-uk.com\/product\/polvilho-azedo-amafil-500g\/"},"modified":"2026-03-11T10:41:06","modified_gmt":"2026-03-11T10:41:06","slug":"polvilho-azedo-amafil-500g","status":"publish","type":"product","link":"https:\/\/www.delicias-uk.com\/pt-pt\/produto\/polvilho-azedo-amafil-500g\/","title":{"rendered":"Polvilho Azedo Amafil 500g"},"content":{"rendered":"<p><span style=\"font-family:Calibri;font-size:16px;text-align:justify\">O Polvilho Azedo \u00e9 um produto brasileiro feito com 100% de amido de Mandioca, muitas vezes utilizado para fazer a tradicional \u201cFarofa\u201d, acompanhamento para pratos de carne, peixe ou legumes. A \u201cFarofa\u201d tamb\u00e9m \u00e9 muito popular em \u00c1frica. Sem gl\u00faten.<\/span><\/p>\n","protected":false},"excerpt":{"rendered":"<div class=\"OutlineElement Ltr SCXW1683186 BCX8\" style=\"margin:0px;padding:0px;clear:both;font-family:'Segoe UI', 'Segoe UI Web', Arial, Verdana, sans-serif;font-size:12px;background-color:#ffffff\">\n<p class=\"Paragraph SCXW1683186 BCX8\" xml:lang=\"pt-br\" lang=\"pt-br\" style=\"margin:0px 0px 10.6667px;padding:0px;vertical-align:baseline;background-color:transparent\"><span xml:lang=\"pt-br\" lang=\"pt-br\" class=\"TextRun SCXW1683186 BCX8\" style=\"margin:0px;padding:0px;font-size:11pt;line-height:19.7625px;font-family:Calibri, 'Calibri_EmbeddedFont', 'Calibri_MSFontService', sans-serif\"><span class=\"NormalTextRun SCXW1683186 BCX8\" style=\"margin:0px;padding:0px\">. <\/span><span class=\"NormalTextRun SCXW1683186 BCX8\" style=\"margin:0px;padding:0px\">F<\/span><span class=\"NormalTextRun SCXW1683186 BCX8\" style=\"margin:0px;padding:0px\">abricados a partir da decanta\u00e7\u00e3o da mandioca<\/span><\/span><span class=\"EOP SCXW1683186 BCX8\" style=\"margin:0px;padding:0px;font-size:11pt;line-height:19.7625px;font-family:Calibri, 'Calibri_EmbeddedFont', 'Calibri_MSFontService', sans-serif\">\u00a0<\/span><\/p>\n<\/p><\/div>\n<div class=\"OutlineElement Ltr SCXW1683186 BCX8\" style=\"margin:0px;padding:0px;clear:both;font-family:'Segoe UI', 'Segoe UI Web', Arial, Verdana, sans-serif;font-size:12px;background-color:#ffffff\">\n<p class=\"Paragraph SCXW1683186 BCX8\" xml:lang=\"pt-br\" lang=\"pt-br\" style=\"margin:0px 0px 10.6667px;padding:0px;vertical-align:baseline;background-color:transparent\"><span xml:lang=\"pt-br\" lang=\"pt-br\" class=\"TextRun SCXW1683186 BCX8\" style=\"margin:0px;padding:0px;font-size:11pt;line-height:19.7625px;font-family:Calibri, 'Calibri_EmbeddedFont', 'Calibri_MSFontService', sans-serif\"><span class=\"NormalTextRun SCXW1683186 BCX8\" style=\"margin:0px;padding:0px\">. <\/span><span class=\"NormalTextRun SCXW1683186 BCX8\" style=\"margin:0px;padding:0px\">Polvilho Azedo<\/span><span class=\"NormalTextRun SCXW1683186 BCX8\" style=\"margin:0px;padding:0px\">\u00a0ir\u00e1 promover expans\u00e3o e croc\u00e2ncia as massas<\/span><\/span><span class=\"EOP SCXW1683186 BCX8\" style=\"margin:0px;padding:0px;font-size:11pt;line-height:19.7625px;font-family:Calibri, 'Calibri_EmbeddedFont', 'Calibri_MSFontService', sans-serif\">\u00a0<\/span><\/p>\n<\/p><\/div>\n<div class=\"OutlineElement Ltr SCXW1683186 BCX8\" style=\"margin:0px;padding:0px;clear:both;font-family:'Segoe UI', 'Segoe UI Web', Arial, Verdana, sans-serif;font-size:12px;background-color:#ffffff\">\n<p class=\"Paragraph SCXW1683186 BCX8\" xml:lang=\"pt-br\" lang=\"pt-br\" style=\"margin:0px 0px 10.6667px;padding:0px;vertical-align:baseline;background-color:transparent\"><span xml:lang=\"pt-br\" lang=\"pt-br\" class=\"TextRun SCXW1683186 BCX8\" style=\"margin:0px;padding:0px;font-size:11pt;line-height:19.7625px;font-family:Calibri, 'Calibri_EmbeddedFont', 'Calibri_MSFontService', sans-serif\"><span class=\"NormalTextRun SCXW1683186 BCX8\" style=\"margin:0px;padding:0px\">. <\/span><span class=\"NormalTextRun SCXW1683186 BCX8\" style=\"margin:0px;padding:0px\">Indicado para receitas salgadas como biscoito, pastel de forno ou torta<\/span><\/span><span class=\"EOP SCXW1683186 BCX8\" style=\"margin:0px;padding:0px;font-size:11pt;line-height:19.7625px;font-family:Calibri, 'Calibri_EmbeddedFont', 'Calibri_MSFontService', sans-serif\"> <\/span><\/p>\n<\/p><\/div>\n","protected":false},"author":43533,"featured_media":225867,"comment_status":"open","ping_status":"closed","template":"","meta":[],"pwb-brand":[],"product_brand":[],"product_cat":[8289,8293,8401,8517,8711],"product_tag":[],"class_list":{"0":"post-215662","1":"product","2":"type-product","3":"status-publish","4":"has-post-thumbnail","6":"product_cat-inicio","7":"product_cat-produtos-brasileiros","8":"product_cat-mercearia-pt-pt","9":"product_cat-farinhas-e-graos","10":"product_cat-farinha-de-mandioca","12":"first","13":"outofstock","14":"taxable","15":"shipping-taxable","16":"purchasable","17":"product-type-simple"},"aioseo_notices":[],"brands":[],"_links":{"self":[{"href":"https:\/\/www.delicias-uk.com\/pt-pt\/wp-json\/wp\/v2\/product\/215662","targetHints":{"allow":["GET"]}}],"collection":[{"href":"https:\/\/www.delicias-uk.com\/pt-pt\/wp-json\/wp\/v2\/product"}],"about":[{"href":"https:\/\/www.delicias-uk.com\/pt-pt\/wp-json\/wp\/v2\/types\/product"}],"author":[{"embeddable":true,"href":"https:\/\/www.delicias-uk.com\/pt-pt\/wp-json\/wp\/v2\/users\/43533"}],"replies":[{"embeddable":true,"href":"https:\/\/www.delicias-uk.com\/pt-pt\/wp-json\/wp\/v2\/comments?post=215662"}],"wp:featuredmedia":[{"embeddable":true,"href":"https:\/\/www.delicias-uk.com\/pt-pt\/wp-json\/wp\/v2\/media\/225867"}],"wp:attachment":[{"href":"https:\/\/www.delicias-uk.com\/pt-pt\/wp-json\/wp\/v2\/media?parent=215662"}],"wp:term":[{"taxonomy":"pwb-brand","embeddable":true,"href":"https:\/\/www.delicias-uk.com\/pt-pt\/wp-json\/wp\/v2\/pwb-brand?post=215662"},{"taxonomy":"product_brand","embeddable":true,"href":"https:\/\/www.delicias-uk.com\/pt-pt\/wp-json\/wp\/v2\/product_brand?post=215662"},{"taxonomy":"product_cat","embeddable":true,"href":"https:\/\/www.delicias-uk.com\/pt-pt\/wp-json\/wp\/v2\/product_cat?post=215662"},{"taxonomy":"product_tag","embeddable":true,"href":"https:\/\/www.delicias-uk.com\/pt-pt\/wp-json\/wp\/v2\/product_tag?post=215662"}],"curies":[{"name":"wp","href":"https:\/\/api.w.org\/{rel}","templated":true}]}}