{"id":215642,"date":"2022-11-09T15:39:52","date_gmt":"2022-11-09T15:39:52","guid":{"rendered":"https:\/\/www.delicias-uk.com\/product\/pao-pre-cozido-congelado-chapata-rustica-epa-140g-x-6\/"},"modified":"2025-09-10T12:52:58","modified_gmt":"2025-09-10T11:52:58","slug":"pao-pre-cozido-chapata-rustica-epa-140g-x-6","status":"publish","type":"product","link":"https:\/\/www.delicias-uk.com\/pt-pt\/produto\/pao-pre-cozido-chapata-rustica-epa-140g-x-6\/","title":{"rendered":"P\u00e3o Pr\u00e9-Cozido Chapata Rustica Epa 140g x 6"},"content":{"rendered":"<p data-start=\"104\" data-end=\"378\">O <strong data-start=\"133\" data-end=\"176\">P\u00e3o Pr\u00e9-cozido Chapata R\u00fastica EPA <\/strong>\u00e9 ideal para quem aprecia o sabor e a textura de um p\u00e3o fresco acabado de sair do forno. Produzido com ingredientes selecionados, apresenta uma crosta dourada e estaladi\u00e7a, com miolo macio e arejado.<\/p>\n<p data-start=\"380\" data-end=\"577\">Pronto a terminar no forno em poucos minutos, este p\u00e3o combina praticidade e qualidade, sendo perfeito para acompanhar refei\u00e7\u00f5es, preparar sandu\u00edches ou servir como entrada com azeite e temperos.<\/p>\n<p data-start=\"579\" data-end=\"706\"><strong data-start=\"579\" data-end=\"602\">Modo de prepara\u00e7\u00e3o:<\/strong> Basta aquecer no forno pr\u00e9-aquecido a 200 \u00b0C durante 8 a 10 minutos at\u00e9 atingir a croc\u00e2ncia desejada.<\/p>\n<p data-start=\"579\" data-end=\"706\">\n<p>Produto congelado. Ser\u00e1 descongelado durante o processo de transporte. Condicionado com materiais termicos (caixa ou bolsa) e gelo.<\/p>\n","protected":false},"excerpt":{"rendered":"<ul>\n<li>Pao Pre-Cozido<\/li>\n<li>Produto Congelado<\/li>\n<li>Chapata Rustica<\/li>\n<\/ul>\n","protected":false},"author":43533,"featured_media":235199,"comment_status":"open","ping_status":"closed","template":"","meta":[],"pwb-brand":[],"product_brand":[],"product_cat":[8289,8305,8313],"product_tag":[],"class_list":{"0":"post-215642","1":"product","2":"type-product","3":"status-publish","4":"has-post-thumbnail","6":"product_cat-inicio","7":"product_cat-produtos-congelados","8":"product_cat-pao-congelado","10":"first","11":"instock","12":"taxable","13":"shipping-taxable","14":"purchasable","15":"product-type-simple"},"aioseo_notices":[],"brands":[],"_links":{"self":[{"href":"https:\/\/www.delicias-uk.com\/pt-pt\/wp-json\/wp\/v2\/product\/215642","targetHints":{"allow":["GET"]}}],"collection":[{"href":"https:\/\/www.delicias-uk.com\/pt-pt\/wp-json\/wp\/v2\/product"}],"about":[{"href":"https:\/\/www.delicias-uk.com\/pt-pt\/wp-json\/wp\/v2\/types\/product"}],"author":[{"embeddable":true,"href":"https:\/\/www.delicias-uk.com\/pt-pt\/wp-json\/wp\/v2\/users\/43533"}],"replies":[{"embeddable":true,"href":"https:\/\/www.delicias-uk.com\/pt-pt\/wp-json\/wp\/v2\/comments?post=215642"}],"wp:featuredmedia":[{"embeddable":true,"href":"https:\/\/www.delicias-uk.com\/pt-pt\/wp-json\/wp\/v2\/media\/235199"}],"wp:attachment":[{"href":"https:\/\/www.delicias-uk.com\/pt-pt\/wp-json\/wp\/v2\/media?parent=215642"}],"wp:term":[{"taxonomy":"pwb-brand","embeddable":true,"href":"https:\/\/www.delicias-uk.com\/pt-pt\/wp-json\/wp\/v2\/pwb-brand?post=215642"},{"taxonomy":"product_brand","embeddable":true,"href":"https:\/\/www.delicias-uk.com\/pt-pt\/wp-json\/wp\/v2\/product_brand?post=215642"},{"taxonomy":"product_cat","embeddable":true,"href":"https:\/\/www.delicias-uk.com\/pt-pt\/wp-json\/wp\/v2\/product_cat?post=215642"},{"taxonomy":"product_tag","embeddable":true,"href":"https:\/\/www.delicias-uk.com\/pt-pt\/wp-json\/wp\/v2\/product_tag?post=215642"}],"curies":[{"name":"wp","href":"https:\/\/api.w.org\/{rel}","templated":true}]}}