{"id":215620,"date":"2022-10-27T12:04:31","date_gmt":"2022-10-27T12:04:31","guid":{"rendered":"https:\/\/www.delicias-uk.com\/product\/moscatel-mural-de-favaios-75cl-2\/"},"modified":"2025-11-27T20:55:15","modified_gmt":"2025-11-27T20:55:15","slug":"moscatel-mural-de-favaios-75cl-2","status":"publish","type":"product","link":"https:\/\/www.delicias-uk.com\/pt-pt\/produto\/moscatel-mural-de-favaios-75cl-2\/","title":{"rendered":"Moscatel Mural de Favaios 75cl"},"content":{"rendered":"<p>Produzido a partir da casta Moscatel Galego, o Mural de Favaios apresenta uma cor amarelo dourado. Na boca apresenta um bom equil\u00edbrio entre do\u00e7ura e acidez, com casca de laranja e sabores secos que foram real\u00e7ados pelo cuidadoso est\u00e1gio em barricas de carvalho. O final \u00e9 fresco e complexo, sendo a combina\u00e7\u00e3o perfeita para acompanhar sobremesas de fruta fresca, souffl\u00e9s e sobremesas de natas frescas.<\/p>\n","protected":false},"excerpt":{"rendered":"<p>Produzido a partir da casta Moscatel Galego, o Mural de Favaios apresenta uma cor amarelo dourado. Na boca apresenta um bom equil\u00edbrio entre do\u00e7ura e acidez, com casca de laranja e sabores secos que foram real\u00e7ados pelo cuidadoso est\u00e1gio em barricas de carvalho. O final \u00e9 fresco e complexo, sendo a combina\u00e7\u00e3o perfeita para acompanhar [&hellip;]<\/p>\n","protected":false},"author":43533,"featured_media":92154,"comment_status":"open","ping_status":"closed","template":"","meta":[],"pwb-brand":[],"product_brand":[],"product_cat":[9344,8289,8291,8431,8627],"product_tag":[],"class_list":{"0":"post-215620","1":"product","2":"type-product","3":"status-publish","4":"has-post-thumbnail","6":"product_cat-vinho-fortificado","7":"product_cat-inicio","8":"product_cat-produtos-portugueses","9":"product_cat-vinhos-pt-pt","10":"product_cat-moscatel","12":"first","13":"instock","14":"taxable","15":"shipping-taxable","16":"purchasable","17":"product-type-simple"},"aioseo_notices":[],"brands":[],"_links":{"self":[{"href":"https:\/\/www.delicias-uk.com\/pt-pt\/wp-json\/wp\/v2\/product\/215620","targetHints":{"allow":["GET"]}}],"collection":[{"href":"https:\/\/www.delicias-uk.com\/pt-pt\/wp-json\/wp\/v2\/product"}],"about":[{"href":"https:\/\/www.delicias-uk.com\/pt-pt\/wp-json\/wp\/v2\/types\/product"}],"author":[{"embeddable":true,"href":"https:\/\/www.delicias-uk.com\/pt-pt\/wp-json\/wp\/v2\/users\/43533"}],"replies":[{"embeddable":true,"href":"https:\/\/www.delicias-uk.com\/pt-pt\/wp-json\/wp\/v2\/comments?post=215620"}],"wp:featuredmedia":[{"embeddable":true,"href":"https:\/\/www.delicias-uk.com\/pt-pt\/wp-json\/wp\/v2\/media\/92154"}],"wp:attachment":[{"href":"https:\/\/www.delicias-uk.com\/pt-pt\/wp-json\/wp\/v2\/media?parent=215620"}],"wp:term":[{"taxonomy":"pwb-brand","embeddable":true,"href":"https:\/\/www.delicias-uk.com\/pt-pt\/wp-json\/wp\/v2\/pwb-brand?post=215620"},{"taxonomy":"product_brand","embeddable":true,"href":"https:\/\/www.delicias-uk.com\/pt-pt\/wp-json\/wp\/v2\/product_brand?post=215620"},{"taxonomy":"product_cat","embeddable":true,"href":"https:\/\/www.delicias-uk.com\/pt-pt\/wp-json\/wp\/v2\/product_cat?post=215620"},{"taxonomy":"product_tag","embeddable":true,"href":"https:\/\/www.delicias-uk.com\/pt-pt\/wp-json\/wp\/v2\/product_tag?post=215620"}],"curies":[{"name":"wp","href":"https:\/\/api.w.org\/{rel}","templated":true}]}}