{"id":215582,"date":"2022-10-26T15:49:28","date_gmt":"2022-10-26T14:49:28","guid":{"rendered":"https:\/\/www.delicias-uk.com\/product\/farinha-de-milho-pan-amarela-1kg\/"},"modified":"2025-12-02T10:13:12","modified_gmt":"2025-12-02T10:13:12","slug":"farinha-de-milho-pan-amarela-1kg","status":"publish","type":"product","link":"https:\/\/www.delicias-uk.com\/pt-pt\/produto\/farinha-de-milho-pan-amarela-1kg\/","title":{"rendered":"Farinha de Milho Amarela PAN Sem Gl\u00faten 1Kg"},"content":{"rendered":"<p class=\"MsoNormal\"><span style=\"background:#FFFFFF;\"><\/span><\/p>\n<p>\u00a0<\/p>\n<p class=\"MsoNormal\"><span style=\"background:#FFFFFF;\">Harina Pan Amarilla \u00e9 uma farinha de milho amarela pr\u00e9-cozida, perfeita para fazer arepas, empanadas e muito mais.\u00a0<\/span><span style=\"white-space:pre-wrap;\"><span>Com a Harina Pan Amarilla, voc\u00ea pode pular o processo trabalhoso de converter a farinha de milho comum em farinha pronta para arepa. <\/span><span><span>Mas a Harina Pan Amarilla n\u00e3o serve apenas para fazer arepas &#8211; esta vers\u00e1til farinha de milho tamb\u00e9m pode ser usada para assar uma variedade de produtos refinados \u00e0 base de farinha de milho, como corndogs, bolos, biscoitos e sobremesas. <\/span><span><span>E com seu sabor aut\u00eantico e ingredientes de alta qualidade, voc\u00ea pode confiar no Harina Pan.<\/span><\/span><\/span><\/span><\/p>\n","protected":false},"excerpt":{"rendered":"<p>.\u00a0<span style=\"background-color:#ffffff;\">farinha de milho amarela pr\u00e9-cozida<\/span><\/p>\n<p><span style=\"background-color:#ffffff;\">.\u00a0<\/span><span style=\"background-color:#ffffff;\">perfeita para fazer arepas, empanadas<\/span><\/p>\n","protected":false},"author":43533,"featured_media":92079,"comment_status":"open","ping_status":"closed","template":"","meta":[],"pwb-brand":[],"product_brand":[],"product_cat":[8527],"product_tag":[],"class_list":{"0":"post-215582","1":"product","2":"type-product","3":"status-publish","4":"has-post-thumbnail","6":"product_cat-farinhas-pao-ralado","8":"first","9":"instock","10":"taxable","11":"shipping-taxable","12":"purchasable","13":"product-type-simple"},"aioseo_notices":[],"brands":[],"_links":{"self":[{"href":"https:\/\/www.delicias-uk.com\/pt-pt\/wp-json\/wp\/v2\/product\/215582","targetHints":{"allow":["GET"]}}],"collection":[{"href":"https:\/\/www.delicias-uk.com\/pt-pt\/wp-json\/wp\/v2\/product"}],"about":[{"href":"https:\/\/www.delicias-uk.com\/pt-pt\/wp-json\/wp\/v2\/types\/product"}],"author":[{"embeddable":true,"href":"https:\/\/www.delicias-uk.com\/pt-pt\/wp-json\/wp\/v2\/users\/43533"}],"replies":[{"embeddable":true,"href":"https:\/\/www.delicias-uk.com\/pt-pt\/wp-json\/wp\/v2\/comments?post=215582"}],"wp:featuredmedia":[{"embeddable":true,"href":"https:\/\/www.delicias-uk.com\/pt-pt\/wp-json\/wp\/v2\/media\/92079"}],"wp:attachment":[{"href":"https:\/\/www.delicias-uk.com\/pt-pt\/wp-json\/wp\/v2\/media?parent=215582"}],"wp:term":[{"taxonomy":"pwb-brand","embeddable":true,"href":"https:\/\/www.delicias-uk.com\/pt-pt\/wp-json\/wp\/v2\/pwb-brand?post=215582"},{"taxonomy":"product_brand","embeddable":true,"href":"https:\/\/www.delicias-uk.com\/pt-pt\/wp-json\/wp\/v2\/product_brand?post=215582"},{"taxonomy":"product_cat","embeddable":true,"href":"https:\/\/www.delicias-uk.com\/pt-pt\/wp-json\/wp\/v2\/product_cat?post=215582"},{"taxonomy":"product_tag","embeddable":true,"href":"https:\/\/www.delicias-uk.com\/pt-pt\/wp-json\/wp\/v2\/product_tag?post=215582"}],"curies":[{"name":"wp","href":"https:\/\/api.w.org\/{rel}","templated":true}]}}