{"id":215580,"date":"2022-10-26T15:44:09","date_gmt":"2022-10-26T14:44:09","guid":{"rendered":"https:\/\/www.delicias-uk.com\/product\/qta-d-avo-piri-piri-molho-de-mel-95ml\/"},"modified":"2025-02-06T17:13:19","modified_gmt":"2025-02-06T17:13:19","slug":"qta-d-avo-piri-piri-molho-de-mel-95ml","status":"publish","type":"product","link":"https:\/\/www.delicias-uk.com\/pt-pt\/produto\/qta-d-avo-piri-piri-molho-de-mel-95ml\/","title":{"rendered":"Piri-Piri com Mel Quinta D&#8217;Avo 95ml"},"content":{"rendered":"<p>O molho Honey BBQ \u00e9 um molho picante de pimenta caiena muito agrad\u00e1vel, no qual as pimentas foram misturadas com mel puro. Este sabor doce ficar\u00e1 excelente em frango ou carne branca. Tamb\u00e9m pode ser usado como marinada e ficar\u00e1 com um gostinho de caramelo durante o cozimento.<\/p>\n<p><strong>Ingredientes<\/strong>: Vinagre de frutas, mel, piment\u00e3o, a\u00e7\u00facar, lim\u00e3o, sal, pimenta malagueta, cebola, alho e especiarias. Utilizamos uma mistura de diferentes pimentas provenientes de Portugal e da Am\u00e9rica Central. <strong>Cont\u00e9m sulfitos.<\/strong><\/p>\n","protected":false},"excerpt":{"rendered":"<ul style=\"list-style-type:disc;\">\n<li>Sem adi\u00e7\u00e3o de \u00e1gua, cores ou sabores<\/li>\n<li>Sem adi\u00e7\u00e3o de conservantes (os sulfitos v\u00eam com o vinagre de frutas)<\/li>\n<li>Sem estabilizadores adicionados<\/li>\n<li>Sem MSG, EDTA, gordura, colesterol<\/li>\n<li>Certificado IFS<\/li>\n<li>Adequado para veganos e vegetarianos<\/li>\n<li>Sem gl\u00faten e sem OGM<\/li>\n<li>Fabricado na Europa<\/li>\n<\/ul>\n","protected":false},"author":43533,"featured_media":226563,"comment_status":"open","ping_status":"closed","template":"","meta":[],"pwb-brand":[],"product_brand":[],"product_cat":[8811],"product_tag":[],"class_list":{"0":"post-215580","1":"product","2":"type-product","3":"status-publish","4":"has-post-thumbnail","6":"product_cat-piri-piri-pt-pt","8":"first","9":"instock","10":"taxable","11":"shipping-taxable","12":"purchasable","13":"product-type-simple"},"aioseo_notices":[],"brands":[],"_links":{"self":[{"href":"https:\/\/www.delicias-uk.com\/pt-pt\/wp-json\/wp\/v2\/product\/215580","targetHints":{"allow":["GET"]}}],"collection":[{"href":"https:\/\/www.delicias-uk.com\/pt-pt\/wp-json\/wp\/v2\/product"}],"about":[{"href":"https:\/\/www.delicias-uk.com\/pt-pt\/wp-json\/wp\/v2\/types\/product"}],"author":[{"embeddable":true,"href":"https:\/\/www.delicias-uk.com\/pt-pt\/wp-json\/wp\/v2\/users\/43533"}],"replies":[{"embeddable":true,"href":"https:\/\/www.delicias-uk.com\/pt-pt\/wp-json\/wp\/v2\/comments?post=215580"}],"wp:featuredmedia":[{"embeddable":true,"href":"https:\/\/www.delicias-uk.com\/pt-pt\/wp-json\/wp\/v2\/media\/226563"}],"wp:attachment":[{"href":"https:\/\/www.delicias-uk.com\/pt-pt\/wp-json\/wp\/v2\/media?parent=215580"}],"wp:term":[{"taxonomy":"pwb-brand","embeddable":true,"href":"https:\/\/www.delicias-uk.com\/pt-pt\/wp-json\/wp\/v2\/pwb-brand?post=215580"},{"taxonomy":"product_brand","embeddable":true,"href":"https:\/\/www.delicias-uk.com\/pt-pt\/wp-json\/wp\/v2\/product_brand?post=215580"},{"taxonomy":"product_cat","embeddable":true,"href":"https:\/\/www.delicias-uk.com\/pt-pt\/wp-json\/wp\/v2\/product_cat?post=215580"},{"taxonomy":"product_tag","embeddable":true,"href":"https:\/\/www.delicias-uk.com\/pt-pt\/wp-json\/wp\/v2\/product_tag?post=215580"}],"curies":[{"name":"wp","href":"https:\/\/api.w.org\/{rel}","templated":true}]}}