{"id":215576,"date":"2022-10-26T15:32:46","date_gmt":"2022-10-26T15:32:46","guid":{"rendered":"https:\/\/www.delicias-uk.com\/product\/vodka-mysthic-violet-alc20-70cl-2\/"},"modified":"2025-02-06T17:14:23","modified_gmt":"2025-02-06T17:14:23","slug":"vodka-mysthic-violet-alc20-70cl-2","status":"publish","type":"product","link":"https:\/\/www.delicias-uk.com\/pt-pt\/produto\/vodka-mysthic-violet-alc20-70cl-2\/","title":{"rendered":"Vodka Mysthic Violet (Alc.20%) 70cl"},"content":{"rendered":"<p>Entre no mundo onde o aroma suave, mas intenso e complexo da fruta da madeira e a cor p\u00farpura desta VODKA, far\u00e3o voc\u00ea se sentir M\u00edstico&#8230;<\/p>\n","protected":false},"excerpt":{"rendered":"<p>Entre no mundo onde o aroma suave, mas intenso e complexo da fruta da madeira e a cor p\u00farpura desta VODKA, far\u00e3o voc\u00ea se sentir M\u00edstico&#8230;<\/p>\n","protected":false},"author":43533,"featured_media":92066,"comment_status":"open","ping_status":"closed","template":"","meta":[],"pwb-brand":[],"product_brand":[],"product_cat":[8289,8291,8417,8459],"product_tag":[],"class_list":{"0":"post-215576","1":"product","2":"type-product","3":"status-publish","4":"has-post-thumbnail","6":"product_cat-inicio","7":"product_cat-produtos-portugueses","8":"product_cat-espirituosas-licor","9":"product_cat-gin-vodka-pt-pt","11":"first","12":"instock","13":"taxable","14":"shipping-taxable","15":"purchasable","16":"product-type-simple"},"aioseo_notices":[],"brands":[],"_links":{"self":[{"href":"https:\/\/www.delicias-uk.com\/pt-pt\/wp-json\/wp\/v2\/product\/215576","targetHints":{"allow":["GET"]}}],"collection":[{"href":"https:\/\/www.delicias-uk.com\/pt-pt\/wp-json\/wp\/v2\/product"}],"about":[{"href":"https:\/\/www.delicias-uk.com\/pt-pt\/wp-json\/wp\/v2\/types\/product"}],"author":[{"embeddable":true,"href":"https:\/\/www.delicias-uk.com\/pt-pt\/wp-json\/wp\/v2\/users\/43533"}],"replies":[{"embeddable":true,"href":"https:\/\/www.delicias-uk.com\/pt-pt\/wp-json\/wp\/v2\/comments?post=215576"}],"wp:featuredmedia":[{"embeddable":true,"href":"https:\/\/www.delicias-uk.com\/pt-pt\/wp-json\/wp\/v2\/media\/92066"}],"wp:attachment":[{"href":"https:\/\/www.delicias-uk.com\/pt-pt\/wp-json\/wp\/v2\/media?parent=215576"}],"wp:term":[{"taxonomy":"pwb-brand","embeddable":true,"href":"https:\/\/www.delicias-uk.com\/pt-pt\/wp-json\/wp\/v2\/pwb-brand?post=215576"},{"taxonomy":"product_brand","embeddable":true,"href":"https:\/\/www.delicias-uk.com\/pt-pt\/wp-json\/wp\/v2\/product_brand?post=215576"},{"taxonomy":"product_cat","embeddable":true,"href":"https:\/\/www.delicias-uk.com\/pt-pt\/wp-json\/wp\/v2\/product_cat?post=215576"},{"taxonomy":"product_tag","embeddable":true,"href":"https:\/\/www.delicias-uk.com\/pt-pt\/wp-json\/wp\/v2\/product_tag?post=215576"}],"curies":[{"name":"wp","href":"https:\/\/api.w.org\/{rel}","templated":true}]}}