{"id":215502,"date":"2022-10-24T15:23:13","date_gmt":"2022-10-24T14:23:13","guid":{"rendered":"https:\/\/www.delicias-uk.com\/product\/chourica-de-porco-bisaro-prisca-saqueta-180g\/"},"modified":"2025-12-11T13:48:54","modified_gmt":"2025-12-11T13:48:54","slug":"chourica-de-porco-bisaro-prisca-saqueta-180g","status":"publish","type":"product","link":"https:\/\/www.delicias-uk.com\/pt-pt\/produto\/chourica-de-porco-bisaro-prisca-saqueta-180g\/","title":{"rendered":"Chouri\u00e7a de Porco B\u00edsaro Prisca Saqueta 180g"},"content":{"rendered":"<p>Pode ser consumido cru ou, dada a sua versatilidade, consumido assado ou grelhado numa assadeira de barro com aguardente. Pode tamb\u00e9m ser frito em azeite ou cozido\/guisado para acompanhar alguma cozinha tradicional portuguesa.<\/p>\n<p><strong>Ingredientes<\/strong>: Carne de Porco B\u00edsaro (45%), carne de porco, vinho (sulfitos), especiarias, sal, alho, prote\u00edna vegetal, extrato natural de acerola, dextrose, a\u00e7\u00facar e sumo de lim\u00e3o.<\/p>\n<p><strong>Alerg\u00e9nios<\/strong>: cont\u00e9m <strong>SULFITOS<\/strong>.<\/p>\n<p><strong>Informa\u00e7\u00e3o nutricional por 100g:<\/strong><\/p>\n<ul style=\"list-style-type:disc\">\n<li>Valor Energ\u00e9tico (Kj\/ Kcal) | 1113\/267<\/li>\n<li>L\u00edpidos (g) | 26,8<\/li>\n<li>Dos quais saturados (g) | 10,05<\/li>\n<li>Hidratos de carbono (g) | 1,97<\/li>\n<li>Dos quais a\u00e7\u00facares (g) | 0,9<\/li>\n<li>Prote\u00ednas (g) | 24,4<\/li>\n<li>Sal (g) | 2,8<\/li>\n<\/ul>\n<p><strong>Pa\u00eds de origem<\/strong>: Portugal<\/p>\n","protected":false},"excerpt":{"rendered":"<ul style=\"list-style-type:disc\">\n<li>Peso l\u00edquido 180g<\/li>\n<li>Pode ser consumido cru ou cozido<\/li>\n<li>Fonte de prote\u00edna<\/li>\n<\/ul>\n","protected":false},"author":43533,"featured_media":91915,"comment_status":"open","ping_status":"closed","template":"","meta":[],"pwb-brand":[],"product_brand":[],"product_cat":[8289,8291,8337,8663],"product_tag":[],"class_list":{"0":"post-215502","1":"product","2":"type-product","3":"status-publish","4":"has-post-thumbnail","6":"product_cat-inicio","7":"product_cat-produtos-portugueses","8":"product_cat-charcutaria","9":"product_cat-chourico-e-salsicha","11":"first","12":"outofstock","13":"taxable","14":"shipping-taxable","15":"purchasable","16":"product-type-simple"},"aioseo_notices":[],"brands":[],"_links":{"self":[{"href":"https:\/\/www.delicias-uk.com\/pt-pt\/wp-json\/wp\/v2\/product\/215502","targetHints":{"allow":["GET"]}}],"collection":[{"href":"https:\/\/www.delicias-uk.com\/pt-pt\/wp-json\/wp\/v2\/product"}],"about":[{"href":"https:\/\/www.delicias-uk.com\/pt-pt\/wp-json\/wp\/v2\/types\/product"}],"author":[{"embeddable":true,"href":"https:\/\/www.delicias-uk.com\/pt-pt\/wp-json\/wp\/v2\/users\/43533"}],"replies":[{"embeddable":true,"href":"https:\/\/www.delicias-uk.com\/pt-pt\/wp-json\/wp\/v2\/comments?post=215502"}],"wp:featuredmedia":[{"embeddable":true,"href":"https:\/\/www.delicias-uk.com\/pt-pt\/wp-json\/wp\/v2\/media\/91915"}],"wp:attachment":[{"href":"https:\/\/www.delicias-uk.com\/pt-pt\/wp-json\/wp\/v2\/media?parent=215502"}],"wp:term":[{"taxonomy":"pwb-brand","embeddable":true,"href":"https:\/\/www.delicias-uk.com\/pt-pt\/wp-json\/wp\/v2\/pwb-brand?post=215502"},{"taxonomy":"product_brand","embeddable":true,"href":"https:\/\/www.delicias-uk.com\/pt-pt\/wp-json\/wp\/v2\/product_brand?post=215502"},{"taxonomy":"product_cat","embeddable":true,"href":"https:\/\/www.delicias-uk.com\/pt-pt\/wp-json\/wp\/v2\/product_cat?post=215502"},{"taxonomy":"product_tag","embeddable":true,"href":"https:\/\/www.delicias-uk.com\/pt-pt\/wp-json\/wp\/v2\/product_tag?post=215502"}],"curies":[{"name":"wp","href":"https:\/\/api.w.org\/{rel}","templated":true}]}}