{"id":215500,"date":"2022-10-24T16:16:12","date_gmt":"2022-10-24T15:16:12","guid":{"rendered":"https:\/\/www.delicias-uk.com\/product\/salpicao-de-porco-bisaro-prisca-saqueta-200g\/"},"modified":"2026-02-24T11:52:25","modified_gmt":"2026-02-24T11:52:25","slug":"salpicao-de-porco-bisaro-prisca-saqueta-200g","status":"publish","type":"product","link":"https:\/\/www.delicias-uk.com\/pt-pt\/produto\/salpicao-de-porco-bisaro-prisca-saqueta-200g\/","title":{"rendered":"Salpic\u00e3o de Porco B\u00edsaro Prisca Saqueta 200g"},"content":{"rendered":"<p>A Casa da Prisca traz \u00e0 sua mesa uma variedade de enchidos saborosos e de qualidade. Elaborado a partir de uma sele\u00e7\u00e3o criteriosa dos melhores peda\u00e7os de carne de porco, o seu sabor \u00e9 real\u00e7ado pela excelente combina\u00e7\u00e3o e envolvimento dos vine-d\u2019alhos, um conhecimento bem guardado com hist\u00f3ria. Experimente surpreender os seus entes queridos com um prato de Salpic\u00e3o Tradicional cortado em fatias finas, como aperitivo ou a acompanhar um bom p\u00e3o regional.<\/p>\n<p><strong>Ingredientes<\/strong>: Carne de porco, Gordura de porco, vinho (sulfitos), sal, \u00e1gua, especiarias, dextrose, emulsionante (E451), Antioxidante (E301;E331) e Conservante (E 250, E252).<\/p>\n<p><strong>Alerg\u00e9nios<\/strong>: cont\u00e9m <strong>SULFITOS<\/strong>.<\/p>\n<p><strong>Informa\u00e7\u00e3o nutricional por 100g:<\/strong><\/p>\n<ul style=\"list-style-type:disc;\">\n<li>Valor energ\u00e9tico (Kj\/ Kcal): 939\/225<\/li>\n<li>L\u00edpidos (g): 13,6<\/li>\n<li>Dos quais saturados (g): 7,1<\/li>\n<li>Hidratos de carbono (g): 1,97<\/li>\n<li>Dos quais a\u00e7\u00facares (g): 0,9<\/li>\n<li>Fibras Alimentares (g): 0,5<\/li>\n<li>Prote\u00ednas (g): 23,8<\/li>\n<li>Sal (g): 2,8<\/li>\n<\/ul>\n<p><strong>Pa\u00eds de origem<\/strong>: Portugal.<\/p>\n","protected":false},"excerpt":{"rendered":"<ul style=\"list-style-type:disc;\">\n<li>Peso l\u00edquido 200g<\/li>\n<li>Pode ser consumido cru ou cozido<\/li>\n<li>Fonte de prote\u00edna<\/li>\n<\/ul>\n","protected":false},"author":43533,"featured_media":91908,"comment_status":"open","ping_status":"closed","template":"","meta":[],"pwb-brand":[],"product_brand":[],"product_cat":[8289,8291,8337,8663],"product_tag":[],"class_list":{"0":"post-215500","1":"product","2":"type-product","3":"status-publish","4":"has-post-thumbnail","6":"product_cat-inicio","7":"product_cat-produtos-portugueses","8":"product_cat-charcutaria","9":"product_cat-chourico-e-salsicha","11":"first","12":"instock","13":"taxable","14":"shipping-taxable","15":"purchasable","16":"product-type-simple"},"aioseo_notices":[],"brands":[],"_links":{"self":[{"href":"https:\/\/www.delicias-uk.com\/pt-pt\/wp-json\/wp\/v2\/product\/215500","targetHints":{"allow":["GET"]}}],"collection":[{"href":"https:\/\/www.delicias-uk.com\/pt-pt\/wp-json\/wp\/v2\/product"}],"about":[{"href":"https:\/\/www.delicias-uk.com\/pt-pt\/wp-json\/wp\/v2\/types\/product"}],"author":[{"embeddable":true,"href":"https:\/\/www.delicias-uk.com\/pt-pt\/wp-json\/wp\/v2\/users\/43533"}],"replies":[{"embeddable":true,"href":"https:\/\/www.delicias-uk.com\/pt-pt\/wp-json\/wp\/v2\/comments?post=215500"}],"wp:featuredmedia":[{"embeddable":true,"href":"https:\/\/www.delicias-uk.com\/pt-pt\/wp-json\/wp\/v2\/media\/91908"}],"wp:attachment":[{"href":"https:\/\/www.delicias-uk.com\/pt-pt\/wp-json\/wp\/v2\/media?parent=215500"}],"wp:term":[{"taxonomy":"pwb-brand","embeddable":true,"href":"https:\/\/www.delicias-uk.com\/pt-pt\/wp-json\/wp\/v2\/pwb-brand?post=215500"},{"taxonomy":"product_brand","embeddable":true,"href":"https:\/\/www.delicias-uk.com\/pt-pt\/wp-json\/wp\/v2\/product_brand?post=215500"},{"taxonomy":"product_cat","embeddable":true,"href":"https:\/\/www.delicias-uk.com\/pt-pt\/wp-json\/wp\/v2\/product_cat?post=215500"},{"taxonomy":"product_tag","embeddable":true,"href":"https:\/\/www.delicias-uk.com\/pt-pt\/wp-json\/wp\/v2\/product_tag?post=215500"}],"curies":[{"name":"wp","href":"https:\/\/api.w.org\/{rel}","templated":true}]}}