{"id":215496,"date":"2022-10-24T14:57:15","date_gmt":"2022-10-24T13:57:15","guid":{"rendered":"https:\/\/www.delicias-uk.com\/product\/morcela-beira-prisca-saqueta-180g\/"},"modified":"2026-03-30T09:03:36","modified_gmt":"2026-03-30T08:03:36","slug":"morcela-beira-prisca-saqueta-180g","status":"publish","type":"product","link":"https:\/\/www.delicias-uk.com\/pt-pt\/produto\/morcela-beira-prisca-saqueta-180g\/","title":{"rendered":"Morcela Beir\u00e3 Prisca Saqueta 180g"},"content":{"rendered":"<p>De sabor e aroma intensos, o seu principal componente \u00e9 o sangue, que, juntamente com a cebola e o alho, lhe confere um sabor ancestral que continua a deliciar os consumidores. Experimente esta morcela com a verdadeira receita das Beiras nas suas aventuras culin\u00e1rias. Opte por uma utiliza\u00e7\u00e3o mais convencional, fervendo-a ou assando-a em lume brando e servindo o enchido inteiro com legumes cozidos.<\/p>\n<p><strong>Ingredientes<\/strong>: P\u00e3o de trigo (farinha de trigo tipo 65, \u00e1gua, sal, fermento), sangue de porco, \u00e1gua, carne de porco, gordura de porco, especiarias, cebola, azeite, sal, dextrose, espessante (E407), estabilizante (E508; E516), conservante (E200, E215), antioxidante (E330)<\/p>\n<p><strong>Al\u00e9rgenos<\/strong>: cont\u00e9m <strong>GL\u00daTEN<\/strong>.<\/p>\n<p><strong>Informa\u00e7\u00e3o nutricional por 100g:<\/strong><\/p>\n<ul style=\"list-style-type:disc\">\n<li>Valor energ\u00e9tico (Kj\/ Kcal): 1420\/342<\/li>\n<li>Gordura (g): 10,06<\/li>\n<li>Dos quais saturada (g): 0<\/li>\n<li>Carboidratos (g): 47,65<\/li>\n<li>Dos quais a\u00e7\u00facares (g): 25,55<\/li>\n<li>Fibra alimentar (g): 5,49<\/li>\n<li>Prote\u00edna (g): 14,55<\/li>\n<li>Sal (g): 1,4<\/li>\n<\/ul>\n<p><strong>Pa\u00eds de origem:<\/strong> Portugal<\/p>\n","protected":false},"excerpt":{"rendered":"<ul style=\"list-style-type:disc\">\n<li>Peso l\u00edquido 180g<\/li>\n<li>Feito de porco preto, temperos e sangue<\/li>\n<li>Fonte de prote\u00edna<\/li>\n<\/ul>\n","protected":false},"author":43533,"featured_media":91894,"comment_status":"open","ping_status":"closed","template":"","meta":[],"pwb-brand":[],"product_brand":[],"product_cat":[8289,8291,8337,8659],"product_tag":[],"class_list":{"0":"post-215496","1":"product","2":"type-product","3":"status-publish","4":"has-post-thumbnail","6":"product_cat-inicio","7":"product_cat-produtos-portugueses","8":"product_cat-charcutaria","9":"product_cat-alheira-farinheira-morcela","11":"first","12":"instock","13":"taxable","14":"shipping-taxable","15":"purchasable","16":"product-type-simple"},"aioseo_notices":[],"brands":[],"_links":{"self":[{"href":"https:\/\/www.delicias-uk.com\/pt-pt\/wp-json\/wp\/v2\/product\/215496","targetHints":{"allow":["GET"]}}],"collection":[{"href":"https:\/\/www.delicias-uk.com\/pt-pt\/wp-json\/wp\/v2\/product"}],"about":[{"href":"https:\/\/www.delicias-uk.com\/pt-pt\/wp-json\/wp\/v2\/types\/product"}],"author":[{"embeddable":true,"href":"https:\/\/www.delicias-uk.com\/pt-pt\/wp-json\/wp\/v2\/users\/43533"}],"replies":[{"embeddable":true,"href":"https:\/\/www.delicias-uk.com\/pt-pt\/wp-json\/wp\/v2\/comments?post=215496"}],"wp:featuredmedia":[{"embeddable":true,"href":"https:\/\/www.delicias-uk.com\/pt-pt\/wp-json\/wp\/v2\/media\/91894"}],"wp:attachment":[{"href":"https:\/\/www.delicias-uk.com\/pt-pt\/wp-json\/wp\/v2\/media?parent=215496"}],"wp:term":[{"taxonomy":"pwb-brand","embeddable":true,"href":"https:\/\/www.delicias-uk.com\/pt-pt\/wp-json\/wp\/v2\/pwb-brand?post=215496"},{"taxonomy":"product_brand","embeddable":true,"href":"https:\/\/www.delicias-uk.com\/pt-pt\/wp-json\/wp\/v2\/product_brand?post=215496"},{"taxonomy":"product_cat","embeddable":true,"href":"https:\/\/www.delicias-uk.com\/pt-pt\/wp-json\/wp\/v2\/product_cat?post=215496"},{"taxonomy":"product_tag","embeddable":true,"href":"https:\/\/www.delicias-uk.com\/pt-pt\/wp-json\/wp\/v2\/product_tag?post=215496"}],"curies":[{"name":"wp","href":"https:\/\/api.w.org\/{rel}","templated":true}]}}