{"id":215390,"date":"2022-10-18T11:21:06","date_gmt":"2022-10-18T10:21:06","guid":{"rendered":"https:\/\/www.delicias-uk.com\/product\/biscoito-de-tapioca-com-quinoa-fhom-caixa-40g\/"},"modified":"2025-09-06T17:19:34","modified_gmt":"2025-09-06T16:19:34","slug":"biscoito-de-tapioca-com-quinoa-fhom-caixa-40g","status":"publish","type":"product","link":"https:\/\/www.delicias-uk.com\/pt-pt\/produto\/biscoito-de-tapioca-com-quinoa-fhom-caixa-40g\/","title":{"rendered":"Biscoito de Tapioca Com Quinoa FHOM 50g"},"content":{"rendered":"<p>Biscoito de tapioca para um lanche rapido e saudavel.<\/p>\n<\/p>\n<ul>\n<li>Sem Gl\u00faten<\/li>\n<li>Sem Adi\u00e7\u00e3o de a\u00e7\u00facar<\/li>\n<li>Sem Leite<\/li>\n<li>Sem Ovo<\/li>\n<li>Sem Colesterol<\/li>\n<li>Sem Conservantes<\/li>\n<li>0% Gordura Trans<\/li>\n<li>100% Natural<\/li>\n<li>Selo: Vegano<\/li>\n<li>Selo: Kosher<\/li>\n<\/ul>\n","protected":false},"excerpt":{"rendered":"<ul>\n<li>Biscoito de Tapioca com Quinoa<\/li>\n<li>Pacote com 50g<\/li>\n<li>Sem gl\u00faten, lactose e ovos<\/li>\n<li>Apenas 5 calorias por biscoito<\/li>\n<li>Certificado Vegano<\/li>\n<\/ul>\n","protected":false},"author":43533,"featured_media":143151,"comment_status":"open","ping_status":"closed","template":"","meta":[],"pwb-brand":[],"product_brand":[],"product_cat":[8289,8293,8401,8635],"product_tag":[],"class_list":{"0":"post-215390","1":"product","2":"type-product","3":"status-publish","4":"has-post-thumbnail","6":"product_cat-inicio","7":"product_cat-produtos-brasileiros","8":"product_cat-mercearia-pt-pt","9":"product_cat-snacks-pt-pt","11":"first","12":"outofstock","13":"taxable","14":"shipping-taxable","15":"purchasable","16":"product-type-simple"},"aioseo_notices":[],"brands":[],"_links":{"self":[{"href":"https:\/\/www.delicias-uk.com\/pt-pt\/wp-json\/wp\/v2\/product\/215390","targetHints":{"allow":["GET"]}}],"collection":[{"href":"https:\/\/www.delicias-uk.com\/pt-pt\/wp-json\/wp\/v2\/product"}],"about":[{"href":"https:\/\/www.delicias-uk.com\/pt-pt\/wp-json\/wp\/v2\/types\/product"}],"author":[{"embeddable":true,"href":"https:\/\/www.delicias-uk.com\/pt-pt\/wp-json\/wp\/v2\/users\/43533"}],"replies":[{"embeddable":true,"href":"https:\/\/www.delicias-uk.com\/pt-pt\/wp-json\/wp\/v2\/comments?post=215390"}],"wp:featuredmedia":[{"embeddable":true,"href":"https:\/\/www.delicias-uk.com\/pt-pt\/wp-json\/wp\/v2\/media\/143151"}],"wp:attachment":[{"href":"https:\/\/www.delicias-uk.com\/pt-pt\/wp-json\/wp\/v2\/media?parent=215390"}],"wp:term":[{"taxonomy":"pwb-brand","embeddable":true,"href":"https:\/\/www.delicias-uk.com\/pt-pt\/wp-json\/wp\/v2\/pwb-brand?post=215390"},{"taxonomy":"product_brand","embeddable":true,"href":"https:\/\/www.delicias-uk.com\/pt-pt\/wp-json\/wp\/v2\/product_brand?post=215390"},{"taxonomy":"product_cat","embeddable":true,"href":"https:\/\/www.delicias-uk.com\/pt-pt\/wp-json\/wp\/v2\/product_cat?post=215390"},{"taxonomy":"product_tag","embeddable":true,"href":"https:\/\/www.delicias-uk.com\/pt-pt\/wp-json\/wp\/v2\/product_tag?post=215390"}],"curies":[{"name":"wp","href":"https:\/\/api.w.org\/{rel}","templated":true}]}}