{"id":215370,"date":"2022-10-13T17:59:00","date_gmt":"2022-10-13T17:59:00","guid":{"rendered":"https:\/\/www.delicias-uk.com\/product\/salgadinho-torcida-sabor-pimenta-mexicana-70g\/"},"modified":"2025-12-20T16:11:54","modified_gmt":"2025-12-20T16:11:54","slug":"salgadinho-torcida-sabor-pimenta-mexicana-70g","status":"publish","type":"product","link":"https:\/\/www.delicias-uk.com\/pt-pt\/produto\/salgadinho-torcida-sabor-pimenta-mexicana-70g\/","title":{"rendered":"Salgadinho Torcida de Pimenta Mexicana 70g"},"content":{"rendered":"<p>TORCIDA\u00ae \u00e9 a marca brasileira que conquistou todas as faixas et\u00e1rias, inclusive os adultos, sendo o aperitivo perfeito para acompanhar os jogos de futebol e a roda de amigos. S\u00e3o diversos sabores e tamanhos para voc\u00ea se deliciar. Sabor pimenta mexicana.<\/p>\n","protected":false},"excerpt":{"rendered":"<p>\u2022 Salgadinho Torcida Sabor Pimenta Mexicana<\/p>\n<p>\u2022 Embalagem de 70g<\/p>\n<p>\u2022 Pronto para comer<\/p>\n","protected":false},"author":43533,"featured_media":91662,"comment_status":"open","ping_status":"closed","template":"","meta":[],"pwb-brand":[],"product_brand":[],"product_cat":[8289,8293,8401,8635],"product_tag":[],"class_list":{"0":"post-215370","1":"product","2":"type-product","3":"status-publish","4":"has-post-thumbnail","6":"product_cat-inicio","7":"product_cat-produtos-brasileiros","8":"product_cat-mercearia-pt-pt","9":"product_cat-snacks-pt-pt","11":"first","12":"instock","13":"taxable","14":"shipping-taxable","15":"purchasable","16":"product-type-simple"},"aioseo_notices":[],"brands":[],"_links":{"self":[{"href":"https:\/\/www.delicias-uk.com\/pt-pt\/wp-json\/wp\/v2\/product\/215370","targetHints":{"allow":["GET"]}}],"collection":[{"href":"https:\/\/www.delicias-uk.com\/pt-pt\/wp-json\/wp\/v2\/product"}],"about":[{"href":"https:\/\/www.delicias-uk.com\/pt-pt\/wp-json\/wp\/v2\/types\/product"}],"author":[{"embeddable":true,"href":"https:\/\/www.delicias-uk.com\/pt-pt\/wp-json\/wp\/v2\/users\/43533"}],"replies":[{"embeddable":true,"href":"https:\/\/www.delicias-uk.com\/pt-pt\/wp-json\/wp\/v2\/comments?post=215370"}],"wp:featuredmedia":[{"embeddable":true,"href":"https:\/\/www.delicias-uk.com\/pt-pt\/wp-json\/wp\/v2\/media\/91662"}],"wp:attachment":[{"href":"https:\/\/www.delicias-uk.com\/pt-pt\/wp-json\/wp\/v2\/media?parent=215370"}],"wp:term":[{"taxonomy":"pwb-brand","embeddable":true,"href":"https:\/\/www.delicias-uk.com\/pt-pt\/wp-json\/wp\/v2\/pwb-brand?post=215370"},{"taxonomy":"product_brand","embeddable":true,"href":"https:\/\/www.delicias-uk.com\/pt-pt\/wp-json\/wp\/v2\/product_brand?post=215370"},{"taxonomy":"product_cat","embeddable":true,"href":"https:\/\/www.delicias-uk.com\/pt-pt\/wp-json\/wp\/v2\/product_cat?post=215370"},{"taxonomy":"product_tag","embeddable":true,"href":"https:\/\/www.delicias-uk.com\/pt-pt\/wp-json\/wp\/v2\/product_tag?post=215370"}],"curies":[{"name":"wp","href":"https:\/\/api.w.org\/{rel}","templated":true}]}}