{"id":215342,"date":"2022-10-12T11:03:42","date_gmt":"2022-10-12T11:03:42","guid":{"rendered":"https:\/\/www.delicias-uk.com\/product\/maguary-nectar-de-caju-tp-1l\/"},"modified":"2022-10-12T11:03:42","modified_gmt":"2022-10-12T11:03:42","slug":"maguary-nectar-de-caju-tp-1l","status":"publish","type":"product","link":"https:\/\/www.delicias-uk.com\/pt-pt\/produto\/maguary-nectar-de-caju-tp-1l\/","title":{"rendered":"Suco de Caj\u00fa Maguary 1L"},"content":{"rendered":"<p class=\"MsoNormal\"><span lang=\"pt\" style=\"font-size:10.5pt;line-height:107%;font-family:'Segoe UI', sans-serif;color:#000000;background:#FFFFFF;\" xml:lang=\"pt\">Maguary tamb\u00e9m \u00e9 pronto pra beber e traz todo o sabor da sua fruta preferida direto no copo. <\/span><span style=\"font-size:10.5pt;line-height:107%;font-family:'Segoe UI', sans-serif;color:#000000;background:#FFFFFF;\">Mais pr\u00e1tico e saud\u00e1vel imposs\u00edvel.<\/span><\/p>\n<\/p>\n<p class=\"MsoNormal\"><span lang=\"pt\" style=\"color:#000000;background:#FFFFFF;\" xml:lang=\"pt\">O verdadeiro suco da fruta e cheio de benef\u00edcios para dar aquele boost no seu dia.<\/span><span lang=\"pt\" style=\"color:#000000;\" xml:lang=\"pt\"><br style=\"word-spacing:0px;\" \/><span style=\"background:#FFFFFF;\"><span style=\"float:none;word-spacing:0px;\">\u00c9 de verdade, \u00e9 real e saboroso!<\/span><\/span><\/span><\/p>\n<\/p>\n<p class=\"MsoNormal\"><span lang=\"pt\" style=\"color:#000000;background:#FFFFFF;\" xml:lang=\"pt\">Maguary se encaixa perfeitamente no seu dia a dia! <\/span><span lang=\"pt\" style=\"font-family:'Segoe UI Symbol', sans-serif;color:#000000;background:#FFFFFF;\" xml:lang=\"pt\">\u2764<\/span><\/p><\/p>\n","protected":false},"excerpt":{"rendered":"<p><span lang=\"pt\" style=\"font-size:8.5pt;font-family:Verdana, sans-serif;color:#000000;\" xml:lang=\"pt\">\u2022 Embalagem tetra-pack de 1L<\/span><\/p>\n<\/p>\n<p style=\"word-spacing:0px;\"><span lang=\"pt\" style=\"font-size:8.5pt;font-family:Verdana, sans-serif;color:#000000;\" xml:lang=\"pt\">\u2022 Sabor caju<\/span><\/p>\n<\/p>\n<p style=\"word-spacing:0px;\"><span lang=\"pt\" style=\"font-size:8.5pt;font-family:Verdana, sans-serif;color:#000000;\" xml:lang=\"pt\">\u2022 Sem conservantes<\/span><\/p>\n<\/p>\n<p style=\"word-spacing:0px;\"><span lang=\"pt\" style=\"font-size:8.5pt;font-family:Verdana, sans-serif;color:#000000;\" xml:lang=\"pt\">\u2022 Pronto para beber<\/span><\/p>\n<\/p>\n<p style=\"word-spacing:0px;\"><span lang=\"pt\" style=\"font-size:8.5pt;font-family:Verdana, sans-serif;color:#000000;\" xml:lang=\"pt\">\u2022 Fabricado no Brasil<\/span><\/p><\/p>\n","protected":false},"author":43533,"featured_media":91606,"comment_status":"open","ping_status":"closed","template":"","meta":[],"pwb-brand":[],"product_brand":[],"product_cat":[8289,8293,8547],"product_tag":[],"class_list":{"0":"post-215342","1":"product","2":"type-product","3":"status-publish","4":"has-post-thumbnail","6":"product_cat-inicio","7":"product_cat-produtos-brasileiros","8":"product_cat-sucos","10":"first","11":"outofstock","12":"taxable","13":"shipping-taxable","14":"purchasable","15":"product-type-simple"},"aioseo_notices":[],"brands":[],"_links":{"self":[{"href":"https:\/\/www.delicias-uk.com\/pt-pt\/wp-json\/wp\/v2\/product\/215342","targetHints":{"allow":["GET"]}}],"collection":[{"href":"https:\/\/www.delicias-uk.com\/pt-pt\/wp-json\/wp\/v2\/product"}],"about":[{"href":"https:\/\/www.delicias-uk.com\/pt-pt\/wp-json\/wp\/v2\/types\/product"}],"author":[{"embeddable":true,"href":"https:\/\/www.delicias-uk.com\/pt-pt\/wp-json\/wp\/v2\/users\/43533"}],"replies":[{"embeddable":true,"href":"https:\/\/www.delicias-uk.com\/pt-pt\/wp-json\/wp\/v2\/comments?post=215342"}],"wp:featuredmedia":[{"embeddable":true,"href":"https:\/\/www.delicias-uk.com\/pt-pt\/wp-json\/wp\/v2\/media\/91606"}],"wp:attachment":[{"href":"https:\/\/www.delicias-uk.com\/pt-pt\/wp-json\/wp\/v2\/media?parent=215342"}],"wp:term":[{"taxonomy":"pwb-brand","embeddable":true,"href":"https:\/\/www.delicias-uk.com\/pt-pt\/wp-json\/wp\/v2\/pwb-brand?post=215342"},{"taxonomy":"product_brand","embeddable":true,"href":"https:\/\/www.delicias-uk.com\/pt-pt\/wp-json\/wp\/v2\/product_brand?post=215342"},{"taxonomy":"product_cat","embeddable":true,"href":"https:\/\/www.delicias-uk.com\/pt-pt\/wp-json\/wp\/v2\/product_cat?post=215342"},{"taxonomy":"product_tag","embeddable":true,"href":"https:\/\/www.delicias-uk.com\/pt-pt\/wp-json\/wp\/v2\/product_tag?post=215342"}],"curies":[{"name":"wp","href":"https:\/\/api.w.org\/{rel}","templated":true}]}}