{"id":215318,"date":"2022-10-03T15:17:21","date_gmt":"2022-10-03T14:17:21","guid":{"rendered":"https:\/\/www.delicias-uk.com\/product\/bolo-do-caco-com-manteiga-d-alho-original-da-madeira-ilhopan-230g-x-2-2\/"},"modified":"2026-04-23T17:28:37","modified_gmt":"2026-04-23T16:28:37","slug":"bolo-do-caco-com-manteiga-d-alho-original-da-madeira-ilhopan-230g-x-2-2","status":"publish","type":"product","link":"https:\/\/www.delicias-uk.com\/pt-pt\/produto\/bolo-do-caco-com-manteiga-d-alho-original-da-madeira-ilhopan-230g-x-2-2\/","title":{"rendered":"Bolo do Caco Com Manteiga D&#8217;Alho Ihopan 230g x 2"},"content":{"rendered":"<p data-start=\"0\" data-end=\"227\">O <strong data-start=\"46\" data-end=\"108\">Bolo do Caco com Manteiga de Alho Ihopan 230g (2 unidades)<\/strong> traz at\u00e9 si o sabor tradicional da Madeira, com uma combina\u00e7\u00e3o irresist\u00edvel de p\u00e3o macio e manteiga de alho arom\u00e1tica.<\/p>\n<p data-start=\"229\" data-end=\"511\">Com textura fofa por dentro e ligeiramente tostada por fora ap\u00f3s aquecimento, este bolo do caco \u00e9 perfeito para servir como entrada, acompanhamento ou snack. J\u00e1 preparado com manteiga de alho, proporciona uma experi\u00eancia pr\u00e1tica e cheia de sabor, bastando aquecer antes de consumir.<\/p>\n<p data-start=\"513\" data-end=\"590\">Ideal para acompanhar carnes, petiscos ou simplesmente para saborear sozinho.<\/p>\n<p data-start=\"592\" data-end=\"607\"><strong data-start=\"592\" data-end=\"605\">Destaques<\/strong><\/p>\n<ul>\n<li>Receita tradicional madeirense<\/li>\n<li>Inclui manteiga de alho para maior sabor<\/li>\n<li>Textura macia no interior e levemente crocante ap\u00f3s aquecimento<\/li>\n<li>Pronto a aquecer e consumir<\/li>\n<li>Ideal como entrada, acompanhamento ou snack<\/li>\n<li>Embalagem com 2 unidades (230g cada)<\/li>\n<\/ul>\n","protected":false},"excerpt":{"rendered":"<ul>\n<li>Receita tradicional madeirense<\/li>\n<li>Inclui manteiga de alho para maior sabor<\/li>\n<li>Textura macia no interior e levemente crocante ap\u00f3s aquecimento<\/li>\n<li>Pronto a aquecer e consumir<\/li>\n<li>Ideal como entrada, acompanhamento ou snack<\/li>\n<li>Embalagem com 2 unidades (230g cada)<\/li>\n<\/ul>\n","protected":false},"author":43533,"featured_media":91557,"comment_status":"open","ping_status":"closed","template":"","meta":[],"pwb-brand":[],"product_brand":[],"product_cat":[8289,8305,8313,8307,8331,8347],"product_tag":[],"class_list":{"0":"post-215318","1":"product","2":"type-product","3":"status-publish","4":"has-post-thumbnail","6":"product_cat-inicio","7":"product_cat-produtos-congelados","8":"product_cat-pao-congelado","9":"product_cat-dieta-e-estilo-de-vida-produtos","10":"product_cat-organico","11":"product_cat-vegetariano","13":"first","14":"instock","15":"taxable","16":"shipping-taxable","17":"purchasable","18":"product-type-simple"},"aioseo_notices":[],"brands":[],"_links":{"self":[{"href":"https:\/\/www.delicias-uk.com\/pt-pt\/wp-json\/wp\/v2\/product\/215318","targetHints":{"allow":["GET"]}}],"collection":[{"href":"https:\/\/www.delicias-uk.com\/pt-pt\/wp-json\/wp\/v2\/product"}],"about":[{"href":"https:\/\/www.delicias-uk.com\/pt-pt\/wp-json\/wp\/v2\/types\/product"}],"author":[{"embeddable":true,"href":"https:\/\/www.delicias-uk.com\/pt-pt\/wp-json\/wp\/v2\/users\/43533"}],"replies":[{"embeddable":true,"href":"https:\/\/www.delicias-uk.com\/pt-pt\/wp-json\/wp\/v2\/comments?post=215318"}],"wp:featuredmedia":[{"embeddable":true,"href":"https:\/\/www.delicias-uk.com\/pt-pt\/wp-json\/wp\/v2\/media\/91557"}],"wp:attachment":[{"href":"https:\/\/www.delicias-uk.com\/pt-pt\/wp-json\/wp\/v2\/media?parent=215318"}],"wp:term":[{"taxonomy":"pwb-brand","embeddable":true,"href":"https:\/\/www.delicias-uk.com\/pt-pt\/wp-json\/wp\/v2\/pwb-brand?post=215318"},{"taxonomy":"product_brand","embeddable":true,"href":"https:\/\/www.delicias-uk.com\/pt-pt\/wp-json\/wp\/v2\/product_brand?post=215318"},{"taxonomy":"product_cat","embeddable":true,"href":"https:\/\/www.delicias-uk.com\/pt-pt\/wp-json\/wp\/v2\/product_cat?post=215318"},{"taxonomy":"product_tag","embeddable":true,"href":"https:\/\/www.delicias-uk.com\/pt-pt\/wp-json\/wp\/v2\/product_tag?post=215318"}],"curies":[{"name":"wp","href":"https:\/\/api.w.org\/{rel}","templated":true}]}}