{"id":215294,"date":"2022-09-16T15:47:54","date_gmt":"2022-09-16T15:47:54","guid":{"rendered":"https:\/\/www.delicias-uk.com\/product\/tempero-baiano-kitano-40g\/"},"modified":"2026-02-04T11:58:54","modified_gmt":"2026-02-04T11:58:54","slug":"tempero-baiano-kitano-40g","status":"publish","type":"product","link":"https:\/\/www.delicias-uk.com\/pt-pt\/produto\/tempero-baiano-kitano-40g\/","title":{"rendered":"Tempero Baiano Kitano 40g"},"content":{"rendered":"<p>Mistura de ervas e especiarias, o Tempero Baiano Kitano \u00e9 ideal para dar o sabor t\u00edpico da Bahia em receitas de peixes, frutos do mar e vatap\u00e1s.<\/p>\n","protected":false},"excerpt":{"rendered":"<ul style=\"list-style-type:disc;\">\n<li>Peso l\u00edquido 40g<\/li>\n<li>Tempero baiano<\/li>\n<li>Produto Brasileiro<\/li>\n<\/ul>\n","protected":false},"author":43533,"featured_media":91506,"comment_status":"open","ping_status":"closed","template":"","meta":[],"pwb-brand":[],"product_brand":[],"product_cat":[8289,8293,8409,8507],"product_tag":[],"class_list":{"0":"post-215294","1":"product","2":"type-product","3":"status-publish","4":"has-post-thumbnail","6":"product_cat-inicio","7":"product_cat-produtos-brasileiros","8":"product_cat-temperos-molhos-e-legumes","9":"product_cat-temperos","11":"first","12":"instock","13":"taxable","14":"shipping-taxable","15":"purchasable","16":"product-type-simple"},"aioseo_notices":[],"brands":[],"_links":{"self":[{"href":"https:\/\/www.delicias-uk.com\/pt-pt\/wp-json\/wp\/v2\/product\/215294","targetHints":{"allow":["GET"]}}],"collection":[{"href":"https:\/\/www.delicias-uk.com\/pt-pt\/wp-json\/wp\/v2\/product"}],"about":[{"href":"https:\/\/www.delicias-uk.com\/pt-pt\/wp-json\/wp\/v2\/types\/product"}],"author":[{"embeddable":true,"href":"https:\/\/www.delicias-uk.com\/pt-pt\/wp-json\/wp\/v2\/users\/43533"}],"replies":[{"embeddable":true,"href":"https:\/\/www.delicias-uk.com\/pt-pt\/wp-json\/wp\/v2\/comments?post=215294"}],"wp:featuredmedia":[{"embeddable":true,"href":"https:\/\/www.delicias-uk.com\/pt-pt\/wp-json\/wp\/v2\/media\/91506"}],"wp:attachment":[{"href":"https:\/\/www.delicias-uk.com\/pt-pt\/wp-json\/wp\/v2\/media?parent=215294"}],"wp:term":[{"taxonomy":"pwb-brand","embeddable":true,"href":"https:\/\/www.delicias-uk.com\/pt-pt\/wp-json\/wp\/v2\/pwb-brand?post=215294"},{"taxonomy":"product_brand","embeddable":true,"href":"https:\/\/www.delicias-uk.com\/pt-pt\/wp-json\/wp\/v2\/product_brand?post=215294"},{"taxonomy":"product_cat","embeddable":true,"href":"https:\/\/www.delicias-uk.com\/pt-pt\/wp-json\/wp\/v2\/product_cat?post=215294"},{"taxonomy":"product_tag","embeddable":true,"href":"https:\/\/www.delicias-uk.com\/pt-pt\/wp-json\/wp\/v2\/product_tag?post=215294"}],"curies":[{"name":"wp","href":"https:\/\/api.w.org\/{rel}","templated":true}]}}