{"id":215264,"date":"2022-09-16T11:07:15","date_gmt":"2022-09-16T11:07:15","guid":{"rendered":"https:\/\/www.delicias-uk.com\/product\/farinha-de-mandioca-torrada-yoki-500g\/"},"modified":"2026-04-11T13:39:31","modified_gmt":"2026-04-11T12:39:31","slug":"farinha-de-mandioca-torrada-yoki-500g","status":"publish","type":"product","link":"https:\/\/www.delicias-uk.com\/pt-pt\/produto\/farinha-de-mandioca-torrada-yoki-500g\/","title":{"rendered":"Farinha de Mandioca Torrada Yoki 500g"},"content":{"rendered":"<p style=\"margin-top:0pt;margin-bottom:0pt;margin-left:0in;text-align:justify;\"><span style=\"font-family:Calibri;\"><span style=\"font-size:16px;\">A Farinha de Mandioca Torrada \u00e9 uma fonte r\u00e1pida de energia. A forma mais comum de consumir a farinha de mandioca \u00e9 como &#8220;farofa&#8221;, mas tamb\u00e9m pode ser usada para engrossar feij\u00f5es, fazer pir\u00e3o ou como substituto parcial da farinha de trigo em bolos, biscoitos e doces. Na regi\u00e3o norte do Brasil, o consumo de farinha de mandioca com a\u00e7a\u00ed \u00e9 bastante comum. Esta farinha \u00e9 crua e fina e torrada.<\/span><\/span><\/p>\n","protected":false},"excerpt":{"rendered":"<p>\u2022Farinha de Mandioca torrada Yoki<\/p>\n<p>\u2022Embalagem de 500g<\/p><\/p>\n","protected":false},"author":43533,"featured_media":91444,"comment_status":"open","ping_status":"closed","template":"","meta":[],"pwb-brand":[],"product_brand":[],"product_cat":[8289,8293,8401,8517,8711],"product_tag":[],"class_list":{"0":"post-215264","1":"product","2":"type-product","3":"status-publish","4":"has-post-thumbnail","6":"product_cat-inicio","7":"product_cat-produtos-brasileiros","8":"product_cat-mercearia-pt-pt","9":"product_cat-farinhas-e-graos","10":"product_cat-farinha-de-mandioca","12":"first","13":"instock","14":"taxable","15":"shipping-taxable","16":"purchasable","17":"product-type-simple"},"aioseo_notices":[],"brands":[],"_links":{"self":[{"href":"https:\/\/www.delicias-uk.com\/pt-pt\/wp-json\/wp\/v2\/product\/215264","targetHints":{"allow":["GET"]}}],"collection":[{"href":"https:\/\/www.delicias-uk.com\/pt-pt\/wp-json\/wp\/v2\/product"}],"about":[{"href":"https:\/\/www.delicias-uk.com\/pt-pt\/wp-json\/wp\/v2\/types\/product"}],"author":[{"embeddable":true,"href":"https:\/\/www.delicias-uk.com\/pt-pt\/wp-json\/wp\/v2\/users\/43533"}],"replies":[{"embeddable":true,"href":"https:\/\/www.delicias-uk.com\/pt-pt\/wp-json\/wp\/v2\/comments?post=215264"}],"wp:featuredmedia":[{"embeddable":true,"href":"https:\/\/www.delicias-uk.com\/pt-pt\/wp-json\/wp\/v2\/media\/91444"}],"wp:attachment":[{"href":"https:\/\/www.delicias-uk.com\/pt-pt\/wp-json\/wp\/v2\/media?parent=215264"}],"wp:term":[{"taxonomy":"pwb-brand","embeddable":true,"href":"https:\/\/www.delicias-uk.com\/pt-pt\/wp-json\/wp\/v2\/pwb-brand?post=215264"},{"taxonomy":"product_brand","embeddable":true,"href":"https:\/\/www.delicias-uk.com\/pt-pt\/wp-json\/wp\/v2\/product_brand?post=215264"},{"taxonomy":"product_cat","embeddable":true,"href":"https:\/\/www.delicias-uk.com\/pt-pt\/wp-json\/wp\/v2\/product_cat?post=215264"},{"taxonomy":"product_tag","embeddable":true,"href":"https:\/\/www.delicias-uk.com\/pt-pt\/wp-json\/wp\/v2\/product_tag?post=215264"}],"curies":[{"name":"wp","href":"https:\/\/api.w.org\/{rel}","templated":true}]}}