{"id":215254,"date":"2022-09-15T15:47:39","date_gmt":"2022-09-15T14:47:39","guid":{"rendered":"https:\/\/www.delicias-uk.com\/product\/yokitos-conchas-sabor-queijo-54g\/"},"modified":"2026-04-14T16:47:53","modified_gmt":"2026-04-14T15:47:53","slug":"yokitos-conchas-sabor-queijo-54g","status":"publish","type":"product","link":"https:\/\/www.delicias-uk.com\/pt-pt\/produto\/yokitos-conchas-sabor-queijo-54g\/","title":{"rendered":"Salgadinho Yokitos Conchas de Queijo 54g"},"content":{"rendered":"<p>Uma op\u00e7\u00e3o deliciosa para o lanche da tarde, o salgadinho Conchas sabor queijo Yokitos \u00e9 assado e enriquecido com ferro e \u00e1cido f\u00f3lico.<\/p><\/p>\n","protected":false},"excerpt":{"rendered":"<p>\u2022Yokitos Conchas sabor queijo<\/p>\n<p>\u2022Embalagem de 54g<\/p>\n<p>\u2022Assado<\/p>\n","protected":false},"author":43533,"featured_media":91424,"comment_status":"open","ping_status":"closed","template":"","meta":[],"pwb-brand":[],"product_brand":[],"product_cat":[8289,8293,8401,8635],"product_tag":[],"class_list":{"0":"post-215254","1":"product","2":"type-product","3":"status-publish","4":"has-post-thumbnail","6":"product_cat-inicio","7":"product_cat-produtos-brasileiros","8":"product_cat-mercearia-pt-pt","9":"product_cat-snacks-pt-pt","11":"first","12":"outofstock","13":"taxable","14":"shipping-taxable","15":"purchasable","16":"product-type-simple"},"aioseo_notices":[],"brands":[],"_links":{"self":[{"href":"https:\/\/www.delicias-uk.com\/pt-pt\/wp-json\/wp\/v2\/product\/215254","targetHints":{"allow":["GET"]}}],"collection":[{"href":"https:\/\/www.delicias-uk.com\/pt-pt\/wp-json\/wp\/v2\/product"}],"about":[{"href":"https:\/\/www.delicias-uk.com\/pt-pt\/wp-json\/wp\/v2\/types\/product"}],"author":[{"embeddable":true,"href":"https:\/\/www.delicias-uk.com\/pt-pt\/wp-json\/wp\/v2\/users\/43533"}],"replies":[{"embeddable":true,"href":"https:\/\/www.delicias-uk.com\/pt-pt\/wp-json\/wp\/v2\/comments?post=215254"}],"wp:featuredmedia":[{"embeddable":true,"href":"https:\/\/www.delicias-uk.com\/pt-pt\/wp-json\/wp\/v2\/media\/91424"}],"wp:attachment":[{"href":"https:\/\/www.delicias-uk.com\/pt-pt\/wp-json\/wp\/v2\/media?parent=215254"}],"wp:term":[{"taxonomy":"pwb-brand","embeddable":true,"href":"https:\/\/www.delicias-uk.com\/pt-pt\/wp-json\/wp\/v2\/pwb-brand?post=215254"},{"taxonomy":"product_brand","embeddable":true,"href":"https:\/\/www.delicias-uk.com\/pt-pt\/wp-json\/wp\/v2\/product_brand?post=215254"},{"taxonomy":"product_cat","embeddable":true,"href":"https:\/\/www.delicias-uk.com\/pt-pt\/wp-json\/wp\/v2\/product_cat?post=215254"},{"taxonomy":"product_tag","embeddable":true,"href":"https:\/\/www.delicias-uk.com\/pt-pt\/wp-json\/wp\/v2\/product_tag?post=215254"}],"curies":[{"name":"wp","href":"https:\/\/api.w.org\/{rel}","templated":true}]}}