{"id":215228,"date":"2022-09-14T14:26:20","date_gmt":"2022-09-14T13:26:20","guid":{"rendered":"https:\/\/www.delicias-uk.com\/product\/confeitaria-fabridoce-bolos-de-gema-gourmet-250g\/"},"modified":"2025-04-14T16:34:27","modified_gmt":"2025-04-14T15:34:27","slug":"bolos-de-gema-confeitaria-avo-elvira-250g","status":"publish","type":"product","link":"https:\/\/www.delicias-uk.com\/pt-pt\/produto\/bolos-de-gema-confeitaria-avo-elvira-250g\/","title":{"rendered":"Bolos de Gema Confeitaria Av\u00f3 Elvira 250g"},"content":{"rendered":"<p>Popular em festivais, este doce \u00e9 feito gema de ovo e a\u00e7\u00facar. Tem uma textura macia coberta com uma fina camada de a\u00e7\u00facar com um exterior crocante e um interior macio e delicadamente doce.<\/p>\n","protected":false},"excerpt":{"rendered":"<p>\u2022Bolo tradicional de gema<\/p>\n<p>\u2022Embalagem de 250g<\/p>\n","protected":false},"author":43533,"featured_media":225335,"comment_status":"open","ping_status":"closed","template":"","meta":[],"pwb-brand":[],"product_brand":[],"product_cat":[8289,8291,8365,8615],"product_tag":[],"class_list":{"0":"post-215228","1":"product","2":"type-product","3":"status-publish","4":"has-post-thumbnail","6":"product_cat-inicio","7":"product_cat-produtos-portugueses","8":"product_cat-confeitaria","9":"product_cat-bolos","11":"first","12":"outofstock","13":"taxable","14":"shipping-taxable","15":"purchasable","16":"product-type-simple"},"aioseo_notices":[],"brands":[],"_links":{"self":[{"href":"https:\/\/www.delicias-uk.com\/pt-pt\/wp-json\/wp\/v2\/product\/215228","targetHints":{"allow":["GET"]}}],"collection":[{"href":"https:\/\/www.delicias-uk.com\/pt-pt\/wp-json\/wp\/v2\/product"}],"about":[{"href":"https:\/\/www.delicias-uk.com\/pt-pt\/wp-json\/wp\/v2\/types\/product"}],"author":[{"embeddable":true,"href":"https:\/\/www.delicias-uk.com\/pt-pt\/wp-json\/wp\/v2\/users\/43533"}],"replies":[{"embeddable":true,"href":"https:\/\/www.delicias-uk.com\/pt-pt\/wp-json\/wp\/v2\/comments?post=215228"}],"wp:featuredmedia":[{"embeddable":true,"href":"https:\/\/www.delicias-uk.com\/pt-pt\/wp-json\/wp\/v2\/media\/225335"}],"wp:attachment":[{"href":"https:\/\/www.delicias-uk.com\/pt-pt\/wp-json\/wp\/v2\/media?parent=215228"}],"wp:term":[{"taxonomy":"pwb-brand","embeddable":true,"href":"https:\/\/www.delicias-uk.com\/pt-pt\/wp-json\/wp\/v2\/pwb-brand?post=215228"},{"taxonomy":"product_brand","embeddable":true,"href":"https:\/\/www.delicias-uk.com\/pt-pt\/wp-json\/wp\/v2\/product_brand?post=215228"},{"taxonomy":"product_cat","embeddable":true,"href":"https:\/\/www.delicias-uk.com\/pt-pt\/wp-json\/wp\/v2\/product_cat?post=215228"},{"taxonomy":"product_tag","embeddable":true,"href":"https:\/\/www.delicias-uk.com\/pt-pt\/wp-json\/wp\/v2\/product_tag?post=215228"}],"curies":[{"name":"wp","href":"https:\/\/api.w.org\/{rel}","templated":true}]}}