{"id":215212,"date":"2022-08-30T16:40:08","date_gmt":"2022-08-30T16:40:08","guid":{"rendered":"https:\/\/www.delicias-uk.com\/product\/vinho-tinto-cartuxa-colheita-2020-75cl\/"},"modified":"2025-12-14T18:12:51","modified_gmt":"2025-12-14T18:12:51","slug":"vinho-tinto-cartuxa-colheita-2020-75cl","status":"publish","type":"product","link":"https:\/\/www.delicias-uk.com\/pt-pt\/produto\/vinho-tinto-cartuxa-colheita-2020-75cl\/","title":{"rendered":"Cartuxa Colheita 2020 75cl"},"content":{"rendered":"<p class=\"MsoNormal\" style=\"margin-bottom:0cm;line-height:normal;\"><span lang=\"pt\" xml:lang=\"pt\">Cartuxa tinto \u00e9 um lote de Trincadeira, Aragonez, Alicante Bouchet e Castel\u00e3o, plantado nas vinhas da Funda\u00e7\u00e3o Eug\u00e9nio de Almeida. Quando as uvas s\u00e3o consideradas perfeitamente maduras, elas s\u00e3o cuidadosamente colhidas e trazidas para a adega para desengace, esmagamento suave e fermenta\u00e7\u00e3o em cubas de a\u00e7o com temperatura controlada. Segue-se um per\u00edodo de macera\u00e7\u00e3o prolongado seguido de matura\u00e7\u00e3o em cubas e barricas durante 12 meses. O vinho \u00e9 envelhecido em garrafa por 12 meses antes do lan\u00e7amento.<\/span><\/p>\n","protected":false},"excerpt":{"rendered":"<ul style=\"list-style-type:disc;\">\n<li><span lang=\"pt\" xml:lang=\"pt\">Produtor: Cartuxa<\/span><\/li>\n<li><span lang=\"pt\" xml:lang=\"pt\">Regi\u00e3o: Alentejo<\/span><\/li>\n<li><span lang=\"pt\" xml:lang=\"pt\">Pa\u00eds: Portugal<\/span><\/li>\n<li><span lang=\"pt\" xml:lang=\"pt\">Estilo de Vinho: Vinho Tinto<\/span><\/li>\n<li><span lang=\"pt\" xml:lang=\"pt\">Casta: Trincadeira, Aragonez, Alicante Bouchet and Castel\u00e3o<\/span><\/li>\n<li><span lang=\"pt\" xml:lang=\"pt\">Garrafa: 750ml<\/span><\/li>\n<li><span lang=\"pt\" xml:lang=\"pt\">Teor de \u00e1lcool: 14.5%<\/span><\/li>\n<li><span lang=\"pt\" xml:lang=\"pt\">Ano: 2020<\/span><\/li>\n<\/ul>\n","protected":false},"author":43533,"featured_media":66808,"comment_status":"open","ping_status":"closed","template":"","meta":[],"pwb-brand":[],"product_brand":[],"product_cat":[8289,8291,8431,8449,8685],"product_tag":[],"class_list":{"0":"post-215212","1":"product","2":"type-product","3":"status-publish","4":"has-post-thumbnail","6":"product_cat-inicio","7":"product_cat-produtos-portugueses","8":"product_cat-vinhos-pt-pt","9":"product_cat-vinho-tinto","10":"product_cat-alentejo-pt-pt","12":"first","13":"instock","14":"taxable","15":"shipping-taxable","16":"purchasable","17":"product-type-simple"},"aioseo_notices":[],"brands":[],"_links":{"self":[{"href":"https:\/\/www.delicias-uk.com\/pt-pt\/wp-json\/wp\/v2\/product\/215212","targetHints":{"allow":["GET"]}}],"collection":[{"href":"https:\/\/www.delicias-uk.com\/pt-pt\/wp-json\/wp\/v2\/product"}],"about":[{"href":"https:\/\/www.delicias-uk.com\/pt-pt\/wp-json\/wp\/v2\/types\/product"}],"author":[{"embeddable":true,"href":"https:\/\/www.delicias-uk.com\/pt-pt\/wp-json\/wp\/v2\/users\/43533"}],"replies":[{"embeddable":true,"href":"https:\/\/www.delicias-uk.com\/pt-pt\/wp-json\/wp\/v2\/comments?post=215212"}],"wp:featuredmedia":[{"embeddable":true,"href":"https:\/\/www.delicias-uk.com\/pt-pt\/wp-json\/wp\/v2\/media\/66808"}],"wp:attachment":[{"href":"https:\/\/www.delicias-uk.com\/pt-pt\/wp-json\/wp\/v2\/media?parent=215212"}],"wp:term":[{"taxonomy":"pwb-brand","embeddable":true,"href":"https:\/\/www.delicias-uk.com\/pt-pt\/wp-json\/wp\/v2\/pwb-brand?post=215212"},{"taxonomy":"product_brand","embeddable":true,"href":"https:\/\/www.delicias-uk.com\/pt-pt\/wp-json\/wp\/v2\/product_brand?post=215212"},{"taxonomy":"product_cat","embeddable":true,"href":"https:\/\/www.delicias-uk.com\/pt-pt\/wp-json\/wp\/v2\/product_cat?post=215212"},{"taxonomy":"product_tag","embeddable":true,"href":"https:\/\/www.delicias-uk.com\/pt-pt\/wp-json\/wp\/v2\/product_tag?post=215212"}],"curies":[{"name":"wp","href":"https:\/\/api.w.org\/{rel}","templated":true}]}}