{"id":215208,"date":"2022-08-30T15:50:36","date_gmt":"2022-08-30T15:50:36","guid":{"rendered":"https:\/\/www.delicias-uk.com\/product\/vinho-branco-adega-mayor-reserva-do-comendador-2020-75cl\/"},"modified":"2025-02-06T17:13:08","modified_gmt":"2025-02-06T17:13:08","slug":"vinho-branco-adega-mayor-reserva-do-comendador-2020-75cl","status":"publish","type":"product","link":"https:\/\/www.delicias-uk.com\/pt-pt\/produto\/vinho-branco-adega-mayor-reserva-do-comendador-2020-75cl\/","title":{"rendered":"Adega Mayor Reserva do Comendador 2020 75cl"},"content":{"rendered":"<p>Nas plan\u00edcies de Campo Maior, crescem as vinhas que d\u00e3o origem a vinhos de car\u00e1ter fresco e marcante. Foi neste ondulante dorso alentejano que o Arq\u00ba Siza Vieira desenhou o tra\u00e7o inconfund\u00edvel desta Adega. Assim se desenha a paisagem, assim se sonham os vinhos que fazem desta uma Adega Mayor. Cor citrina. Aroma intenso com notas de fruta madura (p\u00eara, p\u00eassego), bem conjugadas com ligeiras notas abaunilhadas da barrica. Paladar com boa estrutura, bem equilibrado, fresco, mineral e de uma longa persist\u00eancia.<\/p>\n<p>Gastronomia: Um branco fresco e estruturado com um perfil muito gastron\u00f3mico. Revela-se excelente com pratos de peixe mais ricos e intensos ou preferencialmente com pratos de carnes brancas com algum exotismo.<\/p>\n<ul>\n<li>Produtor: Adega Mayor<\/li>\n<li>Regiao: Alentejo<\/li>\n<li>Pa\u00eds: Portugal<\/li>\n<li>Tipo de Vinho: Branco<\/li>\n<li>Uva: Antao Vaz &#8211; Verdelho \u2013 Vognier<\/li>\n<li>Garrafa: 75cl<\/li>\n<li>Teor Alcoolico: 13.5%<\/li>\n<\/ul>\n","protected":false},"excerpt":{"rendered":"<ul style=\"list-style-type:disc;\">\n<li>Produtor: Adega Mayor<\/li>\n<li>Regiao: Alentejo<\/li>\n<li>Pa\u00eds: Portugal<\/li>\n<li>Tipo de Vinho: Branco<\/li>\n<li>Uva: Antao Vaz &#8211; Verdelho \u2013 Vognier<\/li>\n<li>Garrafa: 75cl<\/li>\n<li>Teor Alcoolico: 13.5%<\/li>\n<\/ul>\n","protected":false},"author":43533,"featured_media":66800,"comment_status":"open","ping_status":"closed","template":"","meta":[],"pwb-brand":[],"product_brand":[],"product_cat":[8289,8291,8431,8489,8687],"product_tag":[],"class_list":{"0":"post-215208","1":"product","2":"type-product","3":"status-publish","4":"has-post-thumbnail","6":"product_cat-inicio","7":"product_cat-produtos-portugueses","8":"product_cat-vinhos-pt-pt","9":"product_cat-vinho-branco","10":"product_cat-alentejo-pt-pt-vinho-branco","12":"first","13":"outofstock","14":"featured","15":"taxable","16":"shipping-taxable","17":"purchasable","18":"product-type-simple"},"aioseo_notices":[],"brands":[],"_links":{"self":[{"href":"https:\/\/www.delicias-uk.com\/pt-pt\/wp-json\/wp\/v2\/product\/215208","targetHints":{"allow":["GET"]}}],"collection":[{"href":"https:\/\/www.delicias-uk.com\/pt-pt\/wp-json\/wp\/v2\/product"}],"about":[{"href":"https:\/\/www.delicias-uk.com\/pt-pt\/wp-json\/wp\/v2\/types\/product"}],"author":[{"embeddable":true,"href":"https:\/\/www.delicias-uk.com\/pt-pt\/wp-json\/wp\/v2\/users\/43533"}],"replies":[{"embeddable":true,"href":"https:\/\/www.delicias-uk.com\/pt-pt\/wp-json\/wp\/v2\/comments?post=215208"}],"wp:featuredmedia":[{"embeddable":true,"href":"https:\/\/www.delicias-uk.com\/pt-pt\/wp-json\/wp\/v2\/media\/66800"}],"wp:attachment":[{"href":"https:\/\/www.delicias-uk.com\/pt-pt\/wp-json\/wp\/v2\/media?parent=215208"}],"wp:term":[{"taxonomy":"pwb-brand","embeddable":true,"href":"https:\/\/www.delicias-uk.com\/pt-pt\/wp-json\/wp\/v2\/pwb-brand?post=215208"},{"taxonomy":"product_brand","embeddable":true,"href":"https:\/\/www.delicias-uk.com\/pt-pt\/wp-json\/wp\/v2\/product_brand?post=215208"},{"taxonomy":"product_cat","embeddable":true,"href":"https:\/\/www.delicias-uk.com\/pt-pt\/wp-json\/wp\/v2\/product_cat?post=215208"},{"taxonomy":"product_tag","embeddable":true,"href":"https:\/\/www.delicias-uk.com\/pt-pt\/wp-json\/wp\/v2\/product_tag?post=215208"}],"curies":[{"name":"wp","href":"https:\/\/api.w.org\/{rel}","templated":true}]}}