{"id":215206,"date":"2022-08-19T11:59:10","date_gmt":"2022-08-19T11:59:10","guid":{"rendered":"https:\/\/www.delicias-uk.com\/product\/bolacha-vieira-agua-e-sal-vieira-375g\/"},"modified":"2026-02-01T21:14:56","modified_gmt":"2026-02-01T21:14:56","slug":"bolacha-vieira-agua-e-sal-vieira-375g","status":"publish","type":"product","link":"https:\/\/www.delicias-uk.com\/pt-pt\/produto\/bolacha-vieira-agua-e-sal-vieira-375g\/","title":{"rendered":"Bolacha \u00c1gua e Sal Vieira 375g"},"content":{"rendered":"<p>Os ic\u00f4nicos biscoitos de \u00e1gua e sal da Vieira. Uma receita inigual\u00e1vel com 77% de cereais. Simples e cheias de sabor.<\/p><\/p>\n","protected":false},"excerpt":{"rendered":"<ul style=\"list-style-type:disc;\">\n<li>Receita e sabor originais<\/li>\n<li>77% Cereais<\/li>\n<li>Perfeito para combinar com diferentes produtos<\/li>\n<li>Sem OGMs (Organismos Geneticamente Modificados)<\/li>\n<li>Embalagem 100% recicl\u00e1vel<\/li>\n<\/ul>\n","protected":false},"author":43533,"featured_media":91336,"comment_status":"open","ping_status":"closed","template":"","meta":[],"pwb-brand":[],"product_brand":[],"product_cat":[8289,8291,8395],"product_tag":[],"class_list":{"0":"post-215206","1":"product","2":"type-product","3":"status-publish","4":"has-post-thumbnail","6":"product_cat-inicio","7":"product_cat-produtos-portugueses","8":"product_cat-mercearia","10":"first","11":"outofstock","12":"taxable","13":"shipping-taxable","14":"purchasable","15":"product-type-simple"},"aioseo_notices":[],"brands":[],"_links":{"self":[{"href":"https:\/\/www.delicias-uk.com\/pt-pt\/wp-json\/wp\/v2\/product\/215206","targetHints":{"allow":["GET"]}}],"collection":[{"href":"https:\/\/www.delicias-uk.com\/pt-pt\/wp-json\/wp\/v2\/product"}],"about":[{"href":"https:\/\/www.delicias-uk.com\/pt-pt\/wp-json\/wp\/v2\/types\/product"}],"author":[{"embeddable":true,"href":"https:\/\/www.delicias-uk.com\/pt-pt\/wp-json\/wp\/v2\/users\/43533"}],"replies":[{"embeddable":true,"href":"https:\/\/www.delicias-uk.com\/pt-pt\/wp-json\/wp\/v2\/comments?post=215206"}],"wp:featuredmedia":[{"embeddable":true,"href":"https:\/\/www.delicias-uk.com\/pt-pt\/wp-json\/wp\/v2\/media\/91336"}],"wp:attachment":[{"href":"https:\/\/www.delicias-uk.com\/pt-pt\/wp-json\/wp\/v2\/media?parent=215206"}],"wp:term":[{"taxonomy":"pwb-brand","embeddable":true,"href":"https:\/\/www.delicias-uk.com\/pt-pt\/wp-json\/wp\/v2\/pwb-brand?post=215206"},{"taxonomy":"product_brand","embeddable":true,"href":"https:\/\/www.delicias-uk.com\/pt-pt\/wp-json\/wp\/v2\/product_brand?post=215206"},{"taxonomy":"product_cat","embeddable":true,"href":"https:\/\/www.delicias-uk.com\/pt-pt\/wp-json\/wp\/v2\/product_cat?post=215206"},{"taxonomy":"product_tag","embeddable":true,"href":"https:\/\/www.delicias-uk.com\/pt-pt\/wp-json\/wp\/v2\/product_tag?post=215206"}],"curies":[{"name":"wp","href":"https:\/\/api.w.org\/{rel}","templated":true}]}}