{"id":215198,"date":"2022-08-19T12:20:11","date_gmt":"2022-08-19T11:20:11","guid":{"rendered":"https:\/\/www.delicias-uk.com\/product\/wafer-vieira-sabor-framboesa-125g\/"},"modified":"2026-02-26T15:04:59","modified_gmt":"2026-02-26T15:04:59","slug":"wafer-vieira-sabor-framboesa-125g","status":"publish","type":"product","link":"https:\/\/www.delicias-uk.com\/pt-pt\/produto\/wafer-vieira-sabor-framboesa-125g\/","title":{"rendered":"Wafer de Framboesa Vieira 125g"},"content":{"rendered":"<p><strong>Ingredientes<\/strong>: Farinha de trigo (gl\u00faten), gorduras vegetais hidrogenadas (coco, palma) em propor\u00e7\u00f5es vari\u00e1veis, a\u00e7\u00facar, dextrose, xarope de glucose, maltodextrina, flocos de framboesa (aprox. 2%): [a\u00e7\u00facar, amido de milho, s\u00f3lidos de fruta (framboesa), regulador de acidez: \u00e1cido c\u00edtrico e aroma], leite magro em p\u00f3, farinha de soja, leite gordo em p\u00f3, emulsionante (lecitina de soja), levedantes (hidrogenocarbonato de s\u00f3dio e hidrogenocarbonato de am\u00f3nio), xarope de glucose-frutose, aromas, amido de milho, extracto de malte (de cevada), sal, regulador de acidez (\u00e1cido c\u00edtrico), antioxidante (metabissulfito de s\u00f3dio). Pode conter vest\u00edgios de ovos, amendoim, sementes de s\u00e9samo e frutos de casca rija.<\/p>\n","protected":false},"excerpt":{"rendered":"<ul style=\"list-style-type:disc;\">\n<li>Menos 40% de a\u00e7\u00facar<\/li>\n<li>Para momentos de puro prazer<\/li>\n<li>Adequado para vegetarianos<\/li>\n<li>Sem OGMs (Organismos Geneticamente Modificados)<\/li>\n<li>Embalagem 100% recicl\u00e1vel<\/li>\n<\/ul>\n","protected":false},"author":43533,"featured_media":91313,"comment_status":"open","ping_status":"closed","template":"","meta":[],"pwb-brand":[],"product_brand":[],"product_cat":[8289,8291,8365,8511],"product_tag":[],"class_list":{"0":"post-215198","1":"product","2":"type-product","3":"status-publish","4":"has-post-thumbnail","6":"product_cat-inicio","7":"product_cat-produtos-portugueses","8":"product_cat-confeitaria","9":"product_cat-wafers-pt-pt","11":"first","12":"instock","13":"taxable","14":"shipping-taxable","15":"purchasable","16":"product-type-simple"},"aioseo_notices":[],"brands":[],"_links":{"self":[{"href":"https:\/\/www.delicias-uk.com\/pt-pt\/wp-json\/wp\/v2\/product\/215198","targetHints":{"allow":["GET"]}}],"collection":[{"href":"https:\/\/www.delicias-uk.com\/pt-pt\/wp-json\/wp\/v2\/product"}],"about":[{"href":"https:\/\/www.delicias-uk.com\/pt-pt\/wp-json\/wp\/v2\/types\/product"}],"author":[{"embeddable":true,"href":"https:\/\/www.delicias-uk.com\/pt-pt\/wp-json\/wp\/v2\/users\/43533"}],"replies":[{"embeddable":true,"href":"https:\/\/www.delicias-uk.com\/pt-pt\/wp-json\/wp\/v2\/comments?post=215198"}],"wp:featuredmedia":[{"embeddable":true,"href":"https:\/\/www.delicias-uk.com\/pt-pt\/wp-json\/wp\/v2\/media\/91313"}],"wp:attachment":[{"href":"https:\/\/www.delicias-uk.com\/pt-pt\/wp-json\/wp\/v2\/media?parent=215198"}],"wp:term":[{"taxonomy":"pwb-brand","embeddable":true,"href":"https:\/\/www.delicias-uk.com\/pt-pt\/wp-json\/wp\/v2\/pwb-brand?post=215198"},{"taxonomy":"product_brand","embeddable":true,"href":"https:\/\/www.delicias-uk.com\/pt-pt\/wp-json\/wp\/v2\/product_brand?post=215198"},{"taxonomy":"product_cat","embeddable":true,"href":"https:\/\/www.delicias-uk.com\/pt-pt\/wp-json\/wp\/v2\/product_cat?post=215198"},{"taxonomy":"product_tag","embeddable":true,"href":"https:\/\/www.delicias-uk.com\/pt-pt\/wp-json\/wp\/v2\/product_tag?post=215198"}],"curies":[{"name":"wp","href":"https:\/\/api.w.org\/{rel}","templated":true}]}}