{"id":215186,"date":"2022-08-18T16:50:45","date_gmt":"2022-08-18T16:50:45","guid":{"rendered":"https:\/\/www.delicias-uk.com\/product\/bolacha-digestiva-de-frutos-silvestres-vieira-doses-174g\/"},"modified":"2025-02-26T17:40:36","modified_gmt":"2025-02-26T17:40:36","slug":"bolacha-digestiva-de-frutos-silvestres-vieira-doses-174g","status":"publish","type":"product","link":"https:\/\/www.delicias-uk.com\/pt-pt\/produto\/bolacha-digestiva-de-frutos-silvestres-vieira-doses-174g\/","title":{"rendered":"Bolacha Digestiva de Frutos Silvestres Vieira (Doses) 174g"},"content":{"rendered":"<p><strong>Ingredientes<\/strong>: Farinha de trigo integral (gl\u00faten) (aprox. 29%), flocos de aveia (gl\u00faten), farinha de aveia (gl\u00faten), gordura vegetal (palma), a\u00e7\u00facar, peda\u00e7os de frutos silvestres (aprox. 4%): [fruta (78% pur\u00e9 das bagas: amora e mirtilo)*, xarope de frutose-glucose, xarope de glucose, humidificante (glicerol), a\u00e7\u00facar, fibra de trigo (gl\u00faten), gordura vegetal (palma), gelificante (pectina), regulador de acidez (\u00e1cido c\u00edtrico, \u00e1cido m\u00e1lico), aroma natural], extracto de malte (de cevada), levedante (hidrogenocarbonato de s\u00f3dio), aromas, sal, agente de tratamento da farinha (carbonato de c\u00e1lcio). Pode conter vest\u00edgios de ovos, amendoins, sementes de s\u00e9samo, leite, soja, frutos de casca rija e sulfitos.<\/p>\n","protected":false},"excerpt":{"rendered":"<ul style=\"list-style-type:disc;\">\n<li>Textura crocante<\/li>\n<li>Alto teor de fibra<\/li>\n<li>Gr\u00e3os integrais<\/li>\n<li>Com peda\u00e7os de amora e mirtilo<\/li>\n<li>Adequado para vegetarianos<\/li>\n<li>Take &amp; Go &#8211; Doses individuais<\/li>\n<li>Sem OGMs (Organismos Geneticamente Modificados)<\/li>\n<li>Embalagem 100% recicl\u00e1vel<\/li>\n<\/ul>\n","protected":false},"author":43533,"featured_media":91282,"comment_status":"open","ping_status":"closed","template":"","meta":[],"pwb-brand":[],"product_brand":[],"product_cat":[8289,8291,8365,8461,8307,8347],"product_tag":[],"class_list":{"0":"post-215186","1":"product","2":"type-product","3":"status-publish","4":"has-post-thumbnail","6":"product_cat-inicio","7":"product_cat-produtos-portugueses","8":"product_cat-confeitaria","9":"product_cat-bolachas","10":"product_cat-dieta-e-estilo-de-vida-produtos","11":"product_cat-vegetariano","13":"first","14":"instock","15":"taxable","16":"shipping-taxable","17":"purchasable","18":"product-type-simple"},"aioseo_notices":[],"brands":[],"_links":{"self":[{"href":"https:\/\/www.delicias-uk.com\/pt-pt\/wp-json\/wp\/v2\/product\/215186","targetHints":{"allow":["GET"]}}],"collection":[{"href":"https:\/\/www.delicias-uk.com\/pt-pt\/wp-json\/wp\/v2\/product"}],"about":[{"href":"https:\/\/www.delicias-uk.com\/pt-pt\/wp-json\/wp\/v2\/types\/product"}],"author":[{"embeddable":true,"href":"https:\/\/www.delicias-uk.com\/pt-pt\/wp-json\/wp\/v2\/users\/43533"}],"replies":[{"embeddable":true,"href":"https:\/\/www.delicias-uk.com\/pt-pt\/wp-json\/wp\/v2\/comments?post=215186"}],"wp:featuredmedia":[{"embeddable":true,"href":"https:\/\/www.delicias-uk.com\/pt-pt\/wp-json\/wp\/v2\/media\/91282"}],"wp:attachment":[{"href":"https:\/\/www.delicias-uk.com\/pt-pt\/wp-json\/wp\/v2\/media?parent=215186"}],"wp:term":[{"taxonomy":"pwb-brand","embeddable":true,"href":"https:\/\/www.delicias-uk.com\/pt-pt\/wp-json\/wp\/v2\/pwb-brand?post=215186"},{"taxonomy":"product_brand","embeddable":true,"href":"https:\/\/www.delicias-uk.com\/pt-pt\/wp-json\/wp\/v2\/product_brand?post=215186"},{"taxonomy":"product_cat","embeddable":true,"href":"https:\/\/www.delicias-uk.com\/pt-pt\/wp-json\/wp\/v2\/product_cat?post=215186"},{"taxonomy":"product_tag","embeddable":true,"href":"https:\/\/www.delicias-uk.com\/pt-pt\/wp-json\/wp\/v2\/product_tag?post=215186"}],"curies":[{"name":"wp","href":"https:\/\/api.w.org\/{rel}","templated":true}]}}