{"id":215170,"date":"2022-07-25T15:50:05","date_gmt":"2022-07-25T14:50:05","guid":{"rendered":"https:\/\/www.delicias-uk.com\/product\/vinagre-cristal-vinho-tinto-65-acidez-pet-500ml\/"},"modified":"2025-03-31T09:18:08","modified_gmt":"2025-03-31T08:18:08","slug":"vinagre-cristal-vinho-tinto-65-acidez-pet-500ml","status":"publish","type":"product","link":"https:\/\/www.delicias-uk.com\/pt-pt\/produto\/vinagre-cristal-vinho-tinto-65-acidez-pet-500ml\/","title":{"rendered":"Vinagre de Vinho Tinto Cristal Pet 500ml"},"content":{"rendered":"<p>O vinagre \u00e9 um condimento utilizado para adicionar sabor e preservar a comida desde a antiguidade. Existem in\u00fameros tipos de vinagre, geralmente nomeados pela subst\u00e2ncia utilizada como base. H\u00e1, tamb\u00e9m, vinagres aromatizados com ervas, flores ou frutas.<\/p>\n","protected":false},"excerpt":{"rendered":"<p>O vinagre \u00e9 um condimento utilizado para adicionar sabor e preservar a comida desde a antiguidade. Existem in\u00fameros tipos de vinagre, geralmente nomeados pela subst\u00e2ncia utilizada como base. H\u00e1, tamb\u00e9m, vinagres aromatizados com ervas, flores ou frutas.<\/p>\n","protected":false},"author":43533,"featured_media":226669,"comment_status":"open","ping_status":"closed","template":"","meta":[],"pwb-brand":[],"product_brand":[],"product_cat":[8289,8291,8403,8559],"product_tag":[],"class_list":{"0":"post-215170","1":"product","2":"type-product","3":"status-publish","4":"has-post-thumbnail","6":"product_cat-inicio","7":"product_cat-produtos-portugueses","8":"product_cat-azeitona-azeite-vinagre","9":"product_cat-vinagre","11":"first","12":"instock","13":"taxable","14":"shipping-taxable","15":"purchasable","16":"product-type-simple"},"aioseo_notices":[],"brands":[],"_links":{"self":[{"href":"https:\/\/www.delicias-uk.com\/pt-pt\/wp-json\/wp\/v2\/product\/215170","targetHints":{"allow":["GET"]}}],"collection":[{"href":"https:\/\/www.delicias-uk.com\/pt-pt\/wp-json\/wp\/v2\/product"}],"about":[{"href":"https:\/\/www.delicias-uk.com\/pt-pt\/wp-json\/wp\/v2\/types\/product"}],"author":[{"embeddable":true,"href":"https:\/\/www.delicias-uk.com\/pt-pt\/wp-json\/wp\/v2\/users\/43533"}],"replies":[{"embeddable":true,"href":"https:\/\/www.delicias-uk.com\/pt-pt\/wp-json\/wp\/v2\/comments?post=215170"}],"wp:featuredmedia":[{"embeddable":true,"href":"https:\/\/www.delicias-uk.com\/pt-pt\/wp-json\/wp\/v2\/media\/226669"}],"wp:attachment":[{"href":"https:\/\/www.delicias-uk.com\/pt-pt\/wp-json\/wp\/v2\/media?parent=215170"}],"wp:term":[{"taxonomy":"pwb-brand","embeddable":true,"href":"https:\/\/www.delicias-uk.com\/pt-pt\/wp-json\/wp\/v2\/pwb-brand?post=215170"},{"taxonomy":"product_brand","embeddable":true,"href":"https:\/\/www.delicias-uk.com\/pt-pt\/wp-json\/wp\/v2\/product_brand?post=215170"},{"taxonomy":"product_cat","embeddable":true,"href":"https:\/\/www.delicias-uk.com\/pt-pt\/wp-json\/wp\/v2\/product_cat?post=215170"},{"taxonomy":"product_tag","embeddable":true,"href":"https:\/\/www.delicias-uk.com\/pt-pt\/wp-json\/wp\/v2\/product_tag?post=215170"}],"curies":[{"name":"wp","href":"https:\/\/api.w.org\/{rel}","templated":true}]}}