{"id":215118,"date":"2022-07-06T15:21:54","date_gmt":"2022-07-06T14:21:54","guid":{"rendered":"https:\/\/www.delicias-uk.com\/product\/qta-d-avo-massa-de-pimentao-fr-200g\/"},"modified":"2026-04-01T21:59:14","modified_gmt":"2026-04-01T20:59:14","slug":"qta-d-avo-massa-de-pimentao-fr-200g","status":"publish","type":"product","link":"https:\/\/www.delicias-uk.com\/pt-pt\/produto\/qta-d-avo-massa-de-pimentao-fr-200g\/","title":{"rendered":"Massa de Piment\u00e3o Quinta D&#8217;Avo Frasco 200g"},"content":{"rendered":"<p>Este pur\u00ea de piment\u00e3o, ou pasta de p\u00e1prica, \u00e9 uma t\u00edpica receita da tradi\u00e7\u00e3o culin\u00e1ria Portuguesa. Espalhado em cima da carne de porco antes de cozinhar, ou adicionado a molhos.\u00a0<\/p>\n<p><strong>Ingredientes<\/strong>: Piment\u00e3o, vinagre de frutas e sal. <strong>Cont\u00e9m sulfitos<\/strong>.<\/p>\n","protected":false},"excerpt":{"rendered":"<ul style=\"list-style-type:disc\">\n<li>Sem adi\u00e7\u00e3o de \u00e1gua, cores ou sabores<\/li>\n<li>Sem adi\u00e7\u00e3o de conservantes (os sulfitos v\u00eam com o vinagre de frutas)<\/li>\n<li>Sem estabilizadores adicionados<\/li>\n<li>Sem MSG, EDTA, gordura, colesterol<\/li>\n<li>Certificado IFS<\/li>\n<li>Adequado para veganos e vegetarianos<\/li>\n<li>Sem gl\u00faten e sem OGM<\/li>\n<li>Fabricado na Europa<\/li>\n<\/ul>\n","protected":false},"author":43533,"featured_media":226543,"comment_status":"open","ping_status":"closed","template":"","meta":[],"pwb-brand":[],"product_brand":[],"product_cat":[8703],"product_tag":[],"class_list":{"0":"post-215118","1":"product","2":"type-product","3":"status-publish","4":"has-post-thumbnail","6":"product_cat-marinada","8":"first","9":"outofstock","10":"taxable","11":"shipping-taxable","12":"purchasable","13":"product-type-simple"},"aioseo_notices":[],"brands":[],"_links":{"self":[{"href":"https:\/\/www.delicias-uk.com\/pt-pt\/wp-json\/wp\/v2\/product\/215118","targetHints":{"allow":["GET"]}}],"collection":[{"href":"https:\/\/www.delicias-uk.com\/pt-pt\/wp-json\/wp\/v2\/product"}],"about":[{"href":"https:\/\/www.delicias-uk.com\/pt-pt\/wp-json\/wp\/v2\/types\/product"}],"author":[{"embeddable":true,"href":"https:\/\/www.delicias-uk.com\/pt-pt\/wp-json\/wp\/v2\/users\/43533"}],"replies":[{"embeddable":true,"href":"https:\/\/www.delicias-uk.com\/pt-pt\/wp-json\/wp\/v2\/comments?post=215118"}],"wp:featuredmedia":[{"embeddable":true,"href":"https:\/\/www.delicias-uk.com\/pt-pt\/wp-json\/wp\/v2\/media\/226543"}],"wp:attachment":[{"href":"https:\/\/www.delicias-uk.com\/pt-pt\/wp-json\/wp\/v2\/media?parent=215118"}],"wp:term":[{"taxonomy":"pwb-brand","embeddable":true,"href":"https:\/\/www.delicias-uk.com\/pt-pt\/wp-json\/wp\/v2\/pwb-brand?post=215118"},{"taxonomy":"product_brand","embeddable":true,"href":"https:\/\/www.delicias-uk.com\/pt-pt\/wp-json\/wp\/v2\/product_brand?post=215118"},{"taxonomy":"product_cat","embeddable":true,"href":"https:\/\/www.delicias-uk.com\/pt-pt\/wp-json\/wp\/v2\/product_cat?post=215118"},{"taxonomy":"product_tag","embeddable":true,"href":"https:\/\/www.delicias-uk.com\/pt-pt\/wp-json\/wp\/v2\/product_tag?post=215118"}],"curies":[{"name":"wp","href":"https:\/\/api.w.org\/{rel}","templated":true}]}}