{"id":215048,"date":"2022-06-22T14:19:56","date_gmt":"2022-06-22T13:19:56","guid":{"rendered":"https:\/\/www.delicias-uk.com\/product\/flocao-sinha-500g-2\/"},"modified":"2026-01-29T10:27:32","modified_gmt":"2026-01-29T10:27:32","slug":"flocao-sinha-500g-2","status":"publish","type":"product","link":"https:\/\/www.delicias-uk.com\/pt-pt\/produto\/flocao-sinha-500g-2\/","title":{"rendered":"Floc\u00e3o Sinh\u00e1 500G"},"content":{"rendered":"<p>O Floc\u00e3o Sinh\u00e1 \u00e9 produzido com o melhor do gr\u00e3o, uma farinha de milho flocada selecionada que garante leveza nas receitas.\u00a0<\/p>\n","protected":false},"excerpt":{"rendered":"<p>O Floc\u00e3o Sinh\u00e1 \u00e9 produzido com o melhor do gr\u00e3o, uma farinha de milho flocada selecionada que garante leveza nas receitas.\u00a0<\/p>\n","protected":false},"author":43533,"featured_media":66460,"comment_status":"open","ping_status":"closed","template":"","meta":[],"pwb-brand":[],"product_brand":[],"product_cat":[8289],"product_tag":[],"class_list":{"0":"post-215048","1":"product","2":"type-product","3":"status-publish","4":"has-post-thumbnail","6":"product_cat-inicio","8":"first","9":"outofstock","10":"taxable","11":"shipping-taxable","12":"purchasable","13":"product-type-simple"},"aioseo_notices":[],"brands":[],"_links":{"self":[{"href":"https:\/\/www.delicias-uk.com\/pt-pt\/wp-json\/wp\/v2\/product\/215048","targetHints":{"allow":["GET"]}}],"collection":[{"href":"https:\/\/www.delicias-uk.com\/pt-pt\/wp-json\/wp\/v2\/product"}],"about":[{"href":"https:\/\/www.delicias-uk.com\/pt-pt\/wp-json\/wp\/v2\/types\/product"}],"author":[{"embeddable":true,"href":"https:\/\/www.delicias-uk.com\/pt-pt\/wp-json\/wp\/v2\/users\/43533"}],"replies":[{"embeddable":true,"href":"https:\/\/www.delicias-uk.com\/pt-pt\/wp-json\/wp\/v2\/comments?post=215048"}],"wp:featuredmedia":[{"embeddable":true,"href":"https:\/\/www.delicias-uk.com\/pt-pt\/wp-json\/wp\/v2\/media\/66460"}],"wp:attachment":[{"href":"https:\/\/www.delicias-uk.com\/pt-pt\/wp-json\/wp\/v2\/media?parent=215048"}],"wp:term":[{"taxonomy":"pwb-brand","embeddable":true,"href":"https:\/\/www.delicias-uk.com\/pt-pt\/wp-json\/wp\/v2\/pwb-brand?post=215048"},{"taxonomy":"product_brand","embeddable":true,"href":"https:\/\/www.delicias-uk.com\/pt-pt\/wp-json\/wp\/v2\/product_brand?post=215048"},{"taxonomy":"product_cat","embeddable":true,"href":"https:\/\/www.delicias-uk.com\/pt-pt\/wp-json\/wp\/v2\/product_cat?post=215048"},{"taxonomy":"product_tag","embeddable":true,"href":"https:\/\/www.delicias-uk.com\/pt-pt\/wp-json\/wp\/v2\/product_tag?post=215048"}],"curies":[{"name":"wp","href":"https:\/\/api.w.org\/{rel}","templated":true}]}}