{"id":215046,"date":"2022-06-21T18:03:07","date_gmt":"2022-06-21T17:03:07","guid":{"rendered":"https:\/\/www.delicias-uk.com\/product\/cereal-nesquik-chocolate-nestle-300g\/"},"modified":"2026-02-24T11:52:36","modified_gmt":"2026-02-24T11:52:36","slug":"cereal-nesquik-chocolate-nestle-300g","status":"publish","type":"product","link":"https:\/\/www.delicias-uk.com\/pt-pt\/produto\/cereal-nesquik-chocolate-nestle-300g\/","title":{"rendered":"Nesquik Cereais Nestl\u00e9 300g"},"content":{"rendered":"<p>O cereal Nesquik \u00e9 feito com gr\u00e3os integrais e n\u00e3o possui cores ou sabores artificiais. Cada tigela deste cereal cont\u00e9m vitamina B6, B3 e B5.\u00a0 \u00a0\u00a0<\/p>\n","protected":false},"excerpt":{"rendered":"<p><strong>\u00d3timo para toda a familia, Nesquik tem:<\/strong><\/p>\n<ul style=\"list-style-type:disc;\">\n<li>Vitamina B6 e a niacina (B3) contribuem para as fun\u00e7\u00f5es psicol\u00f3gicas normais<\/li>\n<li>\u00c1cido pantot\u00e9nico (B5) contribui para um melhor desempenho mental<\/li>\n<li>Ferro, que contribui para o desenvolvimento cognitivo normal das crian\u00e7as!<\/li>\n<\/ul>\n","protected":false},"author":43533,"featured_media":91012,"comment_status":"open","ping_status":"closed","template":"","meta":[],"pwb-brand":[],"product_brand":[],"product_cat":[8289,8291,8395,8625],"product_tag":[],"class_list":{"0":"post-215046","1":"product","2":"type-product","3":"status-publish","4":"has-post-thumbnail","6":"product_cat-inicio","7":"product_cat-produtos-portugueses","8":"product_cat-mercearia","9":"product_cat-bebe-cereais","11":"first","12":"instock","13":"taxable","14":"shipping-taxable","15":"purchasable","16":"product-type-simple"},"aioseo_notices":[],"brands":[],"_links":{"self":[{"href":"https:\/\/www.delicias-uk.com\/pt-pt\/wp-json\/wp\/v2\/product\/215046","targetHints":{"allow":["GET"]}}],"collection":[{"href":"https:\/\/www.delicias-uk.com\/pt-pt\/wp-json\/wp\/v2\/product"}],"about":[{"href":"https:\/\/www.delicias-uk.com\/pt-pt\/wp-json\/wp\/v2\/types\/product"}],"author":[{"embeddable":true,"href":"https:\/\/www.delicias-uk.com\/pt-pt\/wp-json\/wp\/v2\/users\/43533"}],"replies":[{"embeddable":true,"href":"https:\/\/www.delicias-uk.com\/pt-pt\/wp-json\/wp\/v2\/comments?post=215046"}],"wp:featuredmedia":[{"embeddable":true,"href":"https:\/\/www.delicias-uk.com\/pt-pt\/wp-json\/wp\/v2\/media\/91012"}],"wp:attachment":[{"href":"https:\/\/www.delicias-uk.com\/pt-pt\/wp-json\/wp\/v2\/media?parent=215046"}],"wp:term":[{"taxonomy":"pwb-brand","embeddable":true,"href":"https:\/\/www.delicias-uk.com\/pt-pt\/wp-json\/wp\/v2\/pwb-brand?post=215046"},{"taxonomy":"product_brand","embeddable":true,"href":"https:\/\/www.delicias-uk.com\/pt-pt\/wp-json\/wp\/v2\/product_brand?post=215046"},{"taxonomy":"product_cat","embeddable":true,"href":"https:\/\/www.delicias-uk.com\/pt-pt\/wp-json\/wp\/v2\/product_cat?post=215046"},{"taxonomy":"product_tag","embeddable":true,"href":"https:\/\/www.delicias-uk.com\/pt-pt\/wp-json\/wp\/v2\/product_tag?post=215046"}],"curies":[{"name":"wp","href":"https:\/\/api.w.org\/{rel}","templated":true}]}}