{"id":215040,"date":"2022-06-21T15:36:13","date_gmt":"2022-06-21T14:36:13","guid":{"rendered":"https:\/\/www.delicias-uk.com\/product\/pao-de-trigo-ralado-rialto-240gr-3\/"},"modified":"2025-11-24T18:48:16","modified_gmt":"2025-11-24T18:48:16","slug":"pao-de-trigo-ralado-rialto-240gr-3","status":"publish","type":"product","link":"https:\/\/www.delicias-uk.com\/pt-pt\/produto\/pao-de-trigo-ralado-rialto-240gr-3\/","title":{"rendered":"P\u00e3o Ralado Com Alho e Salsa Rialto 240g"},"content":{"rendered":"<p style=\"margin-top:0pt;margin-bottom:0pt;margin-left:0in;text-align:left\"><span style=\"font-family:Calibri\"><span style=\"font-size:16px\">O p\u00e3o ralado sabor alho &amp; salsa Rialto \u00e9 feito com p\u00e3o fresco para dar ainda mais sabor \u00e0s receitas!<\/span><\/span><\/p>\n","protected":false},"excerpt":{"rendered":"<p>O p\u00e3o ralado sabor alho &amp; salsa Rialto \u00e9 feito com p\u00e3o fresco para dar ainda mais sabor \u00e0s receitas!<\/p>\n","protected":false},"author":43533,"featured_media":91000,"comment_status":"open","ping_status":"closed","template":"","meta":[],"pwb-brand":[],"product_brand":[],"product_cat":[8527],"product_tag":[],"class_list":{"0":"post-215040","1":"product","2":"type-product","3":"status-publish","4":"has-post-thumbnail","6":"product_cat-farinhas-pao-ralado","8":"first","9":"instock","10":"taxable","11":"shipping-taxable","12":"purchasable","13":"product-type-simple"},"aioseo_notices":[],"brands":[],"_links":{"self":[{"href":"https:\/\/www.delicias-uk.com\/pt-pt\/wp-json\/wp\/v2\/product\/215040","targetHints":{"allow":["GET"]}}],"collection":[{"href":"https:\/\/www.delicias-uk.com\/pt-pt\/wp-json\/wp\/v2\/product"}],"about":[{"href":"https:\/\/www.delicias-uk.com\/pt-pt\/wp-json\/wp\/v2\/types\/product"}],"author":[{"embeddable":true,"href":"https:\/\/www.delicias-uk.com\/pt-pt\/wp-json\/wp\/v2\/users\/43533"}],"replies":[{"embeddable":true,"href":"https:\/\/www.delicias-uk.com\/pt-pt\/wp-json\/wp\/v2\/comments?post=215040"}],"wp:featuredmedia":[{"embeddable":true,"href":"https:\/\/www.delicias-uk.com\/pt-pt\/wp-json\/wp\/v2\/media\/91000"}],"wp:attachment":[{"href":"https:\/\/www.delicias-uk.com\/pt-pt\/wp-json\/wp\/v2\/media?parent=215040"}],"wp:term":[{"taxonomy":"pwb-brand","embeddable":true,"href":"https:\/\/www.delicias-uk.com\/pt-pt\/wp-json\/wp\/v2\/pwb-brand?post=215040"},{"taxonomy":"product_brand","embeddable":true,"href":"https:\/\/www.delicias-uk.com\/pt-pt\/wp-json\/wp\/v2\/product_brand?post=215040"},{"taxonomy":"product_cat","embeddable":true,"href":"https:\/\/www.delicias-uk.com\/pt-pt\/wp-json\/wp\/v2\/product_cat?post=215040"},{"taxonomy":"product_tag","embeddable":true,"href":"https:\/\/www.delicias-uk.com\/pt-pt\/wp-json\/wp\/v2\/product_tag?post=215040"}],"curies":[{"name":"wp","href":"https:\/\/api.w.org\/{rel}","templated":true}]}}