{"id":215020,"date":"2022-06-14T17:53:16","date_gmt":"2022-06-14T17:53:16","guid":{"rendered":"https:\/\/www.delicias-uk.com\/product\/cafe-moagem-normal-boundi-original-220g\/"},"modified":"2026-02-02T00:21:38","modified_gmt":"2026-02-02T00:21:38","slug":"cafe-moagem-normal-boundi-original-220g","status":"publish","type":"product","link":"https:\/\/www.delicias-uk.com\/pt-pt\/produto\/cafe-moagem-normal-boundi-original-220g\/","title":{"rendered":"Caf\u00e9 Boundi Moagem Normal Original 220g"},"content":{"rendered":"<p>O Caf\u00e9 Buondi Original \u2013 Intensidade 9, tem um car\u00e1cter equilibrado que combina na perfei\u00e7\u00e3o uma ligeira acidez dos melhores Ar\u00e1bicas, com o corpo e sabor subtil dos melhores Robustas. Suave e cremoso, o sabor permanece no paladar com um toque original de avel\u00e3 e chocolate negro.<\/p>\n<p><strong>Ingredientes<\/strong>: caf\u00e9 mo\u00eddo torrado.<\/p>\n<p><strong>Alerg\u00e9nios<\/strong>: nenhum.<\/p>\n","protected":false},"excerpt":{"rendered":"<ul style=\"list-style-type:disc;\">\n<li>Peso l\u00edquido 200g<\/li>\n<li>Serve approx. 30 ch\u00e1venas<\/li>\n<li>Intensidade 9<\/li>\n<\/ul>\n","protected":false},"author":43533,"featured_media":90962,"comment_status":"open","ping_status":"closed","template":"","meta":[],"pwb-brand":[],"product_brand":[],"product_cat":[8289,8291,8351,8453],"product_tag":[],"class_list":{"0":"post-215020","1":"product","2":"type-product","3":"status-publish","4":"has-post-thumbnail","6":"product_cat-inicio","7":"product_cat-produtos-portugueses","8":"product_cat-cafe-cha-acucar","9":"product_cat-cafe","11":"first","12":"outofstock","13":"taxable","14":"shipping-taxable","15":"purchasable","16":"product-type-simple"},"aioseo_notices":[],"brands":[],"_links":{"self":[{"href":"https:\/\/www.delicias-uk.com\/pt-pt\/wp-json\/wp\/v2\/product\/215020","targetHints":{"allow":["GET"]}}],"collection":[{"href":"https:\/\/www.delicias-uk.com\/pt-pt\/wp-json\/wp\/v2\/product"}],"about":[{"href":"https:\/\/www.delicias-uk.com\/pt-pt\/wp-json\/wp\/v2\/types\/product"}],"author":[{"embeddable":true,"href":"https:\/\/www.delicias-uk.com\/pt-pt\/wp-json\/wp\/v2\/users\/43533"}],"replies":[{"embeddable":true,"href":"https:\/\/www.delicias-uk.com\/pt-pt\/wp-json\/wp\/v2\/comments?post=215020"}],"wp:featuredmedia":[{"embeddable":true,"href":"https:\/\/www.delicias-uk.com\/pt-pt\/wp-json\/wp\/v2\/media\/90962"}],"wp:attachment":[{"href":"https:\/\/www.delicias-uk.com\/pt-pt\/wp-json\/wp\/v2\/media?parent=215020"}],"wp:term":[{"taxonomy":"pwb-brand","embeddable":true,"href":"https:\/\/www.delicias-uk.com\/pt-pt\/wp-json\/wp\/v2\/pwb-brand?post=215020"},{"taxonomy":"product_brand","embeddable":true,"href":"https:\/\/www.delicias-uk.com\/pt-pt\/wp-json\/wp\/v2\/product_brand?post=215020"},{"taxonomy":"product_cat","embeddable":true,"href":"https:\/\/www.delicias-uk.com\/pt-pt\/wp-json\/wp\/v2\/product_cat?post=215020"},{"taxonomy":"product_tag","embeddable":true,"href":"https:\/\/www.delicias-uk.com\/pt-pt\/wp-json\/wp\/v2\/product_tag?post=215020"}],"curies":[{"name":"wp","href":"https:\/\/api.w.org\/{rel}","templated":true}]}}