{"id":214984,"date":"2022-04-27T16:13:20","date_gmt":"2022-04-27T16:13:20","guid":{"rendered":"https:\/\/www.delicias-uk.com\/product\/andreza-reserva-2019-75cl-3\/"},"modified":"2022-04-27T16:13:20","modified_gmt":"2022-04-27T16:13:20","slug":"andreza-reserva-2019-75cl-3","status":"publish","type":"product","link":"https:\/\/www.delicias-uk.com\/pt-pt\/produto\/andreza-reserva-2019-75cl-3\/","title":{"rendered":"Andreza Reserva 2019 75cl"},"content":{"rendered":"<p>Com a sua fermenta\u00e7\u00e3o e envelhecimento em barrica, o vinho tem uma boa profundidade de sabor dando riqueza aos sabores de ma\u00e7\u00e3 e kiwi. \u00c9 um vinho finamente equilibrado que precisa apenas de mais alguns meses. Apresenta-se muito potente mas ao mesmo tempo muito elegante. Acidez bem equilibrada. Final longo e persistente.<\/p>\n","protected":false},"excerpt":{"rendered":"<ul style=\"list-style-type:disc;\">\n<li><strong>Produtor<\/strong>: Lua Cheia \u2013 SAVEN<\/li>\n<li><strong>Regi\u00e3o<\/strong>: Douro<\/li>\n<li><strong>Pa\u00eds<\/strong>: Portugal<\/li>\n<li><strong>Estilo<\/strong> <strong>do<\/strong> <strong>vinho<\/strong>: Vinho Branco<\/li>\n<li><strong>Uva<\/strong>: Viosinho, Verdelho<\/li>\n<li><strong>Garrafa<\/strong>: 750ml<\/li>\n<li><strong>Teor<\/strong> <strong>alco\u00f3lico<\/strong>: 13%<\/li>\n<\/ul>\n","protected":false},"author":43533,"featured_media":66324,"comment_status":"open","ping_status":"closed","template":"","meta":[],"pwb-brand":[],"product_brand":[],"product_cat":[8289,8291,8431,8489,8825],"product_tag":[],"class_list":{"0":"post-214984","1":"product","2":"type-product","3":"status-publish","4":"has-post-thumbnail","6":"product_cat-inicio","7":"product_cat-produtos-portugueses","8":"product_cat-vinhos-pt-pt","9":"product_cat-vinho-branco","10":"product_cat-douro-pt-pt-vinho-branco","12":"first","13":"outofstock","14":"taxable","15":"shipping-taxable","16":"purchasable","17":"product-type-simple"},"aioseo_notices":[],"brands":[],"_links":{"self":[{"href":"https:\/\/www.delicias-uk.com\/pt-pt\/wp-json\/wp\/v2\/product\/214984","targetHints":{"allow":["GET"]}}],"collection":[{"href":"https:\/\/www.delicias-uk.com\/pt-pt\/wp-json\/wp\/v2\/product"}],"about":[{"href":"https:\/\/www.delicias-uk.com\/pt-pt\/wp-json\/wp\/v2\/types\/product"}],"author":[{"embeddable":true,"href":"https:\/\/www.delicias-uk.com\/pt-pt\/wp-json\/wp\/v2\/users\/43533"}],"replies":[{"embeddable":true,"href":"https:\/\/www.delicias-uk.com\/pt-pt\/wp-json\/wp\/v2\/comments?post=214984"}],"wp:featuredmedia":[{"embeddable":true,"href":"https:\/\/www.delicias-uk.com\/pt-pt\/wp-json\/wp\/v2\/media\/66324"}],"wp:attachment":[{"href":"https:\/\/www.delicias-uk.com\/pt-pt\/wp-json\/wp\/v2\/media?parent=214984"}],"wp:term":[{"taxonomy":"pwb-brand","embeddable":true,"href":"https:\/\/www.delicias-uk.com\/pt-pt\/wp-json\/wp\/v2\/pwb-brand?post=214984"},{"taxonomy":"product_brand","embeddable":true,"href":"https:\/\/www.delicias-uk.com\/pt-pt\/wp-json\/wp\/v2\/product_brand?post=214984"},{"taxonomy":"product_cat","embeddable":true,"href":"https:\/\/www.delicias-uk.com\/pt-pt\/wp-json\/wp\/v2\/product_cat?post=214984"},{"taxonomy":"product_tag","embeddable":true,"href":"https:\/\/www.delicias-uk.com\/pt-pt\/wp-json\/wp\/v2\/product_tag?post=214984"}],"curies":[{"name":"wp","href":"https:\/\/api.w.org\/{rel}","templated":true}]}}