{"id":214934,"date":"2022-04-06T11:08:32","date_gmt":"2022-04-06T11:08:32","guid":{"rendered":"https:\/\/www.delicias-uk.com\/product\/pao-de-lo-conventual-de-ovar-fabridoce-75g-2\/"},"modified":"2025-05-05T12:40:56","modified_gmt":"2025-05-05T11:40:56","slug":"pao-de-lo-conventual-de-ovar-fabridoce-75g-2","status":"publish","type":"product","link":"https:\/\/www.delicias-uk.com\/pt-pt\/produto\/pao-de-lo-conventual-de-ovar-fabridoce-75g-2\/","title":{"rendered":"Mini P\u00e3o de L\u00f3 Conventual Ovar Congelado Fabridoce 75g x 6"},"content":{"rendered":"<p>\u00c9 um doce tradicional com uma massa leve e macia, com mais de duzentos anos. Tem uma textura h\u00famida no meio. Esta sobremesa \u00e9 uma presen\u00e7a obrigat\u00f3ria na mesa portuguesa durante a P\u00e1scoa e o Natal, mas tamb\u00e9m \u00e9 apreciada em qualquer altura do ano. Trata-se de um produto congelado que ser\u00e1 descongelado antes de ser enviado.<\/p>\n","protected":false},"excerpt":{"rendered":"<ul>\n<li>P\u00e3o-de-l\u00f3 tradicional de Ovar (Portugal).<\/li>\n<li>6 unidades, 75 gr cada.<\/li>\n<li>Produto congelado &#8211; ser\u00e1 descongelado antes de ser enviado.<\/li>\n<\/ul>\n","protected":false},"author":43533,"featured_media":90790,"comment_status":"open","ping_status":"closed","template":"","meta":[],"pwb-brand":[],"product_brand":[],"product_cat":[9313,8289,8305,8399],"product_tag":[],"class_list":{"0":"post-214934","1":"product","2":"type-product","3":"status-publish","4":"has-post-thumbnail","6":"product_cat-bolos-de-natal","7":"product_cat-inicio","8":"product_cat-produtos-congelados","9":"product_cat-pastelaria-congelada","11":"first","12":"instock","13":"taxable","14":"shipping-taxable","15":"purchasable","16":"product-type-simple"},"aioseo_notices":[],"brands":[],"_links":{"self":[{"href":"https:\/\/www.delicias-uk.com\/pt-pt\/wp-json\/wp\/v2\/product\/214934","targetHints":{"allow":["GET"]}}],"collection":[{"href":"https:\/\/www.delicias-uk.com\/pt-pt\/wp-json\/wp\/v2\/product"}],"about":[{"href":"https:\/\/www.delicias-uk.com\/pt-pt\/wp-json\/wp\/v2\/types\/product"}],"author":[{"embeddable":true,"href":"https:\/\/www.delicias-uk.com\/pt-pt\/wp-json\/wp\/v2\/users\/43533"}],"replies":[{"embeddable":true,"href":"https:\/\/www.delicias-uk.com\/pt-pt\/wp-json\/wp\/v2\/comments?post=214934"}],"wp:featuredmedia":[{"embeddable":true,"href":"https:\/\/www.delicias-uk.com\/pt-pt\/wp-json\/wp\/v2\/media\/90790"}],"wp:attachment":[{"href":"https:\/\/www.delicias-uk.com\/pt-pt\/wp-json\/wp\/v2\/media?parent=214934"}],"wp:term":[{"taxonomy":"pwb-brand","embeddable":true,"href":"https:\/\/www.delicias-uk.com\/pt-pt\/wp-json\/wp\/v2\/pwb-brand?post=214934"},{"taxonomy":"product_brand","embeddable":true,"href":"https:\/\/www.delicias-uk.com\/pt-pt\/wp-json\/wp\/v2\/product_brand?post=214934"},{"taxonomy":"product_cat","embeddable":true,"href":"https:\/\/www.delicias-uk.com\/pt-pt\/wp-json\/wp\/v2\/product_cat?post=214934"},{"taxonomy":"product_tag","embeddable":true,"href":"https:\/\/www.delicias-uk.com\/pt-pt\/wp-json\/wp\/v2\/product_tag?post=214934"}],"curies":[{"name":"wp","href":"https:\/\/api.w.org\/{rel}","templated":true}]}}