{"id":214910,"date":"2022-04-01T10:04:07","date_gmt":"2022-04-01T10:04:07","guid":{"rendered":"https:\/\/www.delicias-uk.com\/product\/sumo-um-bongo-8-frutos-com-palhinha-200ml-x-3-3\/"},"modified":"2026-03-23T13:59:38","modified_gmt":"2026-03-23T13:59:38","slug":"sumo-um-bongo-8-frutos-com-palhinha-200ml-x-3-3","status":"publish","type":"product","link":"https:\/\/www.delicias-uk.com\/pt-pt\/produto\/sumo-um-bongo-8-frutos-com-palhinha-200ml-x-3-3\/","title":{"rendered":"Sumo de 8 Frutos Um Bongo 1L"},"content":{"rendered":"<p style=\"margin-top:0pt;margin-bottom:0pt;margin-left:0in;\">Um Bongo, agora com 80% fruta e 20% de \u00e1gua, sem adi\u00e7\u00e3o de a\u00e7\u00facares nem ingredientes artificiais<\/p>\n<p style=\"margin-top:0pt;margin-bottom:0pt;margin-left:0in;\">\n<p style=\"margin-top:0pt;margin-bottom:0pt;margin-left:0in;text-align:left;\">\n<p style=\"margin-top:0pt;margin-bottom:0pt;margin-left:0in;\"><span style=\"font-size:11pt;font-family:Calibri;\">Ingredientes: <\/span><span style=\"font-size:11pt;font-family:Calibri;\">Polpas de ma\u00e7\u00e3 (56%), banana (30,09%) e manga (5,6%), sumo ma\u00e7\u00e3 (3,5%): \u00e0 base de concentrado, polpa de goiaba (1,7%), sumos de laranja (1,5%), anan\u00e1s (0,5%, maracuj\u00e1 (0,4%), alperce (0,2%): \u00e0 base de concentrado, \u00e1gua, regulador de acidez: acido c\u00edtrico e sumo de lim\u00e3o (0,01%): \u00e0 base de concentrado.<\/span><\/p>\n<p style=\"margin-top:0pt;margin-bottom:0pt;margin-left:0in;text-align:left;\">\n<p style=\"margin-top:0pt;margin-bottom:0pt;margin-left:0in;text-align:left;\">\n","protected":false},"excerpt":{"rendered":"<p>Um Bongo, agora com 80% fruta e 20% de \u00e1gua, sem adi\u00e7\u00e3o de a\u00e7\u00facares nem ingredientes artificiais Ingredientes: Polpas de ma\u00e7\u00e3 (56%), banana (30,09%) e manga (5,6%), sumo ma\u00e7\u00e3 (3,5%): \u00e0 base de concentrado, polpa de goiaba (1,7%), sumos de laranja (1,5%), anan\u00e1s (0,5%, maracuj\u00e1 (0,4%), alperce (0,2%): \u00e0 base de concentrado, \u00e1gua, regulador de [&hellip;]<\/p>\n","protected":false},"author":43533,"featured_media":90742,"comment_status":"open","ping_status":"closed","template":"","meta":[],"pwb-brand":[],"product_brand":[],"product_cat":[8289,8455],"product_tag":[],"class_list":{"0":"post-214910","1":"product","2":"type-product","3":"status-publish","4":"has-post-thumbnail","6":"product_cat-inicio","7":"product_cat-sumos","9":"first","10":"instock","11":"taxable","12":"shipping-taxable","13":"purchasable","14":"product-type-simple"},"aioseo_notices":[],"brands":[],"_links":{"self":[{"href":"https:\/\/www.delicias-uk.com\/pt-pt\/wp-json\/wp\/v2\/product\/214910","targetHints":{"allow":["GET"]}}],"collection":[{"href":"https:\/\/www.delicias-uk.com\/pt-pt\/wp-json\/wp\/v2\/product"}],"about":[{"href":"https:\/\/www.delicias-uk.com\/pt-pt\/wp-json\/wp\/v2\/types\/product"}],"author":[{"embeddable":true,"href":"https:\/\/www.delicias-uk.com\/pt-pt\/wp-json\/wp\/v2\/users\/43533"}],"replies":[{"embeddable":true,"href":"https:\/\/www.delicias-uk.com\/pt-pt\/wp-json\/wp\/v2\/comments?post=214910"}],"wp:featuredmedia":[{"embeddable":true,"href":"https:\/\/www.delicias-uk.com\/pt-pt\/wp-json\/wp\/v2\/media\/90742"}],"wp:attachment":[{"href":"https:\/\/www.delicias-uk.com\/pt-pt\/wp-json\/wp\/v2\/media?parent=214910"}],"wp:term":[{"taxonomy":"pwb-brand","embeddable":true,"href":"https:\/\/www.delicias-uk.com\/pt-pt\/wp-json\/wp\/v2\/pwb-brand?post=214910"},{"taxonomy":"product_brand","embeddable":true,"href":"https:\/\/www.delicias-uk.com\/pt-pt\/wp-json\/wp\/v2\/product_brand?post=214910"},{"taxonomy":"product_cat","embeddable":true,"href":"https:\/\/www.delicias-uk.com\/pt-pt\/wp-json\/wp\/v2\/product_cat?post=214910"},{"taxonomy":"product_tag","embeddable":true,"href":"https:\/\/www.delicias-uk.com\/pt-pt\/wp-json\/wp\/v2\/product_tag?post=214910"}],"curies":[{"name":"wp","href":"https:\/\/api.w.org\/{rel}","templated":true}]}}