{"id":214908,"date":"2022-04-01T09:12:40","date_gmt":"2022-04-01T09:12:40","guid":{"rendered":"https:\/\/www.delicias-uk.com\/product\/sumo-um-bongo-8-frutos-com-palhinha-200ml-x-3-2\/"},"modified":"2026-04-07T21:03:23","modified_gmt":"2026-04-07T20:03:23","slug":"sumo-um-bongo-8-frutos-com-palhinha-200ml-x-3-2","status":"publish","type":"product","link":"https:\/\/www.delicias-uk.com\/pt-pt\/produto\/sumo-um-bongo-8-frutos-com-palhinha-200ml-x-3-2\/","title":{"rendered":"Sumo de 8 Frutos Um Bongo Com Palhinha 200ml x 3"},"content":{"rendered":"<p style=\"margin-top:0pt;margin-bottom:0pt;margin-left:0in;\"><span style=\"font-size:11pt;font-family:Calibri;vertical-align:baseline;\">Na hora de <\/span><span style=\"font-size:11pt;font-family:Calibri;vertical-align:baseline;\">preparar<\/span><span style=\"font-size:11pt;font-family:Calibri;vertical-align:baseline;\"> a <\/span><span style=\"font-size:11pt;font-family:Calibri;vertical-align:baseline;\">lancheira<\/span><span style=\"font-size:11pt;font-family:Calibri;vertical-align:baseline;\"> dos <\/span><span style=\"font-size:11pt;font-family:Calibri;vertical-align:baseline;\">mi\u00fados<\/span><span style=\"font-size:11pt;font-family:Calibri;vertical-align:baseline;\">, qual \u00e9 <\/span><span style=\"font-size:11pt;font-family:Calibri;vertical-align:baseline;\">aquele<\/span><span style=\"font-size:11pt;font-family:Calibri;vertical-align:baseline;\"> <\/span><span style=\"font-size:11pt;font-family:Calibri;vertical-align:baseline;\">ingrediente<\/span><span style=\"font-size:11pt;font-family:Calibri;vertical-align:baseline;\"> que <\/span><span style=\"font-size:11pt;font-family:Calibri;vertical-align:baseline;\">n\u00e3o<\/span><span style=\"font-size:11pt;font-family:Calibri;vertical-align:baseline;\"> <\/span><span style=\"font-size:11pt;font-family:Calibri;vertical-align:baseline;\">pode<\/span><span style=\"font-size:11pt;font-family:Calibri;vertical-align:baseline;\"> <\/span><span style=\"font-size:11pt;font-family:Calibri;vertical-align:baseline;\">faltar<\/span><span style=\"font-size:11pt;font-family:Calibri;vertical-align:baseline;\">?\u00a0 \u00a0 \u00a0 \u00a0\u00a0<\/span><\/p>\n<p style=\"margin-top:0pt;margin-bottom:0pt;margin-left:0in;\"><span style=\"font-size:11pt;font-family:Calibri;vertical-align:baseline;\">Os <\/span><span style=\"font-size:11pt;font-family:Calibri;vertical-align:baseline;\">pacotinhos<\/span><span style=\"font-size:11pt;font-family:Calibri;vertical-align:baseline;\"> <\/span><span style=\"font-size:11pt;font-family:Calibri;vertical-align:baseline;\">individuais<\/span><span style=\"font-size:11pt;font-family:Calibri;vertical-align:baseline;\"> de Um Bongo <\/span><span style=\"font-size:11pt;font-family:Calibri;vertical-align:baseline;\">s\u00e3o<\/span><span style=\"font-size:11pt;font-family:Calibri;vertical-align:baseline;\"> <\/span><span style=\"font-size:11pt;font-family:Calibri;vertical-align:baseline;\">leves<\/span><span style=\"font-size:11pt;font-family:Calibri;vertical-align:baseline;\">, <\/span><span style=\"font-size:11pt;font-family:Calibri;vertical-align:baseline;\">f\u00e1ceis<\/span><span style=\"font-size:11pt;font-family:Calibri;vertical-align:baseline;\"> de <\/span><span style=\"font-size:11pt;font-family:Calibri;vertical-align:baseline;\">transportar<\/span><span style=\"font-size:11pt;font-family:Calibri;vertical-align:baseline;\"> e um <\/span><span style=\"font-size:11pt;font-family:Calibri;vertical-align:baseline;\">complemento<\/span><span style=\"font-size:11pt;font-family:Calibri;vertical-align:baseline;\"> <\/span><span style=\"font-size:11pt;font-family:Calibri;vertical-align:baseline;\">saud\u00e1vel<\/span><span style=\"font-size:11pt;font-family:Calibri;vertical-align:baseline;\"> e <\/span><span style=\"font-size:11pt;font-family:Calibri;vertical-align:baseline;\">delicioso<\/span><span style=\"font-size:11pt;font-family:Calibri;vertical-align:baseline;\"> para os <\/span><span style=\"font-size:11pt;font-family:Calibri;vertical-align:baseline;\">lanches<\/span><span style=\"font-size:11pt;font-family:Calibri;vertical-align:baseline;\"> dos <\/span><span style=\"font-size:11pt;font-family:Calibri;vertical-align:baseline;\">mais<\/span><span style=\"font-size:11pt;font-family:Calibri;vertical-align:baseline;\"> <\/span><span style=\"font-size:11pt;font-family:Calibri;vertical-align:baseline;\">novos<\/span><span style=\"font-size:11pt;font-family:Calibri;vertical-align:baseline;\">.<\/span><span style=\"font-size:11pt;font-family:Calibri;vertical-align:baseline;\"> <\/span><\/p>\n<p style=\"margin-top:0pt;margin-bottom:0pt;margin-left:0in;\"><span style=\"font-size:11pt;font-family:Calibri;\">\u201cUm Bongo \u2013 Alimenta a Brincadeira\u201d<\/span><\/p>\n<p style=\"margin-top:0pt;margin-bottom:0pt;margin-left:0in;\">\n<p style=\"margin-top:0pt;margin-bottom:0pt;margin-left:0in;\"><span style=\"font-size:11pt;font-family:Calibri;\">Um Bongo, agora com 80% fruta e 20% de \u00e1gua, sem adi\u00e7\u00e3o de a\u00e7\u00facares nem ingredientes artificiais<\/span><\/p>\n<p style=\"margin-top:0pt;margin-bottom:0pt;margin-left:0in;\">\n<p style=\"margin-top:0pt;margin-bottom:0pt;margin-left:0in;text-align:left;\">\n<p style=\"margin-top:0pt;margin-bottom:0pt;margin-left:0in;\"><span style=\"font-size:11pt;font-family:Calibri;\">Ingredientes: <\/span><span style=\"font-size:11pt;font-family:Calibri;\">Polpas de ma\u00e7\u00e3 (56%), banana (30,09%) e manga (5,6%), sumo ma\u00e7\u00e3 (3,5%): \u00e0 base de concentrado, polpa de goiaba (1,7%), sumos de laranja (1,5%), anan\u00e1s (0,5%, maracuj\u00e1 (0,4%), alperce (0,2%): \u00e0 base de concentrado, \u00e1gua, regulador de acidez: acido c\u00edtrico e sumo de lim\u00e3o (0,01%): \u00e0 base de concentrado.<\/span><\/p>\n<p style=\"margin-top:0pt;margin-bottom:0pt;margin-left:0in;text-align:left;\">\n<p style=\"margin-top:0pt;margin-bottom:0pt;margin-left:0in;text-align:left;\">\n","protected":false},"excerpt":{"rendered":"<p>Na hora de preparar a lancheira dos mi\u00fados, qual \u00e9 aquele ingrediente que n\u00e3o pode faltar?\u00a0 \u00a0 \u00a0 \u00a0\u00a0 Os pacotinhos individuais de Um Bongo s\u00e3o leves, f\u00e1ceis de transportar e um complemento saud\u00e1vel e delicioso para os lanches dos mais novos. \u201cUm Bongo \u2013 Alimenta a Brincadeira\u201d Um Bongo, agora com 80% fruta e [&hellip;]<\/p>\n","protected":false},"author":43533,"featured_media":90736,"comment_status":"open","ping_status":"closed","template":"","meta":[],"pwb-brand":[],"product_brand":[],"product_cat":[8289,8455],"product_tag":[],"class_list":{"0":"post-214908","1":"product","2":"type-product","3":"status-publish","4":"has-post-thumbnail","6":"product_cat-inicio","7":"product_cat-sumos","9":"first","10":"instock","11":"taxable","12":"shipping-taxable","13":"purchasable","14":"product-type-simple"},"aioseo_notices":[],"brands":[],"_links":{"self":[{"href":"https:\/\/www.delicias-uk.com\/pt-pt\/wp-json\/wp\/v2\/product\/214908","targetHints":{"allow":["GET"]}}],"collection":[{"href":"https:\/\/www.delicias-uk.com\/pt-pt\/wp-json\/wp\/v2\/product"}],"about":[{"href":"https:\/\/www.delicias-uk.com\/pt-pt\/wp-json\/wp\/v2\/types\/product"}],"author":[{"embeddable":true,"href":"https:\/\/www.delicias-uk.com\/pt-pt\/wp-json\/wp\/v2\/users\/43533"}],"replies":[{"embeddable":true,"href":"https:\/\/www.delicias-uk.com\/pt-pt\/wp-json\/wp\/v2\/comments?post=214908"}],"wp:featuredmedia":[{"embeddable":true,"href":"https:\/\/www.delicias-uk.com\/pt-pt\/wp-json\/wp\/v2\/media\/90736"}],"wp:attachment":[{"href":"https:\/\/www.delicias-uk.com\/pt-pt\/wp-json\/wp\/v2\/media?parent=214908"}],"wp:term":[{"taxonomy":"pwb-brand","embeddable":true,"href":"https:\/\/www.delicias-uk.com\/pt-pt\/wp-json\/wp\/v2\/pwb-brand?post=214908"},{"taxonomy":"product_brand","embeddable":true,"href":"https:\/\/www.delicias-uk.com\/pt-pt\/wp-json\/wp\/v2\/product_brand?post=214908"},{"taxonomy":"product_cat","embeddable":true,"href":"https:\/\/www.delicias-uk.com\/pt-pt\/wp-json\/wp\/v2\/product_cat?post=214908"},{"taxonomy":"product_tag","embeddable":true,"href":"https:\/\/www.delicias-uk.com\/pt-pt\/wp-json\/wp\/v2\/product_tag?post=214908"}],"curies":[{"name":"wp","href":"https:\/\/api.w.org\/{rel}","templated":true}]}}