{"id":214896,"date":"2022-03-25T14:58:34","date_gmt":"2022-03-25T14:58:34","guid":{"rendered":"https:\/\/www.delicias-uk.com\/product\/cachaca-velho-barreiro-39-alcool-700ml\/"},"modified":"2025-09-14T01:19:57","modified_gmt":"2025-09-14T00:19:57","slug":"cachaca-velho-barreiro-39-alcool-700ml","status":"publish","type":"product","link":"https:\/\/www.delicias-uk.com\/pt-pt\/produto\/cachaca-velho-barreiro-39-alcool-700ml\/","title":{"rendered":"Cacha\u00e7a Velho Barreiro (Alc. 39%) 70cl"},"content":{"rendered":"<p>Velho Barreiro Cacha\u00e7a Brasileira tem um aroma muito delicado devido aos cuidadosos m\u00e9todos de destila\u00e7\u00e3o. \u00c9 uma bebida brasileira muito popular e \u00e9 melhor servida com coquet\u00e9is de frutas.<\/p>\n","protected":false},"excerpt":{"rendered":"<ul style=\"list-style-type:disc;\">\n<li>Cacha\u00e7a Tradicional<\/li>\n<li>Aroma delicado<\/li>\n<li>Perfeita na prepara\u00e7\u00e3o de coquet\u00e9is<\/li>\n<li>39% \u00e1lcool<\/li>\n<\/ul>\n","protected":false},"author":43533,"featured_media":90714,"comment_status":"open","ping_status":"closed","template":"","meta":[],"pwb-brand":[],"product_brand":[],"product_cat":[8289,8293,8319,8421,8485,8499,8347],"product_tag":[],"class_list":{"0":"post-214896","1":"product","2":"type-product","3":"status-publish","4":"has-post-thumbnail","6":"product_cat-inicio","7":"product_cat-produtos-brasileiros","8":"product_cat-especiais-do-mes-pt-pt","9":"product_cat-destilados-cachaca","10":"product_cat-cachaca-pt-pt","11":"product_cat-sem-glutem","12":"product_cat-vegetariano","14":"first","15":"instock","16":"featured","17":"taxable","18":"shipping-taxable","19":"purchasable","20":"product-type-simple"},"aioseo_notices":[],"brands":[],"_links":{"self":[{"href":"https:\/\/www.delicias-uk.com\/pt-pt\/wp-json\/wp\/v2\/product\/214896","targetHints":{"allow":["GET"]}}],"collection":[{"href":"https:\/\/www.delicias-uk.com\/pt-pt\/wp-json\/wp\/v2\/product"}],"about":[{"href":"https:\/\/www.delicias-uk.com\/pt-pt\/wp-json\/wp\/v2\/types\/product"}],"author":[{"embeddable":true,"href":"https:\/\/www.delicias-uk.com\/pt-pt\/wp-json\/wp\/v2\/users\/43533"}],"replies":[{"embeddable":true,"href":"https:\/\/www.delicias-uk.com\/pt-pt\/wp-json\/wp\/v2\/comments?post=214896"}],"wp:featuredmedia":[{"embeddable":true,"href":"https:\/\/www.delicias-uk.com\/pt-pt\/wp-json\/wp\/v2\/media\/90714"}],"wp:attachment":[{"href":"https:\/\/www.delicias-uk.com\/pt-pt\/wp-json\/wp\/v2\/media?parent=214896"}],"wp:term":[{"taxonomy":"pwb-brand","embeddable":true,"href":"https:\/\/www.delicias-uk.com\/pt-pt\/wp-json\/wp\/v2\/pwb-brand?post=214896"},{"taxonomy":"product_brand","embeddable":true,"href":"https:\/\/www.delicias-uk.com\/pt-pt\/wp-json\/wp\/v2\/product_brand?post=214896"},{"taxonomy":"product_cat","embeddable":true,"href":"https:\/\/www.delicias-uk.com\/pt-pt\/wp-json\/wp\/v2\/product_cat?post=214896"},{"taxonomy":"product_tag","embeddable":true,"href":"https:\/\/www.delicias-uk.com\/pt-pt\/wp-json\/wp\/v2\/product_tag?post=214896"}],"curies":[{"name":"wp","href":"https:\/\/api.w.org\/{rel}","templated":true}]}}