{"id":214884,"date":"2022-03-24T12:03:29","date_gmt":"2022-03-24T12:03:29","guid":{"rendered":"https:\/\/www.delicias-uk.com\/product\/cavalas-em-azeite-nuri-125g\/"},"modified":"2026-04-12T12:48:14","modified_gmt":"2026-04-12T11:48:14","slug":"cavalas-em-azeite-nuri-125g","status":"publish","type":"product","link":"https:\/\/www.delicias-uk.com\/pt-pt\/produto\/cavalas-em-azeite-nuri-125g\/","title":{"rendered":"Cavalas em Azeite Nuri 125g"},"content":{"rendered":"<p><strong>Ingredientes:<\/strong> Cavala (73%), azeite (27%), sal.<\/p>\n<p>NURI \u00e9 uma das marcas mais antigas e ic\u00f3nicas da Pinhais &amp; C\u00b0 Lda. Mas por que o nome NURI? S\u00e3o duas hist\u00f3rias&#8230; Uma \u00e9 sobre a rea\u00e7\u00e3o de um \u00e1rabe ao abrir uma lata. Vendo como as sardinhas brilhavam, exclamou &#8220;NURI!&#8221; o que significa brilhante, um s\u00edmbolo de pureza e perfei\u00e7\u00e3o em sua linguagem. Para os verdadeiros rom\u00e2nticos, a 2\u00aa hist\u00f3ria gira em torno de um dos fundadores da empresa. Sendo um homem viajado, falava 4 l\u00ednguas e era respons\u00e1vel pela promo\u00e7\u00e3o das nossas sardinhas artesanais nos mercados externos. Em uma de suas viagens \u00e0 Espanha, ele se apaixonou por uma linda mulher chamada &#8211; &#8220;NURIA&#8221;. Agora cabe a voc\u00ea escolher uma das hist\u00f3rias em que acreditar..<\/p>\n","protected":false},"excerpt":{"rendered":"<ul style=\"list-style-type:disc;\">\n<li>Peso l\u00edquido 125g<\/li>\n<li>Fonte de prote\u00edna e omega3<\/li>\n<li>Pronto para usar\u00a0<\/li>\n<li>Mais de 100 anos de tradi\u00e7\u00e3o<\/li>\n<\/ul>\n","protected":false},"author":43533,"featured_media":90682,"comment_status":"open","ping_status":"closed","template":"","meta":[],"pwb-brand":[],"product_brand":[],"product_cat":[9325,8289,8291,8411,8513],"product_tag":[],"class_list":{"0":"post-214884","1":"product","2":"type-product","3":"status-publish","4":"has-post-thumbnail","6":"product_cat-pickles-conservas","7":"product_cat-inicio","8":"product_cat-produtos-portugueses","9":"product_cat-conservas","10":"product_cat-cavala","12":"first","13":"instock","14":"taxable","15":"shipping-taxable","16":"purchasable","17":"product-type-simple"},"aioseo_notices":[],"brands":[],"_links":{"self":[{"href":"https:\/\/www.delicias-uk.com\/pt-pt\/wp-json\/wp\/v2\/product\/214884","targetHints":{"allow":["GET"]}}],"collection":[{"href":"https:\/\/www.delicias-uk.com\/pt-pt\/wp-json\/wp\/v2\/product"}],"about":[{"href":"https:\/\/www.delicias-uk.com\/pt-pt\/wp-json\/wp\/v2\/types\/product"}],"author":[{"embeddable":true,"href":"https:\/\/www.delicias-uk.com\/pt-pt\/wp-json\/wp\/v2\/users\/43533"}],"replies":[{"embeddable":true,"href":"https:\/\/www.delicias-uk.com\/pt-pt\/wp-json\/wp\/v2\/comments?post=214884"}],"wp:featuredmedia":[{"embeddable":true,"href":"https:\/\/www.delicias-uk.com\/pt-pt\/wp-json\/wp\/v2\/media\/90682"}],"wp:attachment":[{"href":"https:\/\/www.delicias-uk.com\/pt-pt\/wp-json\/wp\/v2\/media?parent=214884"}],"wp:term":[{"taxonomy":"pwb-brand","embeddable":true,"href":"https:\/\/www.delicias-uk.com\/pt-pt\/wp-json\/wp\/v2\/pwb-brand?post=214884"},{"taxonomy":"product_brand","embeddable":true,"href":"https:\/\/www.delicias-uk.com\/pt-pt\/wp-json\/wp\/v2\/product_brand?post=214884"},{"taxonomy":"product_cat","embeddable":true,"href":"https:\/\/www.delicias-uk.com\/pt-pt\/wp-json\/wp\/v2\/product_cat?post=214884"},{"taxonomy":"product_tag","embeddable":true,"href":"https:\/\/www.delicias-uk.com\/pt-pt\/wp-json\/wp\/v2\/product_tag?post=214884"}],"curies":[{"name":"wp","href":"https:\/\/api.w.org\/{rel}","templated":true}]}}