{"id":214874,"date":"2022-03-23T17:15:55","date_gmt":"2022-03-23T17:15:55","guid":{"rendered":"https:\/\/www.delicias-uk.com\/product\/mel-serramel-rosmaninho-cframboesa-fr-240g-2\/"},"modified":"2025-02-06T17:17:04","modified_gmt":"2025-02-06T17:17:04","slug":"mel-serramel-rosmaninho-cframboesa-fr-240g-2","status":"publish","type":"product","link":"https:\/\/www.delicias-uk.com\/pt-pt\/produto\/mel-serramel-rosmaninho-cframboesa-fr-240g-2\/","title":{"rendered":"Mel de Rosmaninho Com Framboesa Serramel Frasco 240g"},"content":{"rendered":"<p><span style=\"font-size:12pt;font-family:Calibri;\">Produto natural de alta qualidade constitu\u00eddo por mel de Rosmaninho e framboesa. Nada mais. A fruta n\u00e3o \u00e9 cozida para manter toda a sua qualidade e sabor. Tem uma consist\u00eancia cremosa, sendo ideal para barrar<\/span><span style=\"font-size:12pt;font-family:Calibri;\">.<\/span><\/p>\n","protected":false},"excerpt":{"rendered":"<p>Produto natural de alta qualidade constitu\u00eddo por mel de Rosmaninho e framboesa. Nada mais. A fruta n\u00e3o \u00e9 cozida para manter toda a sua qualidade e sabor. Tem uma consist\u00eancia cremosa, sendo ideal para barrar.<\/p>\n","protected":false},"author":43533,"featured_media":90662,"comment_status":"open","ping_status":"closed","template":"","meta":[],"pwb-brand":[],"product_brand":[],"product_cat":[8743],"product_tag":[],"class_list":{"0":"post-214874","1":"product","2":"type-product","3":"status-publish","4":"has-post-thumbnail","6":"product_cat-mel-pt-pt","8":"first","9":"instock","10":"taxable","11":"shipping-taxable","12":"purchasable","13":"product-type-simple"},"aioseo_notices":[],"brands":[],"_links":{"self":[{"href":"https:\/\/www.delicias-uk.com\/pt-pt\/wp-json\/wp\/v2\/product\/214874","targetHints":{"allow":["GET"]}}],"collection":[{"href":"https:\/\/www.delicias-uk.com\/pt-pt\/wp-json\/wp\/v2\/product"}],"about":[{"href":"https:\/\/www.delicias-uk.com\/pt-pt\/wp-json\/wp\/v2\/types\/product"}],"author":[{"embeddable":true,"href":"https:\/\/www.delicias-uk.com\/pt-pt\/wp-json\/wp\/v2\/users\/43533"}],"replies":[{"embeddable":true,"href":"https:\/\/www.delicias-uk.com\/pt-pt\/wp-json\/wp\/v2\/comments?post=214874"}],"wp:featuredmedia":[{"embeddable":true,"href":"https:\/\/www.delicias-uk.com\/pt-pt\/wp-json\/wp\/v2\/media\/90662"}],"wp:attachment":[{"href":"https:\/\/www.delicias-uk.com\/pt-pt\/wp-json\/wp\/v2\/media?parent=214874"}],"wp:term":[{"taxonomy":"pwb-brand","embeddable":true,"href":"https:\/\/www.delicias-uk.com\/pt-pt\/wp-json\/wp\/v2\/pwb-brand?post=214874"},{"taxonomy":"product_brand","embeddable":true,"href":"https:\/\/www.delicias-uk.com\/pt-pt\/wp-json\/wp\/v2\/product_brand?post=214874"},{"taxonomy":"product_cat","embeddable":true,"href":"https:\/\/www.delicias-uk.com\/pt-pt\/wp-json\/wp\/v2\/product_cat?post=214874"},{"taxonomy":"product_tag","embeddable":true,"href":"https:\/\/www.delicias-uk.com\/pt-pt\/wp-json\/wp\/v2\/product_tag?post=214874"}],"curies":[{"name":"wp","href":"https:\/\/api.w.org\/{rel}","templated":true}]}}