{"id":214870,"date":"2022-03-23T16:10:20","date_gmt":"2022-03-23T16:10:20","guid":{"rendered":"https:\/\/www.delicias-uk.com\/product\/cereais-granola-portuguesa-serramel-400g-2\/"},"modified":"2025-10-29T10:41:06","modified_gmt":"2025-10-29T10:41:06","slug":"cereais-granola-portuguesa-serramel-400g-2","status":"publish","type":"product","link":"https:\/\/www.delicias-uk.com\/pt-pt\/produto\/cereais-granola-portuguesa-serramel-400g-2\/","title":{"rendered":"Granola Portuguesa Serramel 400g"},"content":{"rendered":"<p style=\"margin-top:0pt;margin-bottom:0pt;margin-left:0in\"><span style=\"font-size:11pt;font-family:Calibri\">A Granola Portuguesa Serramel, Cereais de Pequeno Almo\u00e7o, \u00e9 uma agrad\u00e1vel mistura de flocos de aveia integrais, am\u00eandoas, sementes e frutas portuguesas desidratadas (ma\u00e7\u00e3, p\u00eassego e morango), envolvidos em mel e levemente torrados.<\/span><\/p>\n<p style=\"margin-top:0pt;margin-bottom:0pt;margin-left:0in\">\n<p style=\"margin-top:0pt;margin-bottom:0pt;margin-left:0in\"><span style=\"font-size:11pt;font-family:Calibri\">No seu pequeno almo\u00e7o, lanche, sobremesa ou quebra de jejum, as Granolas Serramel proporcionam uma liberta\u00e7\u00e3o lenta e progressiva de energia, ao longo do seu activo dia de trabalho.<\/span><\/p>\n<p style=\"margin-top:0pt;margin-bottom:0pt;margin-left:0in\">\n<p style=\"margin-top:0pt;margin-bottom:0pt;margin-left:0in\"><span style=\"font-size:11pt;font-family:Calibri\">Cont\u00e9m apenas produtos naturais de alta qualidade.<\/span><\/p>\n<p style=\"margin-top:0pt;margin-bottom:0pt;margin-left:0in\">\n<p style=\"margin-top:0pt;margin-bottom:0pt;margin-left:0in\"><span style=\"font-size:11pt;font-family:Calibri\">\u00c9 uma receita original feita com o rigor a que a Euromel j\u00e1 o habituou.<\/span><\/p>\n<p style=\"margin-top:0pt;margin-bottom:0pt;margin-left:0in\">\n<p style=\"margin-top:0pt;margin-bottom:0pt;margin-left:0in\"><span style=\"font-size:11pt;font-family:Calibri\">Ideal com iogurte, com frutas frescas ou com gelado. Excelente como guarni\u00e7\u00e3o de saladas ou mesmo simples!<\/span><\/p>\n<p style=\"margin-top:0pt;margin-bottom:0pt;margin-left:0in\">\n<\/p>\n<p style=\"margin-top:0pt;margin-bottom:0pt;margin-left:0in\"><span style=\"font-size:11pt;font-family:Calibri\">\u00c9 um alimento saud\u00e1vel, muito nutritivo e energ\u00e9tico.<\/span><\/p>\n","protected":false},"excerpt":{"rendered":"<p>A Granola Portuguesa Serramel, Cereais de Pequeno Almo\u00e7o, \u00e9 uma agrad\u00e1vel mistura de flocos de aveia integrais, am\u00eandoas, sementes e frutas portuguesas desidratadas (ma\u00e7\u00e3, p\u00eassego e morango), envolvidos em mel e levemente torrados. No seu pequeno almo\u00e7o, lanche, sobremesa ou quebra de jejum, as Granolas Serramel proporcionam uma liberta\u00e7\u00e3o lenta e progressiva de energia, ao [&hellip;]<\/p>\n","protected":false},"author":43533,"featured_media":90655,"comment_status":"open","ping_status":"closed","template":"","meta":[],"pwb-brand":[],"product_brand":[],"product_cat":[8289,8291,8395,8625],"product_tag":[],"class_list":{"0":"post-214870","1":"product","2":"type-product","3":"status-publish","4":"has-post-thumbnail","6":"product_cat-inicio","7":"product_cat-produtos-portugueses","8":"product_cat-mercearia","9":"product_cat-bebe-cereais","11":"first","12":"instock","13":"taxable","14":"shipping-taxable","15":"purchasable","16":"product-type-simple"},"aioseo_notices":[],"brands":[],"_links":{"self":[{"href":"https:\/\/www.delicias-uk.com\/pt-pt\/wp-json\/wp\/v2\/product\/214870","targetHints":{"allow":["GET"]}}],"collection":[{"href":"https:\/\/www.delicias-uk.com\/pt-pt\/wp-json\/wp\/v2\/product"}],"about":[{"href":"https:\/\/www.delicias-uk.com\/pt-pt\/wp-json\/wp\/v2\/types\/product"}],"author":[{"embeddable":true,"href":"https:\/\/www.delicias-uk.com\/pt-pt\/wp-json\/wp\/v2\/users\/43533"}],"replies":[{"embeddable":true,"href":"https:\/\/www.delicias-uk.com\/pt-pt\/wp-json\/wp\/v2\/comments?post=214870"}],"wp:featuredmedia":[{"embeddable":true,"href":"https:\/\/www.delicias-uk.com\/pt-pt\/wp-json\/wp\/v2\/media\/90655"}],"wp:attachment":[{"href":"https:\/\/www.delicias-uk.com\/pt-pt\/wp-json\/wp\/v2\/media?parent=214870"}],"wp:term":[{"taxonomy":"pwb-brand","embeddable":true,"href":"https:\/\/www.delicias-uk.com\/pt-pt\/wp-json\/wp\/v2\/pwb-brand?post=214870"},{"taxonomy":"product_brand","embeddable":true,"href":"https:\/\/www.delicias-uk.com\/pt-pt\/wp-json\/wp\/v2\/product_brand?post=214870"},{"taxonomy":"product_cat","embeddable":true,"href":"https:\/\/www.delicias-uk.com\/pt-pt\/wp-json\/wp\/v2\/product_cat?post=214870"},{"taxonomy":"product_tag","embeddable":true,"href":"https:\/\/www.delicias-uk.com\/pt-pt\/wp-json\/wp\/v2\/product_tag?post=214870"}],"curies":[{"name":"wp","href":"https:\/\/api.w.org\/{rel}","templated":true}]}}