{"id":214868,"date":"2022-03-23T16:05:57","date_gmt":"2022-03-23T16:05:57","guid":{"rendered":"https:\/\/www.delicias-uk.com\/product\/amendoas-beirabaga-doce-fr-125g-2\/"},"modified":"2026-01-31T19:45:44","modified_gmt":"2026-01-31T19:45:44","slug":"amendoas-beirabaga-doce-fr-125g-2","status":"publish","type":"product","link":"https:\/\/www.delicias-uk.com\/pt-pt\/produto\/amendoas-beirabaga-doce-fr-125g-2\/","title":{"rendered":"Am\u00eandoas Doces Beirabaga 125g"},"content":{"rendered":"<p>As am\u00eandoas Beirabaga s\u00e3o preparadas de acordo com uma antiga receita familiar. Os m\u00e9todos tradicionais s\u00e3o aliados \u00e0s \u00faltimas exig\u00eancias em mat\u00e9ria de higiene. S\u00e3o feitas com am\u00eandoas portuguesas seleccionadas na Beira Baixa. Tenha cuidado, porque n\u00e3o resistir\u00e1 a comer at\u00e9 que a embalagem esteja pronta.<\/p>\n","protected":false},"excerpt":{"rendered":"<ul>\n<li>Am\u00eandoas colhidas na Beira Baixa.<\/li>\n<li>Doces; antiga receita familiar.<\/li>\n<li>Frasco de vidro com 125 gr.<\/li>\n<\/ul>\n","protected":false},"author":43533,"featured_media":90650,"comment_status":"open","ping_status":"closed","template":"","meta":[],"pwb-brand":[],"product_brand":[],"product_cat":[9182,9188,8289,8291,8365,8591],"product_tag":[],"class_list":{"0":"post-214868","1":"product","2":"type-product","3":"status-publish","4":"has-post-thumbnail","6":"product_cat-natal","7":"product_cat-amendoas","8":"product_cat-inicio","9":"product_cat-produtos-portugueses","10":"product_cat-confeitaria","11":"product_cat-nozes-e-frutas-secas","13":"first","14":"outofstock","15":"taxable","16":"shipping-taxable","17":"purchasable","18":"product-type-simple"},"aioseo_notices":[],"brands":[],"_links":{"self":[{"href":"https:\/\/www.delicias-uk.com\/pt-pt\/wp-json\/wp\/v2\/product\/214868","targetHints":{"allow":["GET"]}}],"collection":[{"href":"https:\/\/www.delicias-uk.com\/pt-pt\/wp-json\/wp\/v2\/product"}],"about":[{"href":"https:\/\/www.delicias-uk.com\/pt-pt\/wp-json\/wp\/v2\/types\/product"}],"author":[{"embeddable":true,"href":"https:\/\/www.delicias-uk.com\/pt-pt\/wp-json\/wp\/v2\/users\/43533"}],"replies":[{"embeddable":true,"href":"https:\/\/www.delicias-uk.com\/pt-pt\/wp-json\/wp\/v2\/comments?post=214868"}],"wp:featuredmedia":[{"embeddable":true,"href":"https:\/\/www.delicias-uk.com\/pt-pt\/wp-json\/wp\/v2\/media\/90650"}],"wp:attachment":[{"href":"https:\/\/www.delicias-uk.com\/pt-pt\/wp-json\/wp\/v2\/media?parent=214868"}],"wp:term":[{"taxonomy":"pwb-brand","embeddable":true,"href":"https:\/\/www.delicias-uk.com\/pt-pt\/wp-json\/wp\/v2\/pwb-brand?post=214868"},{"taxonomy":"product_brand","embeddable":true,"href":"https:\/\/www.delicias-uk.com\/pt-pt\/wp-json\/wp\/v2\/product_brand?post=214868"},{"taxonomy":"product_cat","embeddable":true,"href":"https:\/\/www.delicias-uk.com\/pt-pt\/wp-json\/wp\/v2\/product_cat?post=214868"},{"taxonomy":"product_tag","embeddable":true,"href":"https:\/\/www.delicias-uk.com\/pt-pt\/wp-json\/wp\/v2\/product_tag?post=214868"}],"curies":[{"name":"wp","href":"https:\/\/api.w.org\/{rel}","templated":true}]}}