{"id":214866,"date":"2022-03-23T15:58:06","date_gmt":"2022-03-23T15:58:06","guid":{"rendered":"https:\/\/www.delicias-uk.com\/product\/amendoas-beirabaga-torrada-com-canela-125g\/"},"modified":"2022-03-23T15:58:06","modified_gmt":"2022-03-23T15:58:06","slug":"amendoas-beirabaga-torrada-com-canela-125g","status":"publish","type":"product","link":"https:\/\/www.delicias-uk.com\/pt-pt\/produto\/amendoas-beirabaga-torrada-com-canela-125g\/","title":{"rendered":"Am\u00eandoas Torradas com Canela Beirabaga 125g"},"content":{"rendered":"<p>Este produto inovador t\u00eam uma imagem moderna que facilita a visualiza\u00e7\u00e3o das am\u00eandoas, dado \u00e0s etiquetas frontais transparentes, numa embalagem mais ecol\u00f3gica, evitando o pl\u00e1stico. Utilizamos am\u00eandoas de Portugal e, como em todos os nossos produtos, apenas usamos ingredientes naturais.<\/p>\n","protected":false},"excerpt":{"rendered":"<ul>\n<li>125g packaging size<\/li>\n<li>Toasted almond with cinnamon<\/li>\n<li>Beirabaga is a Portuguese brand<\/li>\n<\/ul>\n","protected":false},"author":43533,"featured_media":90646,"comment_status":"open","ping_status":"closed","template":"","meta":[],"pwb-brand":[],"product_brand":[],"product_cat":[9182,9188,8289,8291,8365,8591],"product_tag":[],"class_list":{"0":"post-214866","1":"product","2":"type-product","3":"status-publish","4":"has-post-thumbnail","6":"product_cat-natal","7":"product_cat-amendoas","8":"product_cat-inicio","9":"product_cat-produtos-portugueses","10":"product_cat-confeitaria","11":"product_cat-nozes-e-frutas-secas","13":"first","14":"outofstock","15":"taxable","16":"shipping-taxable","17":"purchasable","18":"product-type-simple"},"aioseo_notices":[],"brands":[],"_links":{"self":[{"href":"https:\/\/www.delicias-uk.com\/pt-pt\/wp-json\/wp\/v2\/product\/214866","targetHints":{"allow":["GET"]}}],"collection":[{"href":"https:\/\/www.delicias-uk.com\/pt-pt\/wp-json\/wp\/v2\/product"}],"about":[{"href":"https:\/\/www.delicias-uk.com\/pt-pt\/wp-json\/wp\/v2\/types\/product"}],"author":[{"embeddable":true,"href":"https:\/\/www.delicias-uk.com\/pt-pt\/wp-json\/wp\/v2\/users\/43533"}],"replies":[{"embeddable":true,"href":"https:\/\/www.delicias-uk.com\/pt-pt\/wp-json\/wp\/v2\/comments?post=214866"}],"wp:featuredmedia":[{"embeddable":true,"href":"https:\/\/www.delicias-uk.com\/pt-pt\/wp-json\/wp\/v2\/media\/90646"}],"wp:attachment":[{"href":"https:\/\/www.delicias-uk.com\/pt-pt\/wp-json\/wp\/v2\/media?parent=214866"}],"wp:term":[{"taxonomy":"pwb-brand","embeddable":true,"href":"https:\/\/www.delicias-uk.com\/pt-pt\/wp-json\/wp\/v2\/pwb-brand?post=214866"},{"taxonomy":"product_brand","embeddable":true,"href":"https:\/\/www.delicias-uk.com\/pt-pt\/wp-json\/wp\/v2\/product_brand?post=214866"},{"taxonomy":"product_cat","embeddable":true,"href":"https:\/\/www.delicias-uk.com\/pt-pt\/wp-json\/wp\/v2\/product_cat?post=214866"},{"taxonomy":"product_tag","embeddable":true,"href":"https:\/\/www.delicias-uk.com\/pt-pt\/wp-json\/wp\/v2\/product_tag?post=214866"}],"curies":[{"name":"wp","href":"https:\/\/api.w.org\/{rel}","templated":true}]}}