{"id":214820,"date":"2022-03-17T09:42:01","date_gmt":"2022-03-17T09:42:01","guid":{"rendered":"https:\/\/www.delicias-uk.com\/product\/presunto-tradicional-reserva-porminho-fatiado-100g\/"},"modified":"2025-02-06T17:15:52","modified_gmt":"2025-02-06T17:15:52","slug":"presunto-tradicional-reserva-porminho-fatiado-100g","status":"publish","type":"product","link":"https:\/\/www.delicias-uk.com\/pt-pt\/produto\/presunto-tradicional-reserva-porminho-fatiado-100g\/","title":{"rendered":"Presunto Tradicional Reserva Porminho Fatiado 100g"},"content":{"rendered":"<p>Produto obtido a partir de perna de porco, tratado por nitrifica\u00e7\u00e3o, salga e cura. Pode utiliz\u00e1-lo na sua cozinha ou, por exemplo, como um lanche a meio da tarde.<\/p>\n<p><strong>Ingredientes<\/strong>: Perna de porco, sal, dextrose, conservantes (E252, E250) e antioxidante (E300)<\/p>\n<p><strong>Al\u00e9rgenos<\/strong>: nenhum<\/p>\n<p><strong>Informa\u00e7\u00f5es nutricionais por 100g:<\/strong><\/p>\n<ul style=\"list-style-type:disc;\">\n<li>Energia 901 kJ\/ 215 kcal<\/li>\n<li>Gordura 10 g<\/li>\n<li>dos quais Saturados 3,8 g<\/li>\n<li>Carboidratos 1,0 g<\/li>\n<li>dos quais A\u00e7\u00facares 0 g<\/li>\n<li>Prote\u00edna 30 g<\/li>\n<li>Sal 5,5 g<\/li>\n<\/ul>\n<p><strong>Pa\u00eds de origem<\/strong>: Portugal<\/p>\n","protected":false},"excerpt":{"rendered":"<ul style=\"list-style-type:disc;\">\n<li>Peso l\u00edquido 200g<\/li>\n<li>Curado e fumado<\/li>\n<li>Fonte de prote\u00edna<\/li>\n<\/ul>\n","protected":false},"author":43533,"featured_media":90538,"comment_status":"open","ping_status":"closed","template":"","meta":[],"pwb-brand":[],"product_brand":[],"product_cat":[9336,8289,8291,8337,8665],"product_tag":[],"class_list":{"0":"post-214820","1":"product","2":"type-product","3":"status-publish","4":"has-post-thumbnail","6":"product_cat-presunto-curado-fatiado","7":"product_cat-inicio","8":"product_cat-produtos-portugueses","9":"product_cat-charcutaria","10":"product_cat-presunto-curado","12":"first","13":"instock","14":"taxable","15":"shipping-taxable","16":"purchasable","17":"product-type-simple"},"aioseo_notices":[],"brands":[],"_links":{"self":[{"href":"https:\/\/www.delicias-uk.com\/pt-pt\/wp-json\/wp\/v2\/product\/214820","targetHints":{"allow":["GET"]}}],"collection":[{"href":"https:\/\/www.delicias-uk.com\/pt-pt\/wp-json\/wp\/v2\/product"}],"about":[{"href":"https:\/\/www.delicias-uk.com\/pt-pt\/wp-json\/wp\/v2\/types\/product"}],"author":[{"embeddable":true,"href":"https:\/\/www.delicias-uk.com\/pt-pt\/wp-json\/wp\/v2\/users\/43533"}],"replies":[{"embeddable":true,"href":"https:\/\/www.delicias-uk.com\/pt-pt\/wp-json\/wp\/v2\/comments?post=214820"}],"wp:featuredmedia":[{"embeddable":true,"href":"https:\/\/www.delicias-uk.com\/pt-pt\/wp-json\/wp\/v2\/media\/90538"}],"wp:attachment":[{"href":"https:\/\/www.delicias-uk.com\/pt-pt\/wp-json\/wp\/v2\/media?parent=214820"}],"wp:term":[{"taxonomy":"pwb-brand","embeddable":true,"href":"https:\/\/www.delicias-uk.com\/pt-pt\/wp-json\/wp\/v2\/pwb-brand?post=214820"},{"taxonomy":"product_brand","embeddable":true,"href":"https:\/\/www.delicias-uk.com\/pt-pt\/wp-json\/wp\/v2\/product_brand?post=214820"},{"taxonomy":"product_cat","embeddable":true,"href":"https:\/\/www.delicias-uk.com\/pt-pt\/wp-json\/wp\/v2\/product_cat?post=214820"},{"taxonomy":"product_tag","embeddable":true,"href":"https:\/\/www.delicias-uk.com\/pt-pt\/wp-json\/wp\/v2\/product_tag?post=214820"}],"curies":[{"name":"wp","href":"https:\/\/api.w.org\/{rel}","templated":true}]}}