{"id":214810,"date":"2022-03-16T16:18:34","date_gmt":"2022-03-16T16:18:34","guid":{"rendered":"https:\/\/www.delicias-uk.com\/product\/naco-de-bacon-fumado-porminho-saqueta-200g\/"},"modified":"2026-01-26T11:18:52","modified_gmt":"2026-01-26T11:18:52","slug":"naco-de-bacon-fumado-porminho-saqueta-200g","status":"publish","type":"product","link":"https:\/\/www.delicias-uk.com\/pt-pt\/produto\/naco-de-bacon-fumado-porminho-saqueta-200g\/","title":{"rendered":"Naco de Bacon Fumado Porminho Saqueta 200g"},"content":{"rendered":"<p>Produto composto por barriga de porco sem couro e cartilagem que passaram por um tratamento de matura\u00e7\u00e3o e defuma\u00e7\u00e3o.<\/p>\n<p><strong>Ingredientes<\/strong>: Bacon magro e carne de porco (origem UE), sal, dextrose, prote\u00edna de carne, estabilizadores (E451, E450, E452), gelificante (E407), antioxidante (E316), especiarias, aroma e conservante (E250).<\/p>\n<p><strong>Al\u00e9rgenos<\/strong>: nenhum<\/p>\n<p><strong>Informa\u00e7\u00f5es nutricionais por 100g:<\/strong><\/p>\n<ul style=\"list-style-type:disc;\">\n<li>Energia 969 kJ\/ 233 kcal<\/li>\n<li>Gordura 17 g<\/li>\n<li>dos quais Saturados 6,5 g<\/li>\n<li>Carboidratos 2,0 g<\/li>\n<li>dos quais A\u00e7\u00facares 1,0 g<\/li>\n<li>Prote\u00edna 18 g<\/li>\n<li>Sal 2,7 g<\/li>\n<\/ul>\n<p><strong>Pa\u00eds de origem<\/strong>: UE<\/p>\n","protected":false},"excerpt":{"rendered":"<ul style=\"list-style-type:disc;\">\n<li>Peso l\u00edquido 200g<\/li>\n<li>Bacon fumado e curado<\/li>\n<li>Para todos os usos culin\u00e1rios<\/li>\n<\/ul>\n","protected":false},"author":43533,"featured_media":234691,"comment_status":"open","ping_status":"closed","template":"","meta":[],"pwb-brand":[],"product_brand":[],"product_cat":[8289,8291,8337,8661],"product_tag":[],"class_list":{"0":"post-214810","1":"product","2":"type-product","3":"status-publish","4":"has-post-thumbnail","6":"product_cat-inicio","7":"product_cat-produtos-portugueses","8":"product_cat-charcutaria","9":"product_cat-bacon-pt-pt","11":"first","12":"instock","13":"taxable","14":"shipping-taxable","15":"purchasable","16":"product-type-simple"},"aioseo_notices":[],"brands":[],"_links":{"self":[{"href":"https:\/\/www.delicias-uk.com\/pt-pt\/wp-json\/wp\/v2\/product\/214810","targetHints":{"allow":["GET"]}}],"collection":[{"href":"https:\/\/www.delicias-uk.com\/pt-pt\/wp-json\/wp\/v2\/product"}],"about":[{"href":"https:\/\/www.delicias-uk.com\/pt-pt\/wp-json\/wp\/v2\/types\/product"}],"author":[{"embeddable":true,"href":"https:\/\/www.delicias-uk.com\/pt-pt\/wp-json\/wp\/v2\/users\/43533"}],"replies":[{"embeddable":true,"href":"https:\/\/www.delicias-uk.com\/pt-pt\/wp-json\/wp\/v2\/comments?post=214810"}],"wp:featuredmedia":[{"embeddable":true,"href":"https:\/\/www.delicias-uk.com\/pt-pt\/wp-json\/wp\/v2\/media\/234691"}],"wp:attachment":[{"href":"https:\/\/www.delicias-uk.com\/pt-pt\/wp-json\/wp\/v2\/media?parent=214810"}],"wp:term":[{"taxonomy":"pwb-brand","embeddable":true,"href":"https:\/\/www.delicias-uk.com\/pt-pt\/wp-json\/wp\/v2\/pwb-brand?post=214810"},{"taxonomy":"product_brand","embeddable":true,"href":"https:\/\/www.delicias-uk.com\/pt-pt\/wp-json\/wp\/v2\/product_brand?post=214810"},{"taxonomy":"product_cat","embeddable":true,"href":"https:\/\/www.delicias-uk.com\/pt-pt\/wp-json\/wp\/v2\/product_cat?post=214810"},{"taxonomy":"product_tag","embeddable":true,"href":"https:\/\/www.delicias-uk.com\/pt-pt\/wp-json\/wp\/v2\/product_tag?post=214810"}],"curies":[{"name":"wp","href":"https:\/\/api.w.org\/{rel}","templated":true}]}}