{"id":214808,"date":"2022-03-16T14:52:24","date_gmt":"2022-03-16T14:52:24","guid":{"rendered":"https:\/\/www.delicias-uk.com\/product\/paio-york-porminho-fatiado-500g\/"},"modified":"2026-02-06T12:03:46","modified_gmt":"2026-02-06T12:03:46","slug":"paio-york-porminho-fatiado-500g","status":"publish","type":"product","link":"https:\/\/www.delicias-uk.com\/pt-pt\/produto\/paio-york-porminho-fatiado-500g\/","title":{"rendered":"Paio York Porminho Fatiado 500g"},"content":{"rendered":"<p>O Paio \u00e9 feito de lombo de porco, temperado com alho, sal e pimenta Capsicum e fumado. \u00c9 uma salsicha dura, geralmente feita de grande di\u00e2metro, podendo ser fatiada e consumida no p\u00e3o.<\/p>\n<p><strong>Ingredientes<\/strong>: Paleta de porco (origem UE), \u00e1gua, sal, regulador de acidez (E325), especiarias, gelificante (E407), prote\u00edna de soja, estabilizantes (E451, E452, E450), dextrose, aromas, antioxidante (E316) e conservante (E250).<\/p>\n<p><strong>Alerg\u00e9nios<\/strong>: cont\u00e9m\u00a0<strong>SOJA<\/strong>.<\/p>\n<p><strong>Informa\u00e7\u00e3o nutricional por 100g<\/strong><\/p>\n<ul>\n<li>Energia 527 kJ\/ 125 kcal<\/li>\n<li>L\u00edpidos 4,4 g<\/li>\n<li>dos quais Saturado 1,5 g<\/li>\n<li>Hidratos de carbono 1,4 g<\/li>\n<li>dos quais a\u00e7\u00facares 0,8 g<\/li>\n<li>Prote\u00ednas 20g<\/li>\n<li>Sal 2,7g<\/li>\n<\/ul>\n<p><strong>Pa\u00eds de origem:<\/strong>\u00a0UE<\/p>\n","protected":false},"excerpt":{"rendered":"<ul style=\"list-style-type:disc;\">\n<li>Peso l\u00edquido 200g<\/li>\n<li>Pode ser utilizado no p\u00e3o ou na Feijoada<\/li>\n<li>Feito de carne de porco<\/li>\n<\/ul>\n","protected":false},"author":43533,"featured_media":234736,"comment_status":"open","ping_status":"closed","template":"","meta":[],"pwb-brand":[],"product_brand":[],"product_cat":[8289,8291,8337,8669],"product_tag":[],"class_list":{"0":"post-214808","1":"product","2":"type-product","3":"status-publish","4":"has-post-thumbnail","6":"product_cat-inicio","7":"product_cat-produtos-portugueses","8":"product_cat-charcutaria","9":"product_cat-paio-outros","11":"first","12":"instock","13":"taxable","14":"shipping-taxable","15":"purchasable","16":"product-type-simple"},"aioseo_notices":[],"brands":[],"_links":{"self":[{"href":"https:\/\/www.delicias-uk.com\/pt-pt\/wp-json\/wp\/v2\/product\/214808","targetHints":{"allow":["GET"]}}],"collection":[{"href":"https:\/\/www.delicias-uk.com\/pt-pt\/wp-json\/wp\/v2\/product"}],"about":[{"href":"https:\/\/www.delicias-uk.com\/pt-pt\/wp-json\/wp\/v2\/types\/product"}],"author":[{"embeddable":true,"href":"https:\/\/www.delicias-uk.com\/pt-pt\/wp-json\/wp\/v2\/users\/43533"}],"replies":[{"embeddable":true,"href":"https:\/\/www.delicias-uk.com\/pt-pt\/wp-json\/wp\/v2\/comments?post=214808"}],"wp:featuredmedia":[{"embeddable":true,"href":"https:\/\/www.delicias-uk.com\/pt-pt\/wp-json\/wp\/v2\/media\/234736"}],"wp:attachment":[{"href":"https:\/\/www.delicias-uk.com\/pt-pt\/wp-json\/wp\/v2\/media?parent=214808"}],"wp:term":[{"taxonomy":"pwb-brand","embeddable":true,"href":"https:\/\/www.delicias-uk.com\/pt-pt\/wp-json\/wp\/v2\/pwb-brand?post=214808"},{"taxonomy":"product_brand","embeddable":true,"href":"https:\/\/www.delicias-uk.com\/pt-pt\/wp-json\/wp\/v2\/product_brand?post=214808"},{"taxonomy":"product_cat","embeddable":true,"href":"https:\/\/www.delicias-uk.com\/pt-pt\/wp-json\/wp\/v2\/product_cat?post=214808"},{"taxonomy":"product_tag","embeddable":true,"href":"https:\/\/www.delicias-uk.com\/pt-pt\/wp-json\/wp\/v2\/product_tag?post=214808"}],"curies":[{"name":"wp","href":"https:\/\/api.w.org\/{rel}","templated":true}]}}