{"id":214800,"date":"2022-03-16T14:43:49","date_gmt":"2022-03-16T14:43:49","guid":{"rendered":"https:\/\/www.delicias-uk.com\/product\/fiambre-perna-extra-pp-porminho-fatiado-500g\/"},"modified":"2026-03-23T13:59:35","modified_gmt":"2026-03-23T13:59:35","slug":"fiambre-perna-extra-pp-porminho-fatiado-500g","status":"publish","type":"product","link":"https:\/\/www.delicias-uk.com\/pt-pt\/produto\/fiambre-perna-extra-pp-porminho-fatiado-500g\/","title":{"rendered":"Fiambre Porminho Perna Extra Fatiado 500g"},"content":{"rendered":"<p>Produto de superf\u00edcie ligeiramente h\u00famida, de cor rosada mais ou menos intensa, sendo a estrutura muscular da carne identific\u00e1vel macroscopicamente.<\/p>\n<p><strong>Ingredientes<\/strong>: Perna de porco (74%) (origem: UE), \u00e1gua, sal, dextrose, prote\u00edna de carne, estabilizantes (E451, E450, E452), gelificantes (E407, E410, E508), reguladores de acidez (E325, E262 ), aromatizantes, antioxidante (E316) e conservante (E250).<\/p>\n<p><strong>Alerg\u00e9nios<\/strong>: nenhum.<\/p>\n<p><strong>Informa\u00e7\u00e3o nutricional por 100g<\/strong><\/p>\n<ul>\n<li>Energia 373 kJ\/ 88 kcal<\/li>\n<li>Gordura 2,0 g<\/li>\n<li>dos quais Saturado 0,8 g<\/li>\n<li>Hidratos de carbono 1,6 g<\/li>\n<li>dos quais a\u00e7\u00facares 1,2 g<\/li>\n<li>Prote\u00edna 16g<\/li>\n<li>Sal 2,3g<\/li>\n<\/ul>\n<p><strong>Pa\u00eds de origem<\/strong>: Portugal<\/p>\n","protected":false},"excerpt":{"rendered":"<ul>\n<li>Peso l\u00edquido 500g<\/li>\n<li>Ideal para um lanche r\u00e1pido<\/li>\n<li>Fatias finas<\/li>\n<\/ul>\n","protected":false},"author":43533,"featured_media":90471,"comment_status":"open","ping_status":"closed","template":"","meta":[],"pwb-brand":[],"product_brand":[],"product_cat":[8289,8291,8337,8667],"product_tag":[],"class_list":{"0":"post-214800","1":"product","2":"type-product","3":"status-publish","4":"has-post-thumbnail","6":"product_cat-inicio","7":"product_cat-produtos-portugueses","8":"product_cat-charcutaria","9":"product_cat-fiambre-mortadela","11":"first","12":"instock","13":"taxable","14":"shipping-taxable","15":"purchasable","16":"product-type-simple"},"aioseo_notices":[],"brands":[],"_links":{"self":[{"href":"https:\/\/www.delicias-uk.com\/pt-pt\/wp-json\/wp\/v2\/product\/214800","targetHints":{"allow":["GET"]}}],"collection":[{"href":"https:\/\/www.delicias-uk.com\/pt-pt\/wp-json\/wp\/v2\/product"}],"about":[{"href":"https:\/\/www.delicias-uk.com\/pt-pt\/wp-json\/wp\/v2\/types\/product"}],"author":[{"embeddable":true,"href":"https:\/\/www.delicias-uk.com\/pt-pt\/wp-json\/wp\/v2\/users\/43533"}],"replies":[{"embeddable":true,"href":"https:\/\/www.delicias-uk.com\/pt-pt\/wp-json\/wp\/v2\/comments?post=214800"}],"wp:featuredmedia":[{"embeddable":true,"href":"https:\/\/www.delicias-uk.com\/pt-pt\/wp-json\/wp\/v2\/media\/90471"}],"wp:attachment":[{"href":"https:\/\/www.delicias-uk.com\/pt-pt\/wp-json\/wp\/v2\/media?parent=214800"}],"wp:term":[{"taxonomy":"pwb-brand","embeddable":true,"href":"https:\/\/www.delicias-uk.com\/pt-pt\/wp-json\/wp\/v2\/pwb-brand?post=214800"},{"taxonomy":"product_brand","embeddable":true,"href":"https:\/\/www.delicias-uk.com\/pt-pt\/wp-json\/wp\/v2\/product_brand?post=214800"},{"taxonomy":"product_cat","embeddable":true,"href":"https:\/\/www.delicias-uk.com\/pt-pt\/wp-json\/wp\/v2\/product_cat?post=214800"},{"taxonomy":"product_tag","embeddable":true,"href":"https:\/\/www.delicias-uk.com\/pt-pt\/wp-json\/wp\/v2\/product_tag?post=214800"}],"curies":[{"name":"wp","href":"https:\/\/api.w.org\/{rel}","templated":true}]}}