{"id":214794,"date":"2022-03-14T14:39:09","date_gmt":"2022-03-14T14:39:09","guid":{"rendered":"https:\/\/www.delicias-uk.com\/product\/feijoada-3\/"},"modified":"2025-02-06T17:26:20","modified_gmt":"2025-02-06T17:26:20","slug":"feijoada-3","status":"publish","type":"product","link":"https:\/\/www.delicias-uk.com\/pt-pt\/produto\/feijoada-3\/","title":{"rendered":"Kit Para Feijoada Brasileira"},"content":{"rendered":"<p class=\"MsoNormal\"><span lang=\"pt\" xml:lang=\"pt\">CHA-SMO0613 | Fumado Misto De Porco Cortado Sortido Atl &#8211; 1.5kg<\/span><\/p>\n<\/p>\n<p class=\"MsoNormal\"><span lang=\"pt\" xml:lang=\"pt\">CHA-SMO591 | Fumado Misto De Porco Sortido Para Feijoada 500g<\/span><\/p>\n<\/p>\n<p class=\"MsoNormal\"><span lang=\"pt\" xml:lang=\"pt\">GRO-BND4033 | Feijao Seco Camil Preto Saq. 1kg<\/span><\/p>\n<\/p>\n<p class=\"MsoNormal\"><span lang=\"pt\" xml:lang=\"pt\">GRO-RIC4928 | Arroz Cigala Agulha 1kg<\/span><\/p>\n<\/p>\n<p>PREPARATION<\/p>\n<p>Escolha o feij\u00e3o e deixe de molho por 12 horas.<\/p>\n<p>Lave bem as carnes salgadas, corte em peda\u00e7os e deixe de molho em \u00e1gua por 12 horas, trocando a \u00e1gua pelo menos duas vezes.<\/p>\n<p>Coloque o feij\u00e3o para cozinhar em bastante \u00e1gua com as folhas de louro.<\/p>\n<p>Em uma panela \u00e0 parte, cozinhe por \u00bd hora as carnes salgadas, escorra a \u00e1gua e reserve.<\/p>\n<p>Quando o feij\u00e3o estiver come\u00e7ando a amolecer, coloque as carnes, a ling\u00fci\u00e7a e o paio e deixe ferver em fogo brando at\u00e9 estar tudo bem cozido (leva algum tempo: de 2 a 3 horas).<\/p>\n<p>Esquente o \u00f3leo ou banha de porco e refogue os temperos.<\/p>\n<p>Coloque uma concha do feij\u00e3o, amasse bem e deixe ferver despeje na feijoada e deixe ferver por mais 30 minutos.<\/p>\n<p>Sirva bem quente acompanhado de couve picada fina e refogada, farinha de mandioca crua, gomos de laranja e uma cerveja bem gelada.<\/p>\n<\/p>\n<p>INGREDIENTS:<\/p>\n<p>1 kg de feij\u00e3o preto<\/p>\n<p>\u00c1gua o quanto baste<\/p>\n<p>2 l\u00ednguas defumadas ou salgadas<\/p>\n<p>1 kg de carne seca<\/p>\n<p>1\/2 kg de costelinha de porco salgada<\/p>\n<p>1\/2 kg de lombo de porco salgado<\/p>\n<p>1\/2 kg de ling\u00fci\u00e7a calabresa defumada<\/p>\n<p>2 paios<\/p>\n<p>1\/4 kg de toucinho defumado<\/p>\n<p>2 p\u00e9s de porco salgados<\/p>\n<p>1 rabo de porco salgado<\/p>\n<p>2 orelhas de porco salgadas<\/p>\n<p>3 cebolas cortadas em cubos<\/p>\n<p>3 dentes de alho picados<\/p>\n<p>4 folhas de louro<\/p>\n<p>Pimenta malagueta amassada (opcional)<\/p>\n<p>1\/2 x\u00edcara de \u00f3leo ou banha de porco<\/p>\n","protected":false},"excerpt":{"rendered":"<p style=\"background:#FFFFFF;margin:0cm 0cm 11.25pt 0cm;\"><span style=\"font-size:11pt;font-family:Calibri, sans-serif;color:#000000;\">. Recipe at the Table<\/span><span style=\"font-size:11pt;font-family:Calibri, sans-serif;\"><\/span><\/p>\n<p style=\"background:#FFFFFF;margin:0cm 0cm 11.25pt 0cm;\"><span style=\"font-size:11pt;font-family:Calibri, sans-serif;color:#000000;\">. <span style=\"background:#FFFFFF;\">Feijoada Brasileira recipe<\/span><\/span><span style=\"font-size:11pt;font-family:Calibri, sans-serif;\"><\/span><\/p>\n<p style=\"margin:0cm;background:#FFFFFF;\"><span style=\"font-size:11pt;font-family:Calibri, sans-serif;color:#000000;background:#FFFFFF;\">. Tasty and Simple<\/span><span style=\"font-size:11pt;font-family:Calibri, sans-serif;background:#FFFFFF;\"><\/span><\/p><\/p>\n","protected":false},"author":43533,"featured_media":90455,"comment_status":"open","ping_status":"closed","template":"","meta":[],"pwb-brand":[],"product_brand":[],"product_cat":[8445,8433,8429],"product_tag":[],"class_list":{"0":"post-214794","1":"product","2":"type-product","3":"status-publish","4":"has-post-thumbnail","6":"product_cat-receitas-a-mesa-pt-pt-produtos-portugueses","7":"product_cat-receitas-a-mesa-pt-pt","8":"product_cat-receitas-a-mesa","10":"first","11":"instock","12":"taxable","13":"shipping-taxable","14":"purchasable","15":"product-type-simple"},"aioseo_notices":[],"brands":[],"_links":{"self":[{"href":"https:\/\/www.delicias-uk.com\/pt-pt\/wp-json\/wp\/v2\/product\/214794","targetHints":{"allow":["GET"]}}],"collection":[{"href":"https:\/\/www.delicias-uk.com\/pt-pt\/wp-json\/wp\/v2\/product"}],"about":[{"href":"https:\/\/www.delicias-uk.com\/pt-pt\/wp-json\/wp\/v2\/types\/product"}],"author":[{"embeddable":true,"href":"https:\/\/www.delicias-uk.com\/pt-pt\/wp-json\/wp\/v2\/users\/43533"}],"replies":[{"embeddable":true,"href":"https:\/\/www.delicias-uk.com\/pt-pt\/wp-json\/wp\/v2\/comments?post=214794"}],"wp:featuredmedia":[{"embeddable":true,"href":"https:\/\/www.delicias-uk.com\/pt-pt\/wp-json\/wp\/v2\/media\/90455"}],"wp:attachment":[{"href":"https:\/\/www.delicias-uk.com\/pt-pt\/wp-json\/wp\/v2\/media?parent=214794"}],"wp:term":[{"taxonomy":"pwb-brand","embeddable":true,"href":"https:\/\/www.delicias-uk.com\/pt-pt\/wp-json\/wp\/v2\/pwb-brand?post=214794"},{"taxonomy":"product_brand","embeddable":true,"href":"https:\/\/www.delicias-uk.com\/pt-pt\/wp-json\/wp\/v2\/product_brand?post=214794"},{"taxonomy":"product_cat","embeddable":true,"href":"https:\/\/www.delicias-uk.com\/pt-pt\/wp-json\/wp\/v2\/product_cat?post=214794"},{"taxonomy":"product_tag","embeddable":true,"href":"https:\/\/www.delicias-uk.com\/pt-pt\/wp-json\/wp\/v2\/product_tag?post=214794"}],"curies":[{"name":"wp","href":"https:\/\/api.w.org\/{rel}","templated":true}]}}