{"id":214788,"date":"2022-03-11T17:01:49","date_gmt":"2022-03-11T17:01:49","guid":{"rendered":"https:\/\/www.delicias-uk.com\/product\/feijoada-2\/"},"modified":"2025-06-25T16:16:11","modified_gmt":"2025-06-25T15:16:11","slug":"feijoada-2","status":"publish","type":"product","link":"https:\/\/www.delicias-uk.com\/pt-pt\/produto\/feijoada-2\/","title":{"rendered":"Kit para Feijoada Portuguesa"},"content":{"rendered":"<p>A feijoada \u00e9 um dos pratos mais tradicionais da gastronomia portuguesa. A riqueza de sabor das carnes e dos enchidos faz com que este seja um prato inesquec\u00edvel.<\/p>\n<p class=\"MsoNormal\"><span lang=\"pt\" xml:lang=\"pt\">CHA-SMO0613 | Fumado Misto De Porco Cortado Sortido Atl &#8211; 1kg<\/span><\/p>\n<p class=\"MsoNormal\"><span lang=\"pt\" xml:lang=\"pt\">CHA-SMO591 | Fumado Misto De Porco Sortido Para Feijoada 500g<\/span><\/p>\n<p class=\"MsoNormal\"><span lang=\"pt\" xml:lang=\"pt\">GRO-BNS4079 | Feijao Compal Manteiga Lata Gr 845g<\/span><\/p>\n<p class=\"MsoNormal\"><span lang=\"pt\" xml:lang=\"pt\">GRO-RIC4928 | Arroz Cigala Agulha 1kg<\/span><\/p>\n<p><strong>Prepara\u00e7\u00e3o<\/strong><\/p>\n<p>Num tacho coza as carnes, previamente lavadas, e os chouri\u00e7os em \u00e1gua temperada com 1 c. de ch\u00e1 de sal.<\/p>\n<p>\u00c0 medida que v\u00e3o ficando cozidas, retire-as do lume e v\u00e1 cortando aos peda\u00e7os. Reserve o caldo da cozedura<\/p>\n<p>Separe as folhas do repolho e lave-as em \u00e1gua corrente. Descasque as cenouras e corte-as em rodelas finas. Coza o repolho e as cenouras ligeiramente em \u00e1gua temperada com 1 c. de ch\u00e1 de sal. Retire-as para \u00e1gua fria e reserve.<\/p>\n<p>Num tacho, refogue em azeite os alhos e a cebola finamente picados e junte a folha de louro. Deixe alourar.<\/p>\n<p>Acrescente o tomate pelado aos cubos e a polpa de tomate. Deixe apurar.<\/p>\n<p>Junte as carnes, o feij\u00e3o escorrido e um pouco do caldo da cozedura. Deixe cozinhar durante 10 minutos.<\/p>\n<p>Acrescente os chouri\u00e7os cortados aos peda\u00e7os e o repolho.<\/p>\n<p>Tempere com pimenta e deixe apurar em lume m\u00e9dio. Sugest\u00e3o de acompanhamento: arroz branco (cozido com o restante caldo da carne).<\/p>\n<p><strong>INGREDIENTES:<\/strong><\/p>\n<p>entrecosto<\/p>\n<p>toucinho<\/p>\n<p>chispe de porco<\/p>\n<p>orelha de porco cozida<\/p>\n<p>chouri\u00e7o de sangue<\/p>\n<p>chouri\u00e7o de carne<\/p>\n<p>sal<\/p>\n<p>repolho pequeno<\/p>\n<p>cenoura<\/p>\n<p>azeite<\/p>\n<p>alho<\/p>\n<p>cebola grande<\/p>\n<p>louro<\/p>\n<p>tomate pelado em cubos<\/p>\n<p>polpa de tomate<\/p>\n<p>feij\u00e3o encarnado cozido<\/p>\n<p>pimenta preta em p\u00f3<\/p>\n","protected":false},"excerpt":{"rendered":"<p style=\"background: #FFFFFF; margin: 0cm 0cm 11.25pt 0cm;\"><span style=\"font-size: 11pt; font-family: Calibri, sans-serif; color: #000000;\">. Recipe at the Table<\/span><\/p>\n<p style=\"background: #FFFFFF; margin: 0cm 0cm 11.25pt 0cm;\"><span style=\"font-size: 11pt; font-family: Calibri, sans-serif; color: #000000;\">. <span style=\"background: #FFFFFF;\">Feijoada Portuguesa recipe<\/span><\/span><\/p>\n<p style=\"margin: 0cm; background: #FFFFFF;\"><span style=\"font-size: 11pt; font-family: Calibri, sans-serif; color: #000000; background: #FFFFFF;\">. Tasty and Simple<\/span><\/p>\n","protected":false},"author":43533,"featured_media":90441,"comment_status":"open","ping_status":"closed","template":"","meta":[],"pwb-brand":[],"product_brand":[],"product_cat":[8445,8433,8429],"product_tag":[],"class_list":{"0":"post-214788","1":"product","2":"type-product","3":"status-publish","4":"has-post-thumbnail","6":"product_cat-receitas-a-mesa-pt-pt-produtos-portugueses","7":"product_cat-receitas-a-mesa-pt-pt","8":"product_cat-receitas-a-mesa","10":"first","11":"instock","12":"taxable","13":"shipping-taxable","14":"purchasable","15":"product-type-simple"},"aioseo_notices":[],"brands":[],"_links":{"self":[{"href":"https:\/\/www.delicias-uk.com\/pt-pt\/wp-json\/wp\/v2\/product\/214788","targetHints":{"allow":["GET"]}}],"collection":[{"href":"https:\/\/www.delicias-uk.com\/pt-pt\/wp-json\/wp\/v2\/product"}],"about":[{"href":"https:\/\/www.delicias-uk.com\/pt-pt\/wp-json\/wp\/v2\/types\/product"}],"author":[{"embeddable":true,"href":"https:\/\/www.delicias-uk.com\/pt-pt\/wp-json\/wp\/v2\/users\/43533"}],"replies":[{"embeddable":true,"href":"https:\/\/www.delicias-uk.com\/pt-pt\/wp-json\/wp\/v2\/comments?post=214788"}],"wp:featuredmedia":[{"embeddable":true,"href":"https:\/\/www.delicias-uk.com\/pt-pt\/wp-json\/wp\/v2\/media\/90441"}],"wp:attachment":[{"href":"https:\/\/www.delicias-uk.com\/pt-pt\/wp-json\/wp\/v2\/media?parent=214788"}],"wp:term":[{"taxonomy":"pwb-brand","embeddable":true,"href":"https:\/\/www.delicias-uk.com\/pt-pt\/wp-json\/wp\/v2\/pwb-brand?post=214788"},{"taxonomy":"product_brand","embeddable":true,"href":"https:\/\/www.delicias-uk.com\/pt-pt\/wp-json\/wp\/v2\/product_brand?post=214788"},{"taxonomy":"product_cat","embeddable":true,"href":"https:\/\/www.delicias-uk.com\/pt-pt\/wp-json\/wp\/v2\/product_cat?post=214788"},{"taxonomy":"product_tag","embeddable":true,"href":"https:\/\/www.delicias-uk.com\/pt-pt\/wp-json\/wp\/v2\/product_tag?post=214788"}],"curies":[{"name":"wp","href":"https:\/\/api.w.org\/{rel}","templated":true}]}}