{"id":214782,"date":"2022-02-22T10:14:30","date_gmt":"2022-02-22T10:14:30","guid":{"rendered":"https:\/\/www.delicias-uk.com\/product\/queijo-barra-terra-nostra-fatiado-200g\/"},"modified":"2026-04-13T16:56:00","modified_gmt":"2026-04-13T15:56:00","slug":"queijo-terra-nostra-fatiado-2-5kg","status":"publish","type":"product","link":"https:\/\/www.delicias-uk.com\/pt-pt\/produto\/queijo-terra-nostra-fatiado-2-5kg\/","title":{"rendered":"Queijo Terra Nostra Fatiado +\/- 2.5kg"},"content":{"rendered":"<p class=\"isSelectedEnd\">Descubra o sabor aut\u00eantico dos A\u00e7ores com o Queijo Terra Nostra, produzido a partir de leite de vaca de elevada qualidade, proveniente de animais que pastam livremente em pastagens verdes e naturais do Atl\u00e2ntico. Este formato de barra inteira (aproximadamente 2,5kg) \u00e9 ideal para restaura\u00e7\u00e3o, charcutarias ou para verdadeiros apreciadores de queijo.<\/p>\n<p class=\"isSelectedEnd\">Com uma textura cremosa e um sabor suave e equilibrado, o Queijo Terra Nostra \u00e9 extremamente vers\u00e1til\u2014perfeito para fatiar, derreter ou consumir simples. O seu perfil delicado torna-o ideal para t\u00e1buas de queijos, sandu\u00edches ou para enriquecer diversas receitas.<\/p>\n<p class=\"isSelectedEnd\"><strong>Caracter\u00edsticas principais:<\/strong><\/p>\n<ul>\n<li>Peso aproximado: 2,5kg<\/li>\n<li>Produzido com leite de vaca pasteurizado<\/li>\n<li>Textura cremosa e sabor suave e amanteigado<\/li>\n<li>Origem: A\u00e7ores, Portugal<\/li>\n<li>Ideal para fatiar, derreter e partilhar<\/li>\n<\/ul>\n<p>Leve para a sua mesa a tradi\u00e7\u00e3o e qualidade de um queijo portugu\u00eas de excel\u00eancia.<\/p>\n","protected":false},"excerpt":{"rendered":"<ul>\n<li>Peso aproximado: 2,5kg<\/li>\n<li>Produzido com leite de vaca pasteurizado<\/li>\n<li>Textura cremosa e sabor suave e amanteigado<\/li>\n<li>Origem: A\u00e7ores, Portugal<\/li>\n<li>Ideal para fatiar, derreter e partilhar<\/li>\n<\/ul>\n","protected":false},"author":43533,"featured_media":252568,"comment_status":"open","ping_status":"closed","template":"","meta":[],"pwb-brand":[],"product_brand":[],"product_cat":[8289,8291,8377,8487,8675],"product_tag":[],"class_list":{"0":"post-214782","1":"product","2":"type-product","3":"status-publish","4":"has-post-thumbnail","6":"product_cat-inicio","7":"product_cat-produtos-portugueses","8":"product_cat-lacticinios","9":"product_cat-queijos","10":"product_cat-vaca-pt-pt","12":"first","13":"outofstock","14":"taxable","15":"shipping-taxable","16":"purchasable","17":"product-type-simple"},"aioseo_notices":[],"brands":[],"_links":{"self":[{"href":"https:\/\/www.delicias-uk.com\/pt-pt\/wp-json\/wp\/v2\/product\/214782","targetHints":{"allow":["GET"]}}],"collection":[{"href":"https:\/\/www.delicias-uk.com\/pt-pt\/wp-json\/wp\/v2\/product"}],"about":[{"href":"https:\/\/www.delicias-uk.com\/pt-pt\/wp-json\/wp\/v2\/types\/product"}],"author":[{"embeddable":true,"href":"https:\/\/www.delicias-uk.com\/pt-pt\/wp-json\/wp\/v2\/users\/43533"}],"replies":[{"embeddable":true,"href":"https:\/\/www.delicias-uk.com\/pt-pt\/wp-json\/wp\/v2\/comments?post=214782"}],"wp:featuredmedia":[{"embeddable":true,"href":"https:\/\/www.delicias-uk.com\/pt-pt\/wp-json\/wp\/v2\/media\/252568"}],"wp:attachment":[{"href":"https:\/\/www.delicias-uk.com\/pt-pt\/wp-json\/wp\/v2\/media?parent=214782"}],"wp:term":[{"taxonomy":"pwb-brand","embeddable":true,"href":"https:\/\/www.delicias-uk.com\/pt-pt\/wp-json\/wp\/v2\/pwb-brand?post=214782"},{"taxonomy":"product_brand","embeddable":true,"href":"https:\/\/www.delicias-uk.com\/pt-pt\/wp-json\/wp\/v2\/product_brand?post=214782"},{"taxonomy":"product_cat","embeddable":true,"href":"https:\/\/www.delicias-uk.com\/pt-pt\/wp-json\/wp\/v2\/product_cat?post=214782"},{"taxonomy":"product_tag","embeddable":true,"href":"https:\/\/www.delicias-uk.com\/pt-pt\/wp-json\/wp\/v2\/product_tag?post=214782"}],"curies":[{"name":"wp","href":"https:\/\/api.w.org\/{rel}","templated":true}]}}