{"id":214748,"date":"2022-02-14T15:09:07","date_gmt":"2022-02-14T15:09:07","guid":{"rendered":"https:\/\/www.delicias-uk.com\/product\/lipton-ice-tea-sabor-manga-lata-330ml\/"},"modified":"2026-02-23T15:59:13","modified_gmt":"2026-02-23T15:59:13","slug":"lipton-ice-tea-sabor-manga-lata-330ml","status":"publish","type":"product","link":"https:\/\/www.delicias-uk.com\/pt-pt\/produto\/lipton-ice-tea-sabor-manga-lata-330ml\/","title":{"rendered":"Lipton Ice Tea Manga Lata 330ml"},"content":{"rendered":"<p>Lipton Ice Tea Manga \u00e9 a companhia perfeita para criar mem\u00f3rias com amigos e fam\u00edlia! As folhas de ch\u00e1 utilizadas, bem como as mangas amadurecidas ao sol criam o delicioso e refrescante sabor Lipton. Baixo em calorias, adequado para vegetarianos e veganos.<\/p>\n","protected":false},"excerpt":{"rendered":"<ul style=\"list-style-type:disc;\">\n<li>Ch\u00e1 com sabor a manga<\/li>\n<li>Lata de 330ml<\/li>\n<li>Adequado para vegetaranos e veganos<\/li>\n<\/ul>\n","protected":false},"author":43533,"featured_media":90360,"comment_status":"open","ping_status":"closed","template":"","meta":[],"pwb-brand":[],"product_brand":[],"product_cat":[8289,8291,8423,8553],"product_tag":[],"class_list":{"0":"post-214748","1":"product","2":"type-product","3":"status-publish","4":"has-post-thumbnail","6":"product_cat-inicio","7":"product_cat-produtos-portugueses","8":"product_cat-bebidas-pt-pt","9":"product_cat-cha-gelado","11":"first","12":"instock","13":"taxable","14":"shipping-taxable","15":"purchasable","16":"product-type-simple"},"aioseo_notices":[],"brands":[],"_links":{"self":[{"href":"https:\/\/www.delicias-uk.com\/pt-pt\/wp-json\/wp\/v2\/product\/214748","targetHints":{"allow":["GET"]}}],"collection":[{"href":"https:\/\/www.delicias-uk.com\/pt-pt\/wp-json\/wp\/v2\/product"}],"about":[{"href":"https:\/\/www.delicias-uk.com\/pt-pt\/wp-json\/wp\/v2\/types\/product"}],"author":[{"embeddable":true,"href":"https:\/\/www.delicias-uk.com\/pt-pt\/wp-json\/wp\/v2\/users\/43533"}],"replies":[{"embeddable":true,"href":"https:\/\/www.delicias-uk.com\/pt-pt\/wp-json\/wp\/v2\/comments?post=214748"}],"wp:featuredmedia":[{"embeddable":true,"href":"https:\/\/www.delicias-uk.com\/pt-pt\/wp-json\/wp\/v2\/media\/90360"}],"wp:attachment":[{"href":"https:\/\/www.delicias-uk.com\/pt-pt\/wp-json\/wp\/v2\/media?parent=214748"}],"wp:term":[{"taxonomy":"pwb-brand","embeddable":true,"href":"https:\/\/www.delicias-uk.com\/pt-pt\/wp-json\/wp\/v2\/pwb-brand?post=214748"},{"taxonomy":"product_brand","embeddable":true,"href":"https:\/\/www.delicias-uk.com\/pt-pt\/wp-json\/wp\/v2\/product_brand?post=214748"},{"taxonomy":"product_cat","embeddable":true,"href":"https:\/\/www.delicias-uk.com\/pt-pt\/wp-json\/wp\/v2\/product_cat?post=214748"},{"taxonomy":"product_tag","embeddable":true,"href":"https:\/\/www.delicias-uk.com\/pt-pt\/wp-json\/wp\/v2\/product_tag?post=214748"}],"curies":[{"name":"wp","href":"https:\/\/api.w.org\/{rel}","templated":true}]}}