{"id":214744,"date":"2022-02-14T15:05:47","date_gmt":"2022-02-14T15:05:47","guid":{"rendered":"https:\/\/www.delicias-uk.com\/product\/lipton-ice-tea-sabor-limao-lata-330ml\/"},"modified":"2025-09-11T15:14:16","modified_gmt":"2025-09-11T14:14:16","slug":"lipton-ice-tea-sabor-limao-lata-330ml","status":"publish","type":"product","link":"https:\/\/www.delicias-uk.com\/pt-pt\/produto\/lipton-ice-tea-sabor-limao-lata-330ml\/","title":{"rendered":"Lipton Ice Tea Lim\u00e3o Lata 330ml"},"content":{"rendered":"<p>Lipton Ice Tea Lim\u00e3o \u00e9 a companhia perfeita para criar mem\u00f3rias com amigos e fam\u00edlia! As folhas de ch\u00e1 utilizadas, bem como os lim\u00f5es amadurecidos ao sol criam o delicioso e refrescante sabor Lipton. Baixo em calorias, adequado para vegetarianos e vegans.<\/p>\n","protected":false},"excerpt":{"rendered":"<ul>\n<li>Ch\u00e1 com sabor a lim\u00e3o<\/li>\n<li>Lata de 330ml<\/li>\n<li>Adequado para vegetarianos e veganos<\/li>\n<\/ul>\n","protected":false},"author":43533,"featured_media":142478,"comment_status":"open","ping_status":"closed","template":"","meta":[],"pwb-brand":[],"product_brand":[],"product_cat":[8289,8291,8423,8553],"product_tag":[],"class_list":{"0":"post-214744","1":"product","2":"type-product","3":"status-publish","4":"has-post-thumbnail","6":"product_cat-inicio","7":"product_cat-produtos-portugueses","8":"product_cat-bebidas-pt-pt","9":"product_cat-cha-gelado","11":"first","12":"instock","13":"taxable","14":"shipping-taxable","15":"purchasable","16":"product-type-simple"},"aioseo_notices":[],"brands":[],"_links":{"self":[{"href":"https:\/\/www.delicias-uk.com\/pt-pt\/wp-json\/wp\/v2\/product\/214744","targetHints":{"allow":["GET"]}}],"collection":[{"href":"https:\/\/www.delicias-uk.com\/pt-pt\/wp-json\/wp\/v2\/product"}],"about":[{"href":"https:\/\/www.delicias-uk.com\/pt-pt\/wp-json\/wp\/v2\/types\/product"}],"author":[{"embeddable":true,"href":"https:\/\/www.delicias-uk.com\/pt-pt\/wp-json\/wp\/v2\/users\/43533"}],"replies":[{"embeddable":true,"href":"https:\/\/www.delicias-uk.com\/pt-pt\/wp-json\/wp\/v2\/comments?post=214744"}],"wp:featuredmedia":[{"embeddable":true,"href":"https:\/\/www.delicias-uk.com\/pt-pt\/wp-json\/wp\/v2\/media\/142478"}],"wp:attachment":[{"href":"https:\/\/www.delicias-uk.com\/pt-pt\/wp-json\/wp\/v2\/media?parent=214744"}],"wp:term":[{"taxonomy":"pwb-brand","embeddable":true,"href":"https:\/\/www.delicias-uk.com\/pt-pt\/wp-json\/wp\/v2\/pwb-brand?post=214744"},{"taxonomy":"product_brand","embeddable":true,"href":"https:\/\/www.delicias-uk.com\/pt-pt\/wp-json\/wp\/v2\/product_brand?post=214744"},{"taxonomy":"product_cat","embeddable":true,"href":"https:\/\/www.delicias-uk.com\/pt-pt\/wp-json\/wp\/v2\/product_cat?post=214744"},{"taxonomy":"product_tag","embeddable":true,"href":"https:\/\/www.delicias-uk.com\/pt-pt\/wp-json\/wp\/v2\/product_tag?post=214744"}],"curies":[{"name":"wp","href":"https:\/\/api.w.org\/{rel}","templated":true}]}}