{"id":214726,"date":"2022-02-14T13:51:32","date_gmt":"2022-02-14T13:51:32","guid":{"rendered":"https:\/\/www.delicias-uk.com\/product\/mistura-de-cereais-soluvel-brasa-200g\/"},"modified":"2026-04-15T08:46:55","modified_gmt":"2026-04-15T07:46:55","slug":"mistura-de-cereais-soluvel-brasa-200g","status":"publish","type":"product","link":"https:\/\/www.delicias-uk.com\/pt-pt\/produto\/mistura-de-cereais-soluvel-brasa-200g\/","title":{"rendered":"Mistura de Cereais Sol\u00favel Brasa 200g"},"content":{"rendered":"<p>A BRASA \u00e9 uma bebida de cereais feita sem caf\u00e9. Composta por cevada torrada, chic\u00f3ria e centeio \u00e9 uma bebida reconfortante ideal para saborear ao pequeno-almo\u00e7o ou ao longo do dia. Rico em fibra, sem gorduras nem a\u00e7\u00facares adicionados para al\u00e9m dos naturalmente presentes nos cereais BRASA, ajuda a manter um estilo de vida saud\u00e1vel. Pode ser preparado com leite ou \u00e1gua dependendo do seu gosto. Ingredientes 100% naturais.<\/p>\n<p><strong>Ingredientes<\/strong>: Cevada, chic\u00f3ria e centeio.<\/p>\n<p><strong>Alerg\u00e9nios<\/strong>: cont\u00e9m <strong>GL\u00daTEN<\/strong>.<\/p>\n<p><strong>Informa\u00e7\u00e3o nutricional por 100g:<\/strong><\/p>\n<ul style=\"list-style-type:disc;\">\n<li>Energia 1537 KJ \/ 362 Kcal<\/li>\n<li>Gorduras 0,2g<\/li>\n<li>dos quais saturados 0g<\/li>\n<li>Hidratos de carbono 79,8g<\/li>\n<li>dos quais a\u00e7\u00facares 4,0g<\/li>\n<li>Fibra 7,5g<\/li>\n<li>Prote\u00ednas 6,6g<\/li>\n<li>Sal 0,57g<\/li>\n<\/ul>\n<p><strong>Pa\u00eds de origem<\/strong>: Portugal<\/p><\/p>\n","protected":false},"excerpt":{"rendered":"<ul style=\"list-style-type:disc;\">\n<li>Peso l\u00edquido 200g<\/li>\n<li>Sem a\u00e7\u00facares adicionados<\/li>\n<li>Alternativa ao caf\u00e9<\/li>\n<\/ul>\n","protected":false},"author":43533,"featured_media":90322,"comment_status":"open","ping_status":"closed","template":"","meta":[],"pwb-brand":[],"product_brand":[],"product_cat":[8289,8291,8351,8453,8539],"product_tag":[],"class_list":{"0":"post-214726","1":"product","2":"type-product","3":"status-publish","4":"has-post-thumbnail","6":"product_cat-inicio","7":"product_cat-produtos-portugueses","8":"product_cat-cafe-cha-acucar","9":"product_cat-cafe","10":"product_cat-sem-lactose","12":"first","13":"instock","14":"featured","15":"taxable","16":"shipping-taxable","17":"purchasable","18":"product-type-simple"},"aioseo_notices":[],"brands":[],"_links":{"self":[{"href":"https:\/\/www.delicias-uk.com\/pt-pt\/wp-json\/wp\/v2\/product\/214726","targetHints":{"allow":["GET"]}}],"collection":[{"href":"https:\/\/www.delicias-uk.com\/pt-pt\/wp-json\/wp\/v2\/product"}],"about":[{"href":"https:\/\/www.delicias-uk.com\/pt-pt\/wp-json\/wp\/v2\/types\/product"}],"author":[{"embeddable":true,"href":"https:\/\/www.delicias-uk.com\/pt-pt\/wp-json\/wp\/v2\/users\/43533"}],"replies":[{"embeddable":true,"href":"https:\/\/www.delicias-uk.com\/pt-pt\/wp-json\/wp\/v2\/comments?post=214726"}],"wp:featuredmedia":[{"embeddable":true,"href":"https:\/\/www.delicias-uk.com\/pt-pt\/wp-json\/wp\/v2\/media\/90322"}],"wp:attachment":[{"href":"https:\/\/www.delicias-uk.com\/pt-pt\/wp-json\/wp\/v2\/media?parent=214726"}],"wp:term":[{"taxonomy":"pwb-brand","embeddable":true,"href":"https:\/\/www.delicias-uk.com\/pt-pt\/wp-json\/wp\/v2\/pwb-brand?post=214726"},{"taxonomy":"product_brand","embeddable":true,"href":"https:\/\/www.delicias-uk.com\/pt-pt\/wp-json\/wp\/v2\/product_brand?post=214726"},{"taxonomy":"product_cat","embeddable":true,"href":"https:\/\/www.delicias-uk.com\/pt-pt\/wp-json\/wp\/v2\/product_cat?post=214726"},{"taxonomy":"product_tag","embeddable":true,"href":"https:\/\/www.delicias-uk.com\/pt-pt\/wp-json\/wp\/v2\/product_tag?post=214726"}],"curies":[{"name":"wp","href":"https:\/\/api.w.org\/{rel}","templated":true}]}}