{"id":214724,"date":"2022-02-14T13:50:29","date_gmt":"2022-02-14T13:50:29","guid":{"rendered":"https:\/\/www.delicias-uk.com\/product\/mistura-de-cereais-soluvel-nestle-bolero-200g\/"},"modified":"2026-04-15T08:46:55","modified_gmt":"2026-04-15T07:46:55","slug":"mistura-de-cereais-soluvel-nestle-bolero-200g","status":"publish","type":"product","link":"https:\/\/www.delicias-uk.com\/pt-pt\/produto\/mistura-de-cereais-soluvel-nestle-bolero-200g\/","title":{"rendered":"Mistura de Cereais Sol\u00favel Nestl\u00e9 Bolero 200g"},"content":{"rendered":"<p>BOLERO \u00e9 uma bebida de cereais sem caf\u00e9 que combina uma variedade de cereais com uma fibra derivada naturalmente da chic\u00f3ria: a inulina. BOLERO tem 25% de fibra, n\u00e3o cont\u00e9m gorduras nem a\u00e7\u00facares adicionados &#8211; apenas os naturalmente presentes nos cereais &#8211; contribuindo para um estilo de vida saud\u00e1vel. \u00c9 uma op\u00e7\u00e3o equilibrada para saborear ao pequeno-almo\u00e7o ou ao longo do dia. Pode ser preparado com leite ou \u00e1gua conforme o seu gosto. Ingredientes 100% naturais.<\/p>\n<p><strong>Ingredientes<\/strong>: CEVADA, CEVADA maltada, chic\u00f3ria, inulina, CENTEIO e regulador de acidez (E525).<\/p>\n<p><strong>Alerg\u00e9nios<\/strong>: cont\u00e9m <strong>CEVADA<\/strong> e <strong>CENTEIO (GL\u00daTEN).<\/strong><\/p>\n<p><strong>Informa\u00e7\u00e3o nutricional por 100g:<\/strong><\/p>\n<ul style=\"list-style-type:disc;\">\n<li>Energia 1413 KJ \/ 335 Kcal<\/li>\n<li>Gorduras 0,2g<\/li>\n<li>dos quais saturados 0,1g<\/li>\n<li>Hidratos de carbono 68,0g<\/li>\n<li>dos quais a\u00e7\u00facares 5,0g<\/li>\n<li>Fibra 21,0g<\/li>\n<li>Prote\u00ednas 4,8g<\/li>\n<li>Sal 0,2g<\/li>\n<\/ul>\n<p><strong>Pa\u00eds de origem<\/strong>: Portugal.<\/p>\n","protected":false},"excerpt":{"rendered":"<ul style=\"list-style-type:disc;\">\n<li>Peso l\u00edquido 200g<\/li>\n<li>Feito com ingredientes 100% naturais<\/li>\n<li>Sem a\u00e7\u00facares adicionados<\/li>\n<\/ul>\n","protected":false},"author":43533,"featured_media":90316,"comment_status":"open","ping_status":"closed","template":"","meta":[],"pwb-brand":[],"product_brand":[],"product_cat":[8289,8291,8351,8453,8539],"product_tag":[],"class_list":{"0":"post-214724","1":"product","2":"type-product","3":"status-publish","4":"has-post-thumbnail","6":"product_cat-inicio","7":"product_cat-produtos-portugueses","8":"product_cat-cafe-cha-acucar","9":"product_cat-cafe","10":"product_cat-sem-lactose","12":"first","13":"instock","14":"taxable","15":"shipping-taxable","16":"purchasable","17":"product-type-simple"},"aioseo_notices":[],"brands":[],"_links":{"self":[{"href":"https:\/\/www.delicias-uk.com\/pt-pt\/wp-json\/wp\/v2\/product\/214724","targetHints":{"allow":["GET"]}}],"collection":[{"href":"https:\/\/www.delicias-uk.com\/pt-pt\/wp-json\/wp\/v2\/product"}],"about":[{"href":"https:\/\/www.delicias-uk.com\/pt-pt\/wp-json\/wp\/v2\/types\/product"}],"author":[{"embeddable":true,"href":"https:\/\/www.delicias-uk.com\/pt-pt\/wp-json\/wp\/v2\/users\/43533"}],"replies":[{"embeddable":true,"href":"https:\/\/www.delicias-uk.com\/pt-pt\/wp-json\/wp\/v2\/comments?post=214724"}],"wp:featuredmedia":[{"embeddable":true,"href":"https:\/\/www.delicias-uk.com\/pt-pt\/wp-json\/wp\/v2\/media\/90316"}],"wp:attachment":[{"href":"https:\/\/www.delicias-uk.com\/pt-pt\/wp-json\/wp\/v2\/media?parent=214724"}],"wp:term":[{"taxonomy":"pwb-brand","embeddable":true,"href":"https:\/\/www.delicias-uk.com\/pt-pt\/wp-json\/wp\/v2\/pwb-brand?post=214724"},{"taxonomy":"product_brand","embeddable":true,"href":"https:\/\/www.delicias-uk.com\/pt-pt\/wp-json\/wp\/v2\/product_brand?post=214724"},{"taxonomy":"product_cat","embeddable":true,"href":"https:\/\/www.delicias-uk.com\/pt-pt\/wp-json\/wp\/v2\/product_cat?post=214724"},{"taxonomy":"product_tag","embeddable":true,"href":"https:\/\/www.delicias-uk.com\/pt-pt\/wp-json\/wp\/v2\/product_tag?post=214724"}],"curies":[{"name":"wp","href":"https:\/\/api.w.org\/{rel}","templated":true}]}}